{"id":6507,"date":"2016-03-09T05:41:44","date_gmt":"2016-03-09T05:41:44","guid":{"rendered":"https:\/\/pestgate.com\/index.php\/about\/"},"modified":"2020-09-09T22:50:10","modified_gmt":"2020-09-10T01:50:10","slug":"about","status":"publish","type":"page","link":"https:\/\/pestgate.com\/es\/about\/","title":{"rendered":"Nosotros"},"content":{"rendered":"<div class=\"wpb-content-wrapper\"><p>[vc_row el_class=&#8221;about-features inner-top-md inner-bottom-sm&#8221;][vc_column width=&#8221;1\/3&#8243; css=&#8221;.vc_custom_1457518924264{margin-bottom: 0px !important;}&#8221;][vc_single_image image=&#8221;5289&#8243; img_size=&#8221;large&#8221; alignment=&#8221;center&#8221; css_animation=&#8221;fadeInDown&#8221;][vc_column_text css=&#8221;.vc_custom_1599702559894{margin-bottom: 30px !important;}&#8221;]<\/p>\n<h2>\u00bfQu\u00e9 hacemos realmente?<\/h2>\n<p>Nuestra empresa est\u00e1 especialmente orientada a ofrecer productos que permitan una mejor calidad de vida mediante el uso de las tecnolog\u00edas m\u00e1s avanzadas y sin descuidar el medio ambiente.[\/vc_column_text][\/vc_column][vc_column width=&#8221;1\/3&#8243; css=&#8221;.vc_custom_1457518934943{margin-bottom: 0px !important;}&#8221;][vc_single_image image=&#8221;5287&#8243; img_size=&#8221;large&#8221; alignment=&#8221;center&#8221; css_animation=&#8221;fadeInDown&#8221;][vc_column_text css=&#8221;.vc_custom_1599702585616{margin-bottom: 30px !important;}&#8221;]<\/p>\n<h2>Nuestra visi\u00f3n<\/h2>\n<p>Somos una empresa con el objetivo de ofrecer soluciones para el control de plagas utilizando nuevas tecnolog\u00edas amigables con el medio ambiente que permitan una mejor calidad de vida y la protecci\u00f3n de su familia de aquellas enfermedades transmitidas por insectos.[\/vc_column_text][\/vc_column][vc_column width=&#8221;1\/3&#8243; css=&#8221;.vc_custom_1457518945335{margin-bottom: 0px !important;}&#8221;][vc_single_image image=&#8221;5288&#8243; img_size=&#8221;large&#8221; alignment=&#8221;center&#8221; css_animation=&#8221;fadeInDown&#8221;][vc_column_text css=&#8221;.vc_custom_1599702607542{margin-bottom: 30px !important;}&#8221;]<\/p>\n<h2>Nuestra garant\u00eda<\/h2>\n<p>Nuestros productos cuentan con todos los requisitos de seguridad requeridos por los organismos correspondientes y son totalmente inofensivos para la salud humana y animales.[\/vc_column_text][\/vc_column][\/vc_row]<\/p>\n<\/div>","protected":false},"excerpt":{"rendered":"<p>[vc_row el_class=&#8221;about-features inner-top-md inner-bottom-sm&#8221;][vc_column width=&#8221;1\/3&#8243; css=&#8221;.vc_custom_1457518924264{margin-bottom: 0px !important;}&#8221;][vc_single_image image=&#8221;5289&#8243; img_size=&#8221;large&#8221; alignment=&#8221;center&#8221; css_animation=&#8221;fadeInDown&#8221;][vc_column_text css=&#8221;.vc_custom_1599702559894{margin-bottom: 30px !important;}&#8221;] \u00bfQu\u00e9 hacemos realmente? Nuestra empresa est\u00e1 especialmente orientada a ofrecer productos que permitan una mejor<\/p>\n","protected":false},"author":1,"featured_media":6508,"parent":0,"menu_order":0,"comment_status":"closed","ping_status":"closed","template":"","meta":{"footnotes":""},"class_list":["post-6507","page","type-page","status-publish","has-post-thumbnail","hentry"],"_links":{"self":[{"href":"https:\/\/pestgate.com\/es\/wp-json\/wp\/v2\/pages\/6507","targetHints":{"allow":["GET"]}}],"collection":[{"href":"https:\/\/pestgate.com\/es\/wp-json\/wp\/v2\/pages"}],"about":[{"href":"https:\/\/pestgate.com\/es\/wp-json\/wp\/v2\/types\/page"}],"author":[{"embeddable":true,"href":"https:\/\/pestgate.com\/es\/wp-json\/wp\/v2\/users\/1"}],"replies":[{"embeddable":true,"href":"https:\/\/pestgate.com\/es\/wp-json\/wp\/v2\/comments?post=6507"}],"version-history":[{"count":5,"href":"https:\/\/pestgate.com\/es\/wp-json\/wp\/v2\/pages\/6507\/revisions"}],"predecessor-version":[{"id":6513,"href":"https:\/\/pestgate.com\/es\/wp-json\/wp\/v2\/pages\/6507\/revisions\/6513"}],"wp:featuredmedia":[{"embeddable":true,"href":"https:\/\/pestgate.com\/es\/wp-json\/wp\/v2\/media\/6508"}],"wp:attachment":[{"href":"https:\/\/pestgate.com\/es\/wp-json\/wp\/v2\/media?parent=6507"}],"curies":[{"name":"wp","href":"https:\/\/api.w.org\/{rel}","templated":true}]}}