{"id":6528,"date":"2020-09-09T22:56:20","date_gmt":"2020-09-10T01:56:20","guid":{"rendered":"https:\/\/pestgate.com\/?page_id=6528"},"modified":"2020-09-11T00:15:21","modified_gmt":"2020-09-11T03:15:21","slug":"contacto","status":"publish","type":"page","link":"https:\/\/pestgate.com\/es\/contacto\/","title":{"rendered":"Contacto"},"content":{"rendered":"<div class=\"wpb-content-wrapper\"><p>[vc_row css=&#8221;.vc_custom_1457506356430{padding-top: 25px !important;}&#8221;][vc_column width=&#8221;1\/2&#8243;][vc_column_text css=&#8221;.vc_custom_1599792712731{margin-bottom: 60px !important;}&#8221;]<\/p>\n<h2 class=\"contact-page-title\">D\u00e9janos un mensaje<\/h2>\n<p>Cont\u00e1ctanos, puedes hacerlo por tel\u00e9fono o mail. Tu consulta no molesta. Responderemos lo antes posible.[\/vc_column_text]<div class=\"wpforms-container wpforms-container-full\" id=\"wpforms-6593\"><form id=\"wpforms-form-6593\" class=\"wpforms-validate wpforms-form wpforms-ajax-form\" data-formid=\"6593\" method=\"post\" enctype=\"multipart\/form-data\" action=\"\/es\/wp-json\/wp\/v2\/pages\/6528\" data-token=\"4dd4cfc0a1b5b8eb90cf04edf4b9963b\" data-token-time=\"1776357169\"><noscript class=\"wpforms-error-noscript\">Por favor, activa JavaScript en tu navegador para completar este formulario.<\/noscript><div class=\"wpforms-field-container\"><div id=\"wpforms-6593-field_0-container\" class=\"wpforms-field wpforms-field-name\" data-field-id=\"0\"><label class=\"wpforms-field-label\" for=\"wpforms-6593-field_0\">Nombre <span class=\"wpforms-required-label\">*<\/span><\/label><input type=\"text\" id=\"wpforms-6593-field_0\" class=\"wpforms-field-medium wpforms-field-required\" name=\"wpforms[fields][0]\" required><\/div><div id=\"wpforms-6593-field_1-container\" class=\"wpforms-field wpforms-field-email\" data-field-id=\"1\"><label class=\"wpforms-field-label\" for=\"wpforms-6593-field_1\">Email <span class=\"wpforms-required-label\">*<\/span><\/label><input type=\"email\" id=\"wpforms-6593-field_1\" class=\"wpforms-field-medium wpforms-field-required\" name=\"wpforms[fields][1]\" spellcheck=\"false\" required><\/div><div id=\"wpforms-6593-field_2-container\" class=\"wpforms-field wpforms-field-textarea\" data-field-id=\"2\"><label class=\"wpforms-field-label\" for=\"wpforms-6593-field_2\">Mensaje <span class=\"wpforms-required-label\">*<\/span><\/label><textarea id=\"wpforms-6593-field_2\" class=\"wpforms-field-medium wpforms-field-required\" name=\"wpforms[fields][2]\" required><\/textarea><\/div><\/div><!-- .wpforms-field-container --><div class=\"wpforms-submit-container\" ><input type=\"hidden\" name=\"wpforms[id]\" value=\"6593\"><input type=\"hidden\" name=\"page_title\" value=\"\"><input type=\"hidden\" name=\"page_url\" value=\"https:\/\/pestgate.com\/es\/wp-json\/wp\/v2\/pages\/6528\"><input type=\"hidden\" name=\"url_referer\" value=\"https:\/\/pestgate.com\/es\/contacto\/\"><button type=\"submit\" name=\"wpforms[submit]\" id=\"wpforms-submit-6593\" class=\"wpforms-submit\" data-alt-text=\"Enviando...\" data-submit-text=\"Enviar\" aria-live=\"assertive\" value=\"wpforms-submit\">Enviar<\/button><img decoding=\"async\" src=\"https:\/\/pestgate.com\/wp-content\/plugins\/wpforms-lite\/assets\/images\/submit-spin.svg\" class=\"wpforms-submit-spinner\" style=\"display: none;\" width=\"26\" height=\"26\" alt=\"Cargando\"><br\/><br\/>\t\t<div id=\"cf-turnstile-wpf-870797499\"\r\n\t\tclass=\"cf-turnstile\" \t\tdata-sitekey=\"0x4AAAAAACwVqZAI1y7gyRGM\"\r\n\t\tdata-theme=\"light\"\r\n\t\tdata-language=\"auto\"\r\n\t\tdata-size=\"normal\"\r\n\t\tdata-retry=\"auto\" data-retry-interval=\"1000\"\r\n\t\tdata-refresh-expired=\"auto\"\r\n\t\tdata-action=\"wpforms-6593\"\r\n\t\t\t\tdata-appearance=\"always\"><\/div>\r\n\t\t\t<script>document.addEventListener(\"DOMContentLoaded\", function() { setTimeout(function(){ var e=document.getElementById(\"cf-turnstile-wpf-870797499\"); e&&!e.innerHTML.trim()&&(turnstile.remove(\"#cf-turnstile-wpf-870797499\"), turnstile.render(\"#cf-turnstile-wpf-870797499\", {sitekey:\"0x4AAAAAACwVqZAI1y7gyRGM\"})); }, 100); });<\/script>\r\n\t\t\t<br class=\"cf-turnstile-br cf-turnstile-br-wpf-870797499\">\r\n\t\t\t\t<style>#cf-turnstile-wpf-870797499 { margin-left: -15px; }<\/style>\r\n\t\t<\/div><\/form><\/div>  <!-- .wpforms-container -->[\/vc_column][vc_column width=&#8221;1\/2&#8243; el_class=&#8221;store-info store-info-v2&#8243;][vc_gmaps link=&#8221;#E-8_JTNDaWZyYW1lJTIwc3JjJTNEJTIyaHR0cHMlM0ElMkYlMkZ3d3cuZ29vZ2xlLmNvbSUyRm1hcHMlMkZlbWJlZCUzRnBiJTNEJTIxMW0xOCUyMTFtMTIlMjExbTMlMjExZDY0NTAxLjY4NTMzNTE3ODE5JTIxMmQtODAuMzY2ODQ2MzU2NjQ5MzUlMjEzZDI1LjgxOTA3ODE2Nzg0NzAyJTIxMm0zJTIxMWYwJTIxMmYwJTIxM2YwJTIxM20yJTIxMWkxMDI0JTIxMmk3NjglMjE0ZjEzLjElMjEzbTMlMjExbTIlMjExczB4ODhkOWJiYzhmNzgwOTIxNSUyNTNBMHhlMWVjNGI0MzU0NmFlZGFmJTIxMnM4MjE3JTI1MjBOVyUyNTIwNjZ0aCUyNTIwU3QlMjUyQyUyNTIwTWlhbWklMjUyQyUyNTIwRkwlMjUyMDMzMTY2JTI1MkMlMjUyMEVFLiUyNTIwVVUuJTIxNWUwJTIxM20yJTIxMXNlcyUyMTJzYXIlMjE0djE1OTkyNDU4MDA5ODIlMjE1bTIlMjExc2VzJTIxMnNhciUyMiUyMHdpZHRoJTNEJTIyNjAwJTIyJTIwaGVpZ2h0JTNEJTIyNDUwJTIyJTIwc3R5bGUlM0QlMjJib3JkZXIlM0EwJTIyJTIwYWxsb3dmdWxsc2NyZWVuJTNFJTNDJTJGaWZyYW1lJTNF&#8221; size=&#8221;288px&#8221; el_class=&#8221;inner-left-xs&#8221; css=&#8221;.vc_custom_1599245846103{margin-bottom: 45px !important;}&#8221;][vc_column_text el_class=&#8221;inner-left-xs&#8221;]<\/p>\n<h2 class=\"contact-page-title\">Nuestra direcci\u00f3n<\/h2>\n<p>8217 NW 66th st<br \/>\nMiami FL 33166<br \/>\nEmail: <a href=\"mailto:contact@yourstore.com\">info@pestgate.com<\/a><\/p>\n<h3>Horarios<\/h3>\n<p>Monday to Friday: 9am-9pm<br \/>\nSaturday to Sunday: 9am-11pm[\/vc_column_text][\/vc_column][\/vc_row]<\/p>\n<\/div>","protected":false},"excerpt":{"rendered":"<p>[vc_row css=&#8221;.vc_custom_1457506356430{padding-top: 25px !important;}&#8221;][vc_column width=&#8221;1\/2&#8243;][vc_column_text css=&#8221;.vc_custom_1599792712731{margin-bottom: 60px !important;}&#8221;] D\u00e9janos un mensaje Cont\u00e1ctanos, puedes hacerlo por tel\u00e9fono o mail. Tu consulta no molesta. Responderemos lo antes posible.[\/vc_column_text][\/vc_column][vc_column width=&#8221;1\/2&#8243; el_class=&#8221;store-info store-info-v2&#8243;][vc_gmaps link=&#8221;#E-8_JTNDaWZyYW1lJTIwc3JjJTNEJTIyaHR0cHMlM0ElMkYlMkZ3d3cuZ29vZ2xlLmNvbSUyRm1hcHMlMkZlbWJlZCUzRnBiJTNEJTIxMW0xOCUyMTFtMTIlMjExbTMlMjExZDY0NTAxLjY4NTMzNTE3ODE5JTIxMmQtODAuMzY2ODQ2MzU2NjQ5MzUlMjEzZDI1LjgxOTA3ODE2Nzg0NzAyJTIxMm0zJTIxMWYwJTIxMmYwJTIxM2YwJTIxM20yJTIxMWkxMDI0JTIxMmk3NjglMjE0ZjEzLjElMjEzbTMlMjExbTIlMjExczB4ODhkOWJiYzhmNzgwOTIxNSUyNTNBMHhlMWVjNGI0MzU0NmFlZGFmJTIxMnM4MjE3JTI1MjBOVyUyNTIwNjZ0aCUyNTIwU3QlMjUyQyUyNTIwTWlhbWklMjUyQyUyNTIwRkwlMjUyMDMzMTY2JTI1MkMlMjUyMEVFLiUyNTIwVVUuJTIxNWUwJTIxM20yJTIxMXNlcyUyMTJzYXIlMjE0djE1OTkyNDU4MDA5ODIlMjE1bTIlMjExc2VzJTIxMnNhciUyMiUyMHdpZHRoJTNEJTIyNjAwJTIyJTIwaGVpZ2h0JTNEJTIyNDUwJTIyJTIwc3R5bGUlM0QlMjJib3JkZXIlM0EwJTIyJTIwYWxsb3dmdWxsc2NyZWVuJTNFJTNDJTJGaWZyYW1lJTNF&#8221;<\/p>\n","protected":false},"author":1,"featured_media":0,"parent":0,"menu_order":0,"comment_status":"closed","ping_status":"closed","template":"","meta":{"footnotes":""},"class_list":["post-6528","page","type-page","status-publish","hentry"],"_links":{"self":[{"href":"https:\/\/pestgate.com\/es\/wp-json\/wp\/v2\/pages\/6528","targetHints":{"allow":["GET"]}}],"collection":[{"href":"https:\/\/pestgate.com\/es\/wp-json\/wp\/v2\/pages"}],"about":[{"href":"https:\/\/pestgate.com\/es\/wp-json\/wp\/v2\/types\/page"}],"author":[{"embeddable":true,"href":"https:\/\/pestgate.com\/es\/wp-json\/wp\/v2\/users\/1"}],"replies":[{"embeddable":true,"href":"https:\/\/pestgate.com\/es\/wp-json\/wp\/v2\/comments?post=6528"}],"version-history":[{"count":5,"href":"https:\/\/pestgate.com\/es\/wp-json\/wp\/v2\/pages\/6528\/revisions"}],"predecessor-version":[{"id":6595,"href":"https:\/\/pestgate.com\/es\/wp-json\/wp\/v2\/pages\/6528\/revisions\/6595"}],"wp:attachment":[{"href":"https:\/\/pestgate.com\/es\/wp-json\/wp\/v2\/media?parent=6528"}],"curies":[{"name":"wp","href":"https:\/\/api.w.org\/{rel}","templated":true}]}}