{"id":6578,"date":"2020-09-10T23:38:20","date_gmt":"2020-09-11T02:38:20","guid":{"rendered":"https:\/\/pestgate.com\/?page_id=6578"},"modified":"2020-09-10T23:38:20","modified_gmt":"2020-09-11T02:38:20","slug":"como-usar-nuestros-productos","status":"publish","type":"page","link":"https:\/\/pestgate.com\/es\/como-usar-nuestros-productos\/","title":{"rendered":"C\u00f3mo usar nuestros productos"},"content":{"rendered":"<p>Los ratones est\u00e1n muy extendidos por todo el Reino Unido y suelen ser m\u00e1s problem\u00e1ticos en oto\u00f1o y principios del invierno que en otras \u00e9pocas del a\u00f1o.<\/p>\n<p>La raz\u00f3n por la que hay m\u00e1s problemas en oto\u00f1o es que los ratones de campo tienden a buscar lugares para pasar el invierno, por lo que las propiedades rurales sufrir\u00e1n m\u00e1s problemas en esta \u00e9poca del a\u00f1o a medida que los ratones de campo convergen en las propiedades para obtener protecci\u00f3n durante el invierno.<\/p>\n<p>En muchos casos, los ratones de campo han comido suficiente comida durante el verano como para pasar el invierno en un techo vac\u00edo sin necesidad de alimentarse. Esto puede ser un problema ya que los ratones no se sienten atra\u00eddos f\u00e1cilmente por el veneno para ratones y pueden ser dif\u00edciles de controlar, ya que incluso las trampas dependen del atrayente de alimentos para atrapar a los ratones. Uno de los venenos para ratones m\u00e1s sabrosos del mercado es Roban Sachets. Este veneno es el trigo cortado, que es muy atractivo para los ratones, incluso los ratones de campo que hibernan.<\/p>\n<p>El rat\u00f3n dom\u00e9stico com\u00fan est\u00e1 presente en \u00e1reas urbanizadas durante todo el a\u00f1o, pero incluso este rat\u00f3n parece convertirse en un problema mayor en los meses de oto\u00f1o e invierno.<\/p>\n","protected":false},"excerpt":{"rendered":"<p>Los ratones est\u00e1n muy extendidos por todo el Reino Unido y suelen ser m\u00e1s problem\u00e1ticos en oto\u00f1o y principios del invierno que en otras \u00e9pocas del a\u00f1o. La raz\u00f3n por<\/p>\n","protected":false},"author":1,"featured_media":0,"parent":0,"menu_order":0,"comment_status":"closed","ping_status":"closed","template":"","meta":{"footnotes":""},"class_list":["post-6578","page","type-page","status-publish","hentry"],"_links":{"self":[{"href":"https:\/\/pestgate.com\/es\/wp-json\/wp\/v2\/pages\/6578","targetHints":{"allow":["GET"]}}],"collection":[{"href":"https:\/\/pestgate.com\/es\/wp-json\/wp\/v2\/pages"}],"about":[{"href":"https:\/\/pestgate.com\/es\/wp-json\/wp\/v2\/types\/page"}],"author":[{"embeddable":true,"href":"https:\/\/pestgate.com\/es\/wp-json\/wp\/v2\/users\/1"}],"replies":[{"embeddable":true,"href":"https:\/\/pestgate.com\/es\/wp-json\/wp\/v2\/comments?post=6578"}],"version-history":[{"count":1,"href":"https:\/\/pestgate.com\/es\/wp-json\/wp\/v2\/pages\/6578\/revisions"}],"predecessor-version":[{"id":6579,"href":"https:\/\/pestgate.com\/es\/wp-json\/wp\/v2\/pages\/6578\/revisions\/6579"}],"wp:attachment":[{"href":"https:\/\/pestgate.com\/es\/wp-json\/wp\/v2\/media?parent=6578"}],"curies":[{"name":"wp","href":"https:\/\/api.w.org\/{rel}","templated":true}]}}