{"id":6371,"date":"2020-07-20T22:49:36","date_gmt":"2020-07-21T01:49:36","guid":{"rendered":"https:\/\/pestgate.com\/index.php\/product\/trampa-electronica-para-moscas\/"},"modified":"2020-09-09T23:38:10","modified_gmt":"2020-09-10T02:38:10","slug":"trampa-para-pulgas-electronica","status":"publish","type":"product","link":"https:\/\/pestgate.com\/es\/producto\/trampa-para-pulgas-electronica\/","title":{"rendered":"Trampa electr\u00f3nica para pulgas"},"content":{"rendered":"<p>Trampa electr\u00f3nica para pulgas<br \/>\nLa trampa para pulgas electr\u00f3nica es la soluci\u00f3n de pulgas f\u00e1cil y segura para su hogar. Documentado para funcionar mejor que cualquier otra trampa, atrae, atrapa y elimina las pulgas de su piso, alfombras y muebles.<\/p>\n<p>Es un dispositivo el\u00e9ctrico moderno port\u00e1til y autosuficiente que funciona durante la noche para limpiar su casa de PULGAS.<\/p>\n<p>Esta trampa de pulgas monitorea y controla las infestaciones de pulgas.<\/p>\n<p>NO venenoso y 100% seguro para su familia y mascotas.<\/p>\n<p>Dise\u00f1ado para uso en interiores o en \u00e1reas semicerradas y cubiertas.<\/p>\n<p>Libre de qu\u00edmicos y ecol\u00f3gico.<\/p>\n<p>La trampa para pulgas electr\u00f3nica utiliza una luz LED blanca, c\u00e1lida y con frecuencia especifica que atrae la mayor\u00eda de los tipos de pulga y ciertos insectos sensibles a la luz como polillas, hormigas, etc. Una vez atra\u00eddos, la trampa utiliza unas placas pegamentosas para atrapar a los insectos que finalmente mueren por falta de alimentaci\u00f3n y deshidratacion.<\/p>\n<p>Especificaciones<br \/>\n\u00c1rea de cobertura 12 metros cuadrados<br \/>\nOperaci\u00f3n: 5 voltios con puerto USB y transformador incluido<br \/>\nDuraci\u00f3n aproximada del LED 120.000 hs.<br \/>\nSolo uso en interiores<br \/>\nSeguro y no agresivo para animales como perros y gatos<br \/>\nServicio al cliente incre\u00edble \u00a1Nos preocupa su \u00e9xito con el repelente, y queremos utilizar nuestra experiencia de m\u00e1s de 10 a\u00f1os en el negocio de control electr\u00f3nico de plagas para resolver su problema! Cuando nos compra, no solo obtiene nuestro producto garantizado, sino que tambi\u00e9n obtiene acceso a nuestro sistema de soporte que se preocupa por sus resultados. Nos comprometemos a brindarle nuestra ayuda y conocimientos sobre c\u00f3mo proceder cuando exista un problema de control de pulgas m\u00e1s dif\u00edcil de lo normal.<\/p>\n","protected":false},"excerpt":{"rendered":"<p>Trampa electr\u00f3nica para pulgas La trampa para pulgas electr\u00f3nica es la soluci\u00f3n de pulgas f\u00e1cil y segura para su hogar. Documentado para funcionar mejor que cualquier otra trampa, atrae, atrapa<\/p>\n","protected":false},"featured_media":6372,"template":"","meta":[],"product_brand":[],"product_cat":[314],"product_tag":[],"class_list":{"0":"post-6371","1":"product","2":"type-product","3":"status-publish","4":"has-post-thumbnail","6":"product_cat-mata-insectos","8":"first","9":"instock","10":"shipping-taxable","11":"purchasable","12":"product-type-simple"},"_links":{"self":[{"href":"https:\/\/pestgate.com\/es\/wp-json\/wp\/v2\/product\/6371","targetHints":{"allow":["GET"]}}],"collection":[{"href":"https:\/\/pestgate.com\/es\/wp-json\/wp\/v2\/product"}],"about":[{"href":"https:\/\/pestgate.com\/es\/wp-json\/wp\/v2\/types\/product"}],"wp:featuredmedia":[{"embeddable":true,"href":"https:\/\/pestgate.com\/es\/wp-json\/wp\/v2\/media\/6372"}],"wp:attachment":[{"href":"https:\/\/pestgate.com\/es\/wp-json\/wp\/v2\/media?parent=6371"}],"wp:term":[{"taxonomy":"product_brand","embeddable":true,"href":"https:\/\/pestgate.com\/es\/wp-json\/wp\/v2\/product_brand?post=6371"},{"taxonomy":"product_cat","embeddable":true,"href":"https:\/\/pestgate.com\/es\/wp-json\/wp\/v2\/product_cat?post=6371"},{"taxonomy":"product_tag","embeddable":true,"href":"https:\/\/pestgate.com\/es\/wp-json\/wp\/v2\/product_tag?post=6371"}],"curies":[{"name":"wp","href":"https:\/\/api.w.org\/{rel}","templated":true}]}}