{"id":6379,"date":"2020-07-20T22:49:06","date_gmt":"2020-07-21T01:49:06","guid":{"rendered":"https:\/\/pestgate.com\/index.php\/product\/repelente-de-pajaros-holografico\/"},"modified":"2020-09-11T00:27:16","modified_gmt":"2020-09-11T03:27:16","slug":"repelente-de-pajaros-holografico","status":"publish","type":"product","link":"https:\/\/pestgate.com\/es\/producto\/repelente-de-pajaros-holografico\/","title":{"rendered":"Repelente de p\u00e1jaros hologr\u00e1fico"},"content":{"rendered":"<h4>REPELENTE DE AVES HOLOGRAFICO<\/h4>\n<p>Presentaci\u00f3n: <span style=\"color: #ff0000;\">PACK 3 unidades<\/span><br \/>\nMedidas 2,5 cm x 100 metros por unidad<\/p>\n<p><span style=\"color: #000000;\">DESCRIPCI\u00d3N DEL REPELENTE DE AVES HOLOGRAFICO<\/span><\/p>\n<p>* PRODUCTO EFECTIVO DE CONTROL DE AVES: la cinta parpadea para reflejar la luz del sol que acompa\u00f1a el sonido crepitante en la brisa para disuadir a las aves y ayudar a las aves a alejarse del \u00e1rea.<\/p>\n<p>* F\u00c1CIL DE INSTALAR: la cinta repelente de p\u00e1jaros es f\u00e1cil de configurar. Simplemente corte el largo deseado y cu\u00e9lguelo en un \u00e1rbol, cerca, etc.<\/p>\n<p>AMIGABLE DE LA VIDA SILVESTRE: su cinta no t\u00f3xica refleja la luz y crea un sonido para asustar a las aves; nunca da\u00f1ar\u00e1 a ning\u00fan animal de ninguna manera. Rel\u00e1jese y disfrute de la tranquilidad, su problema con las aves ha sido resuelto.<\/p>\n<p>ALTA CALIDAD: Hecho con material de alta calidad, grueso y ultra duradero, para garantizar su durabilidad y efectividad durante toda la vida.<\/p>\n<p>APLICACI\u00d3N AMPLIA: la cinta repelente de aves es conocida por su capacidad para repeler palomas (entre otras aves) y se usa ampliamente en la agricultura por esta raz\u00f3n.<\/p>\n<p>Amplio stock y asesoramiento en productos para el control de plagas.<\/p>\n<p><strong>Servicio al cliente incre\u00edble<\/strong>\u00a0\u00a1Nos preocupa su \u00e9xito con el\u00a0 repelente, y queremos utilizar nuestra experiencia de m\u00e1s de 10 a\u00f1os en el negocio de control electr\u00f3nico de plagas para resolver su problema! Cuando nos compra, no solo obtiene nuestro producto garantizado, sino que tambi\u00e9n obtiene acceso a nuestro sistema de soporte\u00a0 \u00a0que se preocupa por sus resultados. Nos comprometemos a brindarle nuestra ayuda y conocimientos sobre c\u00f3mo proceder cuando exista un problema de control de aves m\u00e1s dif\u00edcil de lo normal.<\/p>\n<h4><a href=\"https:\/\/todoparaplagas.com.ar\/contacto\/\">Contacto click aqui<\/a><\/h4>\n<h4>Art\u00edculos sobre enfermedades transmitidas por plagas.<\/h4>\n<h4><a href=\"https:\/\/www.isglobal.org\/es\/publication\/-\/asset_publisher\/ljGAMKTwu9m4\/content\/sospechosos-habituales-6-vectores-minusculos-que-representan-una-amenaza-mayuscula?gclid=EAIaIQobChMIl-aXkcWs4gIVjYKRCh2YUATVEAAYASAAEgIFAPD_BwE\">Articulo 1<\/a><\/h4>\n<h4><a href=\"https:\/\/es.wikipedia.org\/wiki\/Rattus\">Articulos 2<\/a><\/h4>\n","protected":false},"excerpt":{"rendered":"<p>REPELENTE DE AVES HOLOGRAFICO Presentaci\u00f3n: PACK 3 unidades Medidas 2,5 cm x 100 metros por unidad DESCRIPCI\u00d3N DEL REPELENTE DE AVES HOLOGRAFICO * PRODUCTO EFECTIVO DE CONTROL DE AVES: la<\/p>\n","protected":false},"featured_media":6380,"template":"","meta":[],"product_brand":[],"product_cat":[308],"product_tag":[],"class_list":{"0":"post-6379","1":"product","2":"type-product","3":"status-publish","4":"has-post-thumbnail","6":"product_cat-todo-para-el-agro","8":"first","9":"instock","10":"shipping-taxable","11":"purchasable","12":"product-type-simple"},"_links":{"self":[{"href":"https:\/\/pestgate.com\/es\/wp-json\/wp\/v2\/product\/6379","targetHints":{"allow":["GET"]}}],"collection":[{"href":"https:\/\/pestgate.com\/es\/wp-json\/wp\/v2\/product"}],"about":[{"href":"https:\/\/pestgate.com\/es\/wp-json\/wp\/v2\/types\/product"}],"wp:featuredmedia":[{"embeddable":true,"href":"https:\/\/pestgate.com\/es\/wp-json\/wp\/v2\/media\/6380"}],"wp:attachment":[{"href":"https:\/\/pestgate.com\/es\/wp-json\/wp\/v2\/media?parent=6379"}],"wp:term":[{"taxonomy":"product_brand","embeddable":true,"href":"https:\/\/pestgate.com\/es\/wp-json\/wp\/v2\/product_brand?post=6379"},{"taxonomy":"product_cat","embeddable":true,"href":"https:\/\/pestgate.com\/es\/wp-json\/wp\/v2\/product_cat?post=6379"},{"taxonomy":"product_tag","embeddable":true,"href":"https:\/\/pestgate.com\/es\/wp-json\/wp\/v2\/product_tag?post=6379"}],"curies":[{"name":"wp","href":"https:\/\/api.w.org\/{rel}","templated":true}]}}