{"id":6384,"date":"2020-07-20T22:49:06","date_gmt":"2020-07-21T01:49:06","guid":{"rendered":"https:\/\/pestgate.com\/index.php\/product\/repelente-de-aves-buho-holografico\/"},"modified":"2020-07-20T22:49:06","modified_gmt":"2020-07-21T01:49:06","slug":"repelente-de-aves-buho-holografico","status":"publish","type":"product","link":"https:\/\/pestgate.com\/es\/producto\/repelente-de-aves-buho-holografico\/","title":{"rendered":"Repelente de aves b\u00faho hologr\u00e1fico"},"content":{"rendered":"<p>Repelente de aves b\u00faho hologr\u00e1fico<\/p>\n<p>El elemento disuasorio de aves ha sido probado por la Universidad con resultados positivos para el control de plagas de aves. El destello brillante del exclusivo patr\u00f3n hologr\u00e1fico iridiscente de b\u00faho \/ pluma, los ojos grandes y el movimiento disuaden a las aves de que las plagas m\u00e1s persistentes destruyan la propiedad personal.<br \/>\nSimplemente cuelgue el b\u00faho en las \u00e1reas problem\u00e1ticas y en la ruta de vuelo. El prop\u00f3sito de la disuasi\u00f3n visual de las aves es crear miedo en las aves mediante el movimiento, la luz solar reflectante y los colores brillantes.<br \/>\nCuelgue estos productos delante y alrededor de las \u00e1reas afectadas. Ideal para evitar que los p\u00e1jaros carpinteros picoteen en el lateral de tu casa o para mantener a los p\u00e1jaros alejados de tu jard\u00edn.<br \/>\nHecho de pl\u00e1stico duradero para resistir los elementos al aire libre.<\/p>\n<p>Ideal para repeler plagas de aves como p\u00e1jaros carpinteros, palomas, estorninos, cuervos de huertas, cultivos, jardines, embarcaciones, muelles, graneros y viviendas. Todos los productos repelentes de aves funcionan mejor cuando se usan en combinaci\u00f3n, ya que aumentan el miedo de las aves y la respuesta de vuelo a la amenaza de depredadores percibida.<\/p>\n<p>B\u00daHO HOLOGR\u00c1FICO REPELENTE DE AVES Soluci\u00f3n econ\u00f3mica contra las aves, ahuyenta todo tipo de aves, f\u00e1cil de usar. Representa para las aves m\u00e1s comunes la mirada de los grandes depredadores. Eficaz, Econ\u00f3mico, Ideal para balcones, terrazas, puertos, \u00c1rboles, etc.<\/p>\n<p>Ojos de depredador PACK 2 unidades<br \/>\nMedidas 21 cm x 36 cm<\/p>\n<p>Incre\u00edble servicio al cliente Estamos preocupados por el \u00e9xito de su repelente y queremos utilizar nuestros m\u00e1s de 10 a\u00f1os de experiencia en el negocio del control electr\u00f3nico de plagas para resolver su problema. Cuando nos compra, no solo obtiene nuestro producto garantizado, sino que tambi\u00e9n obtiene acceso a nuestro sistema de soporte que se preocupa por sus resultados. Estamos comprometidos a brindarle nuestra ayuda y conocimientos sobre c\u00f3mo proceder cuando se presente un problema de control de aves m\u00e1s dif\u00edcil de lo normal.<\/p>\n","protected":false},"excerpt":{"rendered":"<p>El elemento disuasorio de aves ha sido probado por la Universidad con resultados positivos para el control de plagas de aves. El destello brillante del exclusivo patr\u00f3n hologr\u00e1fico iridiscente de b\u00faho \/ pluma, los ojos grandes y el movimiento disuaden a las aves de que las plagas m\u00e1s persistentes destruyan la propiedad personal.<\/p>\n","protected":false},"featured_media":6385,"template":"","meta":[],"product_brand":[],"product_cat":[309,311,308],"product_tag":[],"class_list":{"0":"post-6384","1":"product","2":"type-product","3":"status-publish","4":"has-post-thumbnail","6":"product_cat-repelente-de-animales","7":"product_cat-repelente-de-aves","8":"product_cat-todo-para-el-agro","10":"first","11":"instock","12":"shipping-taxable","13":"purchasable","14":"product-type-simple"},"_links":{"self":[{"href":"https:\/\/pestgate.com\/es\/wp-json\/wp\/v2\/product\/6384","targetHints":{"allow":["GET"]}}],"collection":[{"href":"https:\/\/pestgate.com\/es\/wp-json\/wp\/v2\/product"}],"about":[{"href":"https:\/\/pestgate.com\/es\/wp-json\/wp\/v2\/types\/product"}],"wp:featuredmedia":[{"embeddable":true,"href":"https:\/\/pestgate.com\/es\/wp-json\/wp\/v2\/media\/6385"}],"wp:attachment":[{"href":"https:\/\/pestgate.com\/es\/wp-json\/wp\/v2\/media?parent=6384"}],"wp:term":[{"taxonomy":"product_brand","embeddable":true,"href":"https:\/\/pestgate.com\/es\/wp-json\/wp\/v2\/product_brand?post=6384"},{"taxonomy":"product_cat","embeddable":true,"href":"https:\/\/pestgate.com\/es\/wp-json\/wp\/v2\/product_cat?post=6384"},{"taxonomy":"product_tag","embeddable":true,"href":"https:\/\/pestgate.com\/es\/wp-json\/wp\/v2\/product_tag?post=6384"}],"curies":[{"name":"wp","href":"https:\/\/api.w.org\/{rel}","templated":true}]}}