{"id":6386,"date":"2020-07-20T22:49:06","date_gmt":"2020-07-21T01:49:06","guid":{"rendered":"https:\/\/pestgate.com\/index.php\/product\/visual-bird-repeller\/"},"modified":"2020-07-20T22:49:06","modified_gmt":"2020-07-21T01:49:06","slug":"visual-bird-repeller","status":"publish","type":"product","link":"https:\/\/pestgate.com\/es\/producto\/visual-bird-repeller\/","title":{"rendered":"Repelente visual de aves"},"content":{"rendered":"<p>Repelente visual de aves<\/p>\n<p>Detalles y caracter\u00edsticas<\/p>\n<p>El repelente de aves visual combina eficazmente el movimiento variable del viento con m\u00faltiples \u00e1ngulos de punto de refracci\u00f3n para confundir a las aves no deseadas.<\/p>\n<p>Perfecto para proteger y embellecer sus valiosos activos y entornos al mismo tiempo.<br \/>\nEl dise\u00f1o minimalista y simplista combina bien con cualquier decoraci\u00f3n de jard\u00edn y hogar al aire libre.<br \/>\nNo t\u00f3xico y la forma humana de asustar a las aves; hecho de material inofensivo.<br \/>\nF\u00e1cil de colgar, desmontar y transferir a su pr\u00f3xima zona libre de aves.<\/p>\n<p>Principio de repeler aves:<\/p>\n<p>1.Light Flash: la mayor\u00eda de las aves tienen miedo al flash, las aves tienen cierto grado de daltonismo, la mayor\u00eda teme la luz roja y la luz blanca brillante. Con el tiempo, se ha demostrado que la reflexi\u00f3n de la luz es uno de los m\u00e9todos m\u00e1s efectivos de control de aves.<br \/>\n2.Dise\u00f1o del espejo: cuando un p\u00e1jaro se acerca y se ve a s\u00ed mismo en la barra de reflejo, pensar\u00e1 que es un enemigo. Est\u00e1n realmente asustados por su imaginaci\u00f3n.<br \/>\n3.Micry: ojos de depredador, la mayor\u00eda de las aves temen y est\u00e1n amenazadas por el depredador.<\/p>\n<p>Soluci\u00f3n econ\u00f3mica contra aves, ahuyenta todo tipo de aves, f\u00e1cil uso. Representa para las aves m\u00e1s comunes la mirada de los grandes depredadores. Efectivo, Econ\u00f3mico, Ideal para balcones, terrazas, puertos, etc.<\/p>\n<p>Ojos de depredador PACK 3 unidades<br \/>\nMedidas 8 cm x 13 cm<\/p>\n<p>Incre\u00edble servicio al cliente Estamos preocupados por el \u00e9xito de su repelente y queremos utilizar nuestros m\u00e1s de 10 a\u00f1os de experiencia en el negocio del control electr\u00f3nico de plagas para resolver su problema. Cuando nos compra, no solo obtiene nuestro producto garantizado, sino que tambi\u00e9n obtiene acceso a nuestro sistema de soporte que se preocupa por sus resultados. Estamos comprometidos a brindarle nuestra ayuda y conocimientos sobre c\u00f3mo proceder cuando se presente un problema de control de aves m\u00e1s dif\u00edcil de lo normal.<\/p>\n","protected":false},"excerpt":{"rendered":"<p>El repelente de aves visual combina eficazmente el movimiento variable del viento con m\u00faltiples \u00e1ngulos de punto de refracci\u00f3n para confundir a las aves no deseadas.<\/p>\n","protected":false},"featured_media":6387,"template":"","meta":[],"product_brand":[],"product_cat":[311,310],"product_tag":[],"class_list":{"0":"post-6386","1":"product","2":"type-product","3":"status-publish","4":"has-post-thumbnail","6":"product_cat-repelente-de-aves","7":"product_cat-repelente-de-murcielagos","9":"first","10":"instock","11":"shipping-taxable","12":"purchasable","13":"product-type-simple"},"_links":{"self":[{"href":"https:\/\/pestgate.com\/es\/wp-json\/wp\/v2\/product\/6386","targetHints":{"allow":["GET"]}}],"collection":[{"href":"https:\/\/pestgate.com\/es\/wp-json\/wp\/v2\/product"}],"about":[{"href":"https:\/\/pestgate.com\/es\/wp-json\/wp\/v2\/types\/product"}],"wp:featuredmedia":[{"embeddable":true,"href":"https:\/\/pestgate.com\/es\/wp-json\/wp\/v2\/media\/6387"}],"wp:attachment":[{"href":"https:\/\/pestgate.com\/es\/wp-json\/wp\/v2\/media?parent=6386"}],"wp:term":[{"taxonomy":"product_brand","embeddable":true,"href":"https:\/\/pestgate.com\/es\/wp-json\/wp\/v2\/product_brand?post=6386"},{"taxonomy":"product_cat","embeddable":true,"href":"https:\/\/pestgate.com\/es\/wp-json\/wp\/v2\/product_cat?post=6386"},{"taxonomy":"product_tag","embeddable":true,"href":"https:\/\/pestgate.com\/es\/wp-json\/wp\/v2\/product_tag?post=6386"}],"curies":[{"name":"wp","href":"https:\/\/api.w.org\/{rel}","templated":true}]}}