{"id":6392,"date":"2020-07-20T22:49:06","date_gmt":"2020-07-21T01:49:06","guid":{"rendered":"https:\/\/pestgate.com\/index.php\/product\/linterna-laser-repelente-de-pajaros\/"},"modified":"2020-07-20T22:49:06","modified_gmt":"2020-07-21T01:49:06","slug":"linterna-laser-repelente-de-pajaros","status":"publish","type":"product","link":"https:\/\/pestgate.com\/es\/producto\/linterna-laser-repelente-de-pajaros\/","title":{"rendered":"Linterna l\u00e1ser repelente de p\u00e1jaros"},"content":{"rendered":"<p>Linterna l\u00e1ser repelente de p\u00e1jaros<br \/>\nCaracteristicas:<\/p>\n<p>La linterna l\u00e1ser de color verde de alta calidad tiene lentes de vidrio con revestimiento \u00f3ptico, circuito de controlador y carcasa con alta transmisi\u00f3n y peque\u00f1a aberraci\u00f3n esf\u00e9rica.<\/p>\n<p>Tiene un anillo de polvo completamente sellado con un sistema de lentes \u00f3pticas multicapa.<\/p>\n<p>L\u00e1ser verde para ahuyentar aves, principalmente gansos y otros animales.<\/p>\n<p>Las aves no se adaptan al rayo l\u00e1ser verde, por lo que cuando uses este elemento, comenzar\u00e1n a considerar insegura tu parcela, haciendo que no regresen al lugar ya que perciben el punto en movimiento como si fuera un objeto f\u00edsico y, como el rayo l\u00e1ser se acerca a ellos, se alejan para evitar ser golpeados.<\/p>\n<p>El rayo tiene un alcance de m\u00e1s de 2 km en la oscuridad y tambi\u00e9n se puede utilizar en el cultivo de frutas, para ahuyentar a los p\u00e1jaros cantores y a los cuervos.<\/p>\n<p>Las aves perciben el punto en movimiento como si fuera un objeto f\u00edsico y, cuando el rayo l\u00e1ser se les acerca, se alejan para evitar ser golpeadas.<\/p>\n<p>Elija nuestra LINTERNA L\u00c1SER REPELENTE DE AVES para erradicar palomas y olvidarse de la plaga.<\/p>\n<p>Incre\u00edble servicio al cliente Estamos preocupados por el \u00e9xito de su repelente y queremos utilizar nuestros m\u00e1s de 10 a\u00f1os de experiencia en el negocio del control electr\u00f3nico de plagas para resolver su problema. Cuando nos compra, no solo obtiene nuestro producto garantizado, sino que tambi\u00e9n obtiene acceso a nuestro sistema de soporte que se preocupa por sus resultados. Estamos comprometidos a brindarle nuestra ayuda y conocimientos sobre c\u00f3mo proceder cuando se presente un problema de control de aves m\u00e1s dif\u00edcil de lo normal.<\/p>\n","protected":false},"excerpt":{"rendered":"<p>La linterna l\u00e1ser de color verde de alta calidad tiene lentes de vidrio con revestimiento \u00f3ptico, circuito de controlador y carcasa con alta transmisi\u00f3n y peque\u00f1a aberraci\u00f3n esf\u00e9rica.<\/p>\n","protected":false},"featured_media":6393,"template":"","meta":[],"product_brand":[],"product_cat":[309,311,318,308],"product_tag":[],"class_list":{"0":"post-6392","1":"product","2":"type-product","3":"status-publish","4":"has-post-thumbnail","6":"product_cat-repelente-de-animales","7":"product_cat-repelente-de-aves","8":"product_cat-repelente-de-serpientes","9":"product_cat-todo-para-el-agro","11":"first","12":"instock","13":"shipping-taxable","14":"purchasable","15":"product-type-simple"},"_links":{"self":[{"href":"https:\/\/pestgate.com\/es\/wp-json\/wp\/v2\/product\/6392","targetHints":{"allow":["GET"]}}],"collection":[{"href":"https:\/\/pestgate.com\/es\/wp-json\/wp\/v2\/product"}],"about":[{"href":"https:\/\/pestgate.com\/es\/wp-json\/wp\/v2\/types\/product"}],"wp:featuredmedia":[{"embeddable":true,"href":"https:\/\/pestgate.com\/es\/wp-json\/wp\/v2\/media\/6393"}],"wp:attachment":[{"href":"https:\/\/pestgate.com\/es\/wp-json\/wp\/v2\/media?parent=6392"}],"wp:term":[{"taxonomy":"product_brand","embeddable":true,"href":"https:\/\/pestgate.com\/es\/wp-json\/wp\/v2\/product_brand?post=6392"},{"taxonomy":"product_cat","embeddable":true,"href":"https:\/\/pestgate.com\/es\/wp-json\/wp\/v2\/product_cat?post=6392"},{"taxonomy":"product_tag","embeddable":true,"href":"https:\/\/pestgate.com\/es\/wp-json\/wp\/v2\/product_tag?post=6392"}],"curies":[{"name":"wp","href":"https:\/\/api.w.org\/{rel}","templated":true}]}}