{"id":6394,"date":"2020-07-20T22:49:06","date_gmt":"2020-07-21T01:49:06","guid":{"rendered":"https:\/\/pestgate.com\/index.php\/product\/repelente-de-pajaros-laser-para-exteriores\/"},"modified":"2020-07-20T22:49:06","modified_gmt":"2020-07-21T01:49:06","slug":"repelente-de-pajaros-laser-para-exteriores","status":"publish","type":"product","link":"https:\/\/pestgate.com\/es\/producto\/repelente-de-pajaros-laser-para-exteriores\/","title":{"rendered":"Repelente de p\u00e1jaros l\u00e1ser para exteriores"},"content":{"rendered":"<p>Repelente de p\u00e1jaros l\u00e1ser para exteriores<br \/>\nDESCRIPCI\u00d3N:<\/p>\n<p>EL REPELENTE L\u00c1SER PARA P\u00c1JAROS PARA EXTERIORES es una de las formas m\u00e1s efectivas y mejor documentadas de repeler plagas, los rayos l\u00e1ser repelentes de aves pueden mantener alejadas a las plagas (como palomas, mirlos, patos, gorriones y m\u00e1s) sin causar ning\u00fan da\u00f1o a las aves o al medio ambiente. Adem\u00e1s, no producen ning\u00fan sonido, por lo que puede disfrutar de un espacio sin p\u00e1jaros sin el ruido no deseado.<\/p>\n<p>El sistema de l\u00e1ser exterior utiliza intervalos aleatorios de combinaciones de l\u00e1ser rojo y verde para crear un entorno que las aves odian, lo que las obliga a buscar diferentes \u00e1reas de aterrizaje. Pueden operar durante el d\u00eda (en \u00e1reas con poca luz) o de noche con patrones en constante cambio, evitando que las aves se aclimaten al repelente.<\/p>\n<p>Este producto elimina la necesidad de venenos, trampas o pesticidas da\u00f1inos. Puede sentirse bien manteniendo a raya a las aves plaga de una manera segura.<\/p>\n<p>Caracteristicas:<\/p>\n<p>&#8211; Contiene l\u00e1seres de dos colores.<\/p>\n<p>&#8211; Se incluye un control remoto, para que pueda operar sus l\u00e1seres desde cualquier lugar.<\/p>\n<p>Los implacables l\u00e1seres rojos y verdes irritar\u00e1n a las aves, los murci\u00e9lagos y las peque\u00f1as especies de plagas de mam\u00edferos sin enga\u00f1os ni sustancias qu\u00edmicas nocivas. Los potentes diodos l\u00e1ser de &#8220;haz de grasa&#8221; de clase 3R crean m\u00faltiples patrones aleatorios que evitan que las aves se aclimaten, manteni\u00e9ndolas alejadas permanentemente.<\/p>\n<p>Los l\u00e1seres est\u00e1n preprogramados y se pueden usar de noche o de d\u00eda en \u00e1reas m\u00e1s oscuras. El l\u00e1ser para exteriores incluye una base para una f\u00e1cil instalaci\u00f3n. La cobertura conveniente y flexible hace que el control l\u00e1ser de aves sea perfecto para una amplia gama de ubicaciones.<\/p>\n<p>Incre\u00edble servicio al cliente Estamos preocupados por el \u00e9xito de su repelente y queremos utilizar nuestros m\u00e1s de 10 a\u00f1os de experiencia en el negocio del control electr\u00f3nico de plagas para resolver su problema. Cuando nos compra, no solo obtiene nuestro producto garantizado, sino que tambi\u00e9n obtiene acceso a nuestro sistema de soporte que se preocupa por sus resultados. Estamos comprometidos a brindarle nuestra ayuda y conocimientos sobre c\u00f3mo proceder cuando se presente un problema de control de aves m\u00e1s dif\u00edcil de lo normal.<\/p>\n","protected":false},"excerpt":{"rendered":"<p>Los implacables l\u00e1seres rojos y verdes irritar\u00e1n a las aves, los murci\u00e9lagos y las peque\u00f1as especies de plagas de mam\u00edferos sin enga\u00f1os ni sustancias qu\u00edmicas nocivas. Los potentes diodos l\u00e1ser de &#8220;haz de grasa&#8221; de clase 3R crean m\u00faltiples patrones aleatorios que evitan que las aves se aclimaten, manteni\u00e9ndolas alejadas permanentemente.<\/p>\n","protected":false},"featured_media":6395,"template":"","meta":[],"product_brand":[],"product_cat":[312,317,311],"product_tag":[],"class_list":{"0":"post-6394","1":"product","2":"type-product","3":"status-publish","4":"has-post-thumbnail","6":"product_cat-control-electronico-de-plagas-y-repelentes","7":"product_cat-oferta","8":"product_cat-repelente-de-aves","10":"first","11":"instock","12":"shipping-taxable","13":"purchasable","14":"product-type-simple"},"_links":{"self":[{"href":"https:\/\/pestgate.com\/es\/wp-json\/wp\/v2\/product\/6394","targetHints":{"allow":["GET"]}}],"collection":[{"href":"https:\/\/pestgate.com\/es\/wp-json\/wp\/v2\/product"}],"about":[{"href":"https:\/\/pestgate.com\/es\/wp-json\/wp\/v2\/types\/product"}],"wp:featuredmedia":[{"embeddable":true,"href":"https:\/\/pestgate.com\/es\/wp-json\/wp\/v2\/media\/6395"}],"wp:attachment":[{"href":"https:\/\/pestgate.com\/es\/wp-json\/wp\/v2\/media?parent=6394"}],"wp:term":[{"taxonomy":"product_brand","embeddable":true,"href":"https:\/\/pestgate.com\/es\/wp-json\/wp\/v2\/product_brand?post=6394"},{"taxonomy":"product_cat","embeddable":true,"href":"https:\/\/pestgate.com\/es\/wp-json\/wp\/v2\/product_cat?post=6394"},{"taxonomy":"product_tag","embeddable":true,"href":"https:\/\/pestgate.com\/es\/wp-json\/wp\/v2\/product_tag?post=6394"}],"curies":[{"name":"wp","href":"https:\/\/api.w.org\/{rel}","templated":true}]}}