{"id":6400,"date":"2020-07-20T22:49:06","date_gmt":"2020-07-21T01:49:06","guid":{"rendered":"https:\/\/pestgate.com\/index.php\/product\/repelente-de-pajaros-laser-para-interiores\/"},"modified":"2020-07-20T22:49:06","modified_gmt":"2020-07-21T01:49:06","slug":"repelente-de-pajaros-laser-para-interiores","status":"publish","type":"product","link":"https:\/\/pestgate.com\/es\/producto\/repelente-de-pajaros-laser-para-interiores\/","title":{"rendered":"Repelente de p\u00e1jaros l\u00e1ser para interiores"},"content":{"rendered":"<p>El repelente de aves con l\u00e1ser para interiores es una de las formas m\u00e1s efectivas y mejor documentadas de repeler plagas, ya que los l\u00e1seres repelentes de aves pueden mantener alejadas a las plagas (como palomas, mirlos, patos, gorriones y m\u00e1s) sin causar ning\u00fan da\u00f1o a las aves o al medio ambiente.<\/p>\n<p>Adem\u00e1s, no producen ning\u00fan sonido, por lo que puede disfrutar de un espacio sin p\u00e1jaros sin el ruido no deseado.<\/p>\n<p>Este sistema utiliza intervalos aleatorios de combinaciones de l\u00e1ser rojo y verde, por lo que crea un entorno que las aves odian y las obliga a buscar diferentes \u00e1reas de aterrizaje.<\/p>\n<p>Adem\u00e1s, pueden trabajar durante el d\u00eda (en \u00e1reas de poca luz) o de noche con patrones en constante cambio, evitando que las aves se aclimaten al repelente.<br \/>\nEste producto elimina la necesidad de venenos, trampas o pesticidas da\u00f1inos. Puede sentirse bien manteniendo a raya a las aves plaga de una manera segura.<\/p>\n<p>PROTECCI\u00d3N INTERNA CONTRA DA\u00d1OS AVIAS<\/p>\n<p>Caracteristicas:<\/p>\n<p>&#8211; Contiene l\u00e1seres de dos colores.<br \/>\n&#8211; Se incluye un control remoto, para que pueda operar sus l\u00e1seres desde cualquier lugar.<\/p>\n<p>Los l\u00e1seres rojo y verde implacables irritan a las aves, los murci\u00e9lagos y las peque\u00f1as especies de plagas; es decir, los potentes diodos l\u00e1ser de &#8220;haz de grasa&#8221; de clase 3R crean m\u00faltiples patrones aleatorios que evitan que las aves se aclimaten, manteni\u00e9ndolas alejadas permanentemente.<br \/>\nLos l\u00e1seres est\u00e1n preprogramados y se pueden usar de noche o de d\u00eda en \u00e1reas m\u00e1s oscuras. El l\u00e1ser para interiores viene listo para montar con el soporte incluido, y el l\u00e1ser para exteriores incluye una base para una f\u00e1cil instalaci\u00f3n. La cobertura conveniente y flexible hace que el control l\u00e1ser de aves sea perfecto para una amplia gama de ubicaciones.<\/p>\n<p>Incre\u00edble servicio al cliente Estamos preocupados por el \u00e9xito de su repelente y queremos utilizar nuestros m\u00e1s de 10 a\u00f1os de experiencia en el negocio del control electr\u00f3nico de plagas para resolver su problema. Cuando nos compra, no solo obtiene nuestro producto garantizado, sino que tambi\u00e9n obtiene acceso a nuestro sistema de soporte que se preocupa por sus resultados. Estamos comprometidos a brindarle nuestra ayuda y conocimientos sobre c\u00f3mo proceder cuando se presente un problema de control de aves m\u00e1s dif\u00edcil de lo normal.<\/p>\n","protected":false},"excerpt":{"rendered":"<p>El repelente de aves con l\u00e1ser para interiores es una de las formas m\u00e1s efectivas y mejor documentadas de repeler plagas, ya que los l\u00e1seres repelentes de aves pueden mantener alejadas a las plagas (como palomas, mirlos, patos, gorriones y m\u00e1s) sin causar ning\u00fan da\u00f1o a las aves o al medio ambiente.<\/p>\n","protected":false},"featured_media":6401,"template":"","meta":[],"product_brand":[],"product_cat":[312,317,309,311],"product_tag":[],"class_list":{"0":"post-6400","1":"product","2":"type-product","3":"status-publish","4":"has-post-thumbnail","6":"product_cat-control-electronico-de-plagas-y-repelentes","7":"product_cat-oferta","8":"product_cat-repelente-de-animales","9":"product_cat-repelente-de-aves","11":"first","12":"instock","13":"shipping-taxable","14":"purchasable","15":"product-type-simple"},"_links":{"self":[{"href":"https:\/\/pestgate.com\/es\/wp-json\/wp\/v2\/product\/6400","targetHints":{"allow":["GET"]}}],"collection":[{"href":"https:\/\/pestgate.com\/es\/wp-json\/wp\/v2\/product"}],"about":[{"href":"https:\/\/pestgate.com\/es\/wp-json\/wp\/v2\/types\/product"}],"wp:featuredmedia":[{"embeddable":true,"href":"https:\/\/pestgate.com\/es\/wp-json\/wp\/v2\/media\/6401"}],"wp:attachment":[{"href":"https:\/\/pestgate.com\/es\/wp-json\/wp\/v2\/media?parent=6400"}],"wp:term":[{"taxonomy":"product_brand","embeddable":true,"href":"https:\/\/pestgate.com\/es\/wp-json\/wp\/v2\/product_brand?post=6400"},{"taxonomy":"product_cat","embeddable":true,"href":"https:\/\/pestgate.com\/es\/wp-json\/wp\/v2\/product_cat?post=6400"},{"taxonomy":"product_tag","embeddable":true,"href":"https:\/\/pestgate.com\/es\/wp-json\/wp\/v2\/product_tag?post=6400"}],"curies":[{"name":"wp","href":"https:\/\/api.w.org\/{rel}","templated":true}]}}