{"id":6406,"date":"2020-07-20T22:49:06","date_gmt":"2020-07-21T01:49:06","guid":{"rendered":"https:\/\/pestgate.com\/index.php\/product\/mata-mosquitos-s2-350m2\/"},"modified":"2020-07-20T22:49:06","modified_gmt":"2020-07-21T01:49:06","slug":"mata-mosquitos-s2-350m2","status":"publish","type":"product","link":"https:\/\/pestgate.com\/es\/producto\/mata-mosquitos-s2-350m2\/","title":{"rendered":"Mata mosquitos S2 350m2"},"content":{"rendered":"<p>Asesino de mosquitos S2 350m2<\/p>\n<p>La trampa para matar mosquitos atrae y elimina a los mosquitos utilizando un SISTEMA MULTITIMULUS:<\/p>\n<p>&#8211; Caliente<br \/>\n&#8211; Di\u00f3xido de carbono y humedad (para simular el aliento humano)<br \/>\n&#8211; Atracci\u00f3n UV<br \/>\n&#8211; Informaci\u00f3n sexual para atraer al sexo opuesto<\/p>\n<p>MARCHA:<\/p>\n<p>El \u00fanico sistema que interrumpe el ciclo de reproducci\u00f3n del mosquito. El asesino de mosquitos S2 reproduce todas las caracter\u00edsticas humanas para atraer a las hembras ya que estas pican porque necesitan sangre para aportar prote\u00ednas a los huevos y as\u00ed finalizar el ciclo de reproducci\u00f3n.<\/p>\n<p>La producci\u00f3n de di\u00f3xido de carbono y humedad se produce a trav\u00e9s de un proceso qu\u00edmico llamado fotocat\u00e1lisis.<br \/>\nLa reacci\u00f3n fotocatal\u00edtica se produce cuando se irradia una superficie recubierta con Tio2 (di\u00f3xido de titanio) con una cierta frecuencia de luz ultravioleta.<br \/>\nLa energ\u00eda de la luz excita el Tio2 provocando la generaci\u00f3n de radicales libres que, junto con la luz ultravioleta, producen la oxidaci\u00f3n de los contaminantes y bacterias presentes hasta convertirlos en Co2 (Di\u00f3xido de carbono) y H2o (Agua).<\/p>\n<p>Los mosquitos son entonces atra\u00eddos, una vez que entran en la trampa son succionados fuertemente por un ventilador ubicado dentro del dispositivo.<\/p>\n<p>No pueden salir debido a la fuerte corriente de aire y mueren por deshidrataci\u00f3n.<\/p>\n<p>Si bien el S2 Mosquito Killer fue dise\u00f1ado para la eliminaci\u00f3n de mosquitos, tambi\u00e9n captura la mayor\u00eda de los otros insectos voladores como periquitos, hormigas voladoras, mariposas, ciertas especies de moscas, etc.<\/p>\n<p>&#8211; 350 metros cuadrados de cobertura<br \/>\n&#8211; No utiliza ning\u00fan tipo de insecticida<br \/>\n&#8211; Solo funciona con electricidad<br \/>\n&#8211; Purifica el aire y esteriliza ciertas bacterias mediante fotocat\u00e1lisis<br \/>\n&#8211; Captura y elimina mosquitos, periquitos y moscas.<br \/>\n&#8211; Funciona en interiores y exteriores, a la luz del d\u00eda y en la oscuridad.<br \/>\n&#8211; Es totalmente inofensivo para humanos y animales.<br \/>\n&#8211; F\u00e1cil de instalar y manipular.<br \/>\n&#8211; Vida \u00fatil ilimitada<\/p>\n<p>Incre\u00edble servicio al cliente Nos preocupamos por el \u00e9xito de su producto y queremos utilizar nuestros m\u00e1s de 10 a\u00f1os de experiencia en el negocio del control electr\u00f3nico de plagas para resolver su problema. Cuando nos compra, no solo obtiene nuestro producto garantizado, sino que tambi\u00e9n obtiene acceso a nuestro sistema de soporte que se preocupa por sus resultados. Estamos comprometidos a brindarle nuestra ayuda y conocimientos sobre c\u00f3mo proceder cuando exista un problema de control de plagas m\u00e1s dif\u00edcil de lo normal.<\/p>\n","protected":false},"excerpt":{"rendered":"<p>El \u00fanico sistema que interrumpe el ciclo de reproducci\u00f3n del mosquito. El asesino de mosquitos S2 reproduce todas las caracter\u00edsticas humanas para atraer a las hembras ya que estas pican porque necesitan sangre para aportar prote\u00ednas a los huevos y as\u00ed finalizar el ciclo de reproducci\u00f3n.<\/p>\n","protected":false},"featured_media":6407,"template":"","meta":[],"product_brand":[],"product_cat":[312,314,313,315],"product_tag":[],"class_list":{"0":"post-6406","1":"product","2":"type-product","3":"status-publish","4":"has-post-thumbnail","6":"product_cat-control-electronico-de-plagas-y-repelentes","7":"product_cat-mata-insectos","8":"product_cat-mata-moscas","9":"product_cat-mata-mosquitos","11":"first","12":"instock","13":"shipping-taxable","14":"purchasable","15":"product-type-simple"},"_links":{"self":[{"href":"https:\/\/pestgate.com\/es\/wp-json\/wp\/v2\/product\/6406","targetHints":{"allow":["GET"]}}],"collection":[{"href":"https:\/\/pestgate.com\/es\/wp-json\/wp\/v2\/product"}],"about":[{"href":"https:\/\/pestgate.com\/es\/wp-json\/wp\/v2\/types\/product"}],"wp:featuredmedia":[{"embeddable":true,"href":"https:\/\/pestgate.com\/es\/wp-json\/wp\/v2\/media\/6407"}],"wp:attachment":[{"href":"https:\/\/pestgate.com\/es\/wp-json\/wp\/v2\/media?parent=6406"}],"wp:term":[{"taxonomy":"product_brand","embeddable":true,"href":"https:\/\/pestgate.com\/es\/wp-json\/wp\/v2\/product_brand?post=6406"},{"taxonomy":"product_cat","embeddable":true,"href":"https:\/\/pestgate.com\/es\/wp-json\/wp\/v2\/product_cat?post=6406"},{"taxonomy":"product_tag","embeddable":true,"href":"https:\/\/pestgate.com\/es\/wp-json\/wp\/v2\/product_tag?post=6406"}],"curies":[{"name":"wp","href":"https:\/\/api.w.org\/{rel}","templated":true}]}}