{"id":6411,"date":"2020-07-20T22:49:06","date_gmt":"2020-07-21T01:49:06","guid":{"rendered":"https:\/\/pestgate.com\/index.php\/product\/rollo-de-cable-para-cinta-de-choque\/"},"modified":"2020-07-20T22:49:06","modified_gmt":"2020-07-21T01:49:06","slug":"rollo-de-cable-para-cinta-de-choque","status":"publish","type":"product","link":"https:\/\/pestgate.com\/es\/producto\/rollo-de-cable-para-cinta-de-choque\/","title":{"rendered":"Rollo de cable para cinta de choque"},"content":{"rendered":"<h4><span style=\"color: #000000;\">ROLLO DE CABLE\u00a0 PARA SHOCK TAPE<\/span><\/h4>\n<p>Shock tape es una cinta conductora con metal utilizado para evitar que las aves se posen sobre distintas superficies.<\/p>\n<p>Cuando se posa el p\u00e1jaro sobre la cinta el\u00e9ctrica conectada con generador de impulsiones el\u00e9ctricas recibe una descarga que le rechaza y le disuade volver.<\/p>\n<p>Se puede pega a cualquier superficie solida.<\/p>\n<p>La cinta se instala de forma responsable, procurando siempre minimizar cualquier impacto que pudiera derivar de su instalaci\u00f3n. El operario ser\u00e1 responsable de cualquier accidente o da\u00f1o que pueda causar sobre terceros.<\/p>\n<p>El shock tape no est\u00e1 dise\u00f1ado para ser utilizado por ni\u00f1os\/as o por personas con discapacidades f\u00edsicas o mentales graves o sin experiencia, en cuyo caso, entonces\u00a0 deber\u00e1n estar debidamente supervisadas por una persona responsable de su seguridad.<\/p>\n<p>Sin embargo, hay que asegurarse de tomar las precauciones necesarias para que ning\u00fan ni\u00f1o\/a pueda jugar con este equipo el\u00e9ctrico. Ademas, \u00a0puede ser a\u00f1adido a un kit ya instalado que sea compatible.<\/p>\n","protected":false},"excerpt":{"rendered":"<p>ROLLO DE CABLE\u00a0 PARA SHOCK TAPE Shock tape es una cinta conductora con metal utilizado para evitar que las aves se posen sobre distintas superficies. Cuando se posa el p\u00e1jaro<\/p>\n","protected":false},"featured_media":6412,"template":"","meta":[],"product_brand":[],"product_cat":[309,311],"product_tag":[],"class_list":{"0":"post-6411","1":"product","2":"type-product","3":"status-publish","4":"has-post-thumbnail","6":"product_cat-repelente-de-animales","7":"product_cat-repelente-de-aves","9":"first","10":"instock","11":"shipping-taxable","12":"purchasable","13":"product-type-simple"},"_links":{"self":[{"href":"https:\/\/pestgate.com\/es\/wp-json\/wp\/v2\/product\/6411","targetHints":{"allow":["GET"]}}],"collection":[{"href":"https:\/\/pestgate.com\/es\/wp-json\/wp\/v2\/product"}],"about":[{"href":"https:\/\/pestgate.com\/es\/wp-json\/wp\/v2\/types\/product"}],"wp:featuredmedia":[{"embeddable":true,"href":"https:\/\/pestgate.com\/es\/wp-json\/wp\/v2\/media\/6412"}],"wp:attachment":[{"href":"https:\/\/pestgate.com\/es\/wp-json\/wp\/v2\/media?parent=6411"}],"wp:term":[{"taxonomy":"product_brand","embeddable":true,"href":"https:\/\/pestgate.com\/es\/wp-json\/wp\/v2\/product_brand?post=6411"},{"taxonomy":"product_cat","embeddable":true,"href":"https:\/\/pestgate.com\/es\/wp-json\/wp\/v2\/product_cat?post=6411"},{"taxonomy":"product_tag","embeddable":true,"href":"https:\/\/pestgate.com\/es\/wp-json\/wp\/v2\/product_tag?post=6411"}],"curies":[{"name":"wp","href":"https:\/\/api.w.org\/{rel}","templated":true}]}}