{"id":6414,"date":"2020-07-20T22:49:06","date_gmt":"2020-07-21T01:49:06","guid":{"rendered":"https:\/\/pestgate.com\/index.php\/product\/cerca-electrica-para-animales-40km\/"},"modified":"2020-07-20T22:49:06","modified_gmt":"2020-07-21T01:49:06","slug":"cerca-electrica-para-animales-40km","status":"publish","type":"product","link":"https:\/\/pestgate.com\/es\/producto\/cerca-electrica-para-animales-40km\/","title":{"rendered":"Cerca El\u00e9ctrica para Animales 40km"},"content":{"rendered":"<p>Cerca El\u00e9ctrica para Animales 40km<\/p>\n<p>Electrificador FENCE BA350, utilizado en exteriores en combinaci\u00f3n con una cerca el\u00e9ctrica. Dise\u00f1ado para electrificar un per\u00edmetro en el que estar\u00e1n los animales.<\/p>\n<p>MODO OPERATIVO:<\/p>\n<p>El animal que se le acerca recibe una descarga el\u00e9ctrica cuando el circuito entre la valla y el suelo est\u00e1 cerrado, pero si el suelo no es muy conductor o los animales son salvajes, entonces se recomienda utilizar un electrificador potente.<\/p>\n<p>ATENCI\u00d3N:<\/p>\n<p>La boya el\u00e9ctrica para animales de 40km se instala de forma responsable, siempre tratando de minimizar cualquier impacto que pueda surgir. En consecuencia, el operador ser\u00e1 responsable de cualquier accidente o da\u00f1o que pueda ocasionar a terceros.<\/p>\n<p>Este aparato no est\u00e1 dise\u00f1ado para que lo utilicen ni\u00f1os o personas con discapacidades f\u00edsicas o mentales graves o sin experiencia, en cuyo caso deben ser supervisados \u200b\u200badecuadamente por una persona responsable de su seguridad.<\/p>\n<p>Adem\u00e1s, es necesario asegurarse de tomar las precauciones necesarias para que ning\u00fan ni\u00f1o pueda jugar con este equipo el\u00e9ctrico.<\/p>\n<p>DESCRIPCI\u00d3N:<\/p>\n<p>Potencia: 3,7 voltios<br \/>\nConsumo: 60 mA<br \/>\nVoltaje: 8500 v. Descarga<br \/>\n\u00c1rea de uso: 40 km<br \/>\nDimensiones: 205 x 72 x 83 mm<\/p>\n<p>Incre\u00edble servicio al cliente Estamos preocupados por el \u00e9xito de su repelente y queremos utilizar nuestros m\u00e1s de 10 a\u00f1os de experiencia en el negocio del control electr\u00f3nico de plagas para resolver su problema. Cuando nos compra, no solo obtiene nuestro producto garantizado, sino que tambi\u00e9n obtiene acceso a nuestro sistema de soporte que se preocupa por sus resultados. Estamos comprometidos a brindarle nuestra ayuda y conocimientos sobre c\u00f3mo proceder cuando exista un problema de control de animales m\u00e1s dif\u00edcil de lo normal.<\/p>\n","protected":false},"excerpt":{"rendered":"<p>Electrificador FENCE BA350, utilizado en exteriores en combinaci\u00f3n con una cerca el\u00e9ctrica. Dise\u00f1ado para electrificar un per\u00edmetro en el que estar\u00e1n los animales.<\/p>\n","protected":false},"featured_media":6415,"template":"","meta":[],"product_brand":[],"product_cat":[312,309],"product_tag":[],"class_list":{"0":"post-6414","1":"product","2":"type-product","3":"status-publish","4":"has-post-thumbnail","6":"product_cat-control-electronico-de-plagas-y-repelentes","7":"product_cat-repelente-de-animales","9":"first","10":"instock","11":"shipping-taxable","12":"purchasable","13":"product-type-simple"},"_links":{"self":[{"href":"https:\/\/pestgate.com\/es\/wp-json\/wp\/v2\/product\/6414","targetHints":{"allow":["GET"]}}],"collection":[{"href":"https:\/\/pestgate.com\/es\/wp-json\/wp\/v2\/product"}],"about":[{"href":"https:\/\/pestgate.com\/es\/wp-json\/wp\/v2\/types\/product"}],"wp:featuredmedia":[{"embeddable":true,"href":"https:\/\/pestgate.com\/es\/wp-json\/wp\/v2\/media\/6415"}],"wp:attachment":[{"href":"https:\/\/pestgate.com\/es\/wp-json\/wp\/v2\/media?parent=6414"}],"wp:term":[{"taxonomy":"product_brand","embeddable":true,"href":"https:\/\/pestgate.com\/es\/wp-json\/wp\/v2\/product_brand?post=6414"},{"taxonomy":"product_cat","embeddable":true,"href":"https:\/\/pestgate.com\/es\/wp-json\/wp\/v2\/product_cat?post=6414"},{"taxonomy":"product_tag","embeddable":true,"href":"https:\/\/pestgate.com\/es\/wp-json\/wp\/v2\/product_tag?post=6414"}],"curies":[{"name":"wp","href":"https:\/\/api.w.org\/{rel}","templated":true}]}}