{"id":6422,"date":"2020-07-20T22:49:05","date_gmt":"2020-07-21T01:49:05","guid":{"rendered":"https:\/\/pestgate.com\/index.php\/product\/electrificador-solar-de-cinta-de-choque\/"},"modified":"2020-07-20T22:49:05","modified_gmt":"2020-07-21T01:49:05","slug":"electrificador-solar-de-cinta-de-choque","status":"publish","type":"product","link":"https:\/\/pestgate.com\/es\/producto\/electrificador-solar-de-cinta-de-choque\/","title":{"rendered":"Electrificador solar de cinta de choque"},"content":{"rendered":"<p>Shock Tape Solar Electrifier se utiliza al aire libre en combinaci\u00f3n con una cerca el\u00e9ctrica y con animales bajo control.<\/p>\n<p>MODO OPERATIVO:<\/p>\n<p>El animal recibe una descarga el\u00e9ctrica cuando el circuito entre la cerca y el suelo est\u00e1 cerrado, pero si el suelo no es muy conductor o los animales son salvajes, entonces se recomienda utilizar un electrificador potente.<\/p>\n<p>SEGURIDAD:<\/p>\n<p>Lea atentamente estas instrucciones de seguridad antes de encender este aparato.<br \/>\nEl pastor y la cerca el\u00e9ctrica se instalan de manera responsable, siempre tratando de minimizar cualquier impacto que pueda derivarse de su instalaci\u00f3n. El operador ser\u00e1 responsable de cualquier accidente o da\u00f1o que pueda ocasionar a terceros. Este aparato no est\u00e1 dise\u00f1ado para que lo utilicen ni\u00f1os o personas con discapacidades f\u00edsicas o mentales graves o sin experiencia, en cuyo caso deben ser supervisados \u200b\u200badecuadamente por una persona responsable de su seguridad. Aseg\u00farese de tomar las precauciones necesarias para que ning\u00fan ni\u00f1o pueda jugar con este equipo el\u00e9ctrico.<\/p>\n<p>DESCRIPCI\u00d3N:<\/p>\n<p>Potencia :: 3,7 voltios<br \/>\nConsumo: 60 mA<br \/>\nVoltaje: 8500 voltios de descarga<br \/>\n\u00c1rea de uso: 1,5 km<br \/>\nDimensiones: 205x72x83 mm<\/p>\n<p>Incre\u00edble servicio al cliente Estamos preocupados por el \u00e9xito de su repelente y queremos utilizar nuestros m\u00e1s de 10 a\u00f1os de experiencia en el negocio del control electr\u00f3nico de plagas para resolver su problema. Cuando nos compra, no solo obtiene nuestro producto garantizado, sino que tambi\u00e9n obtiene acceso a nuestro sistema de soporte que se preocupa por sus resultados. Estamos comprometidos a brindarle nuestra ayuda y conocimientos sobre c\u00f3mo proceder cuando se presente un problema de control de aves m\u00e1s dif\u00edcil de lo normal.<\/p>\n","protected":false},"excerpt":{"rendered":"<p>El animal recibe una descarga el\u00e9ctrica cuando el circuito entre la cerca y el suelo est\u00e1 cerrado, pero si el suelo no es muy conductor o los animales son salvajes, se recomienda utilizar un electrificador potente.<\/p>\n","protected":false},"featured_media":6423,"template":"","meta":[],"product_brand":[],"product_cat":[312,309,308],"product_tag":[],"class_list":{"0":"post-6422","1":"product","2":"type-product","3":"status-publish","4":"has-post-thumbnail","6":"product_cat-control-electronico-de-plagas-y-repelentes","7":"product_cat-repelente-de-animales","8":"product_cat-todo-para-el-agro","10":"first","11":"instock","12":"shipping-taxable","13":"purchasable","14":"product-type-simple"},"_links":{"self":[{"href":"https:\/\/pestgate.com\/es\/wp-json\/wp\/v2\/product\/6422","targetHints":{"allow":["GET"]}}],"collection":[{"href":"https:\/\/pestgate.com\/es\/wp-json\/wp\/v2\/product"}],"about":[{"href":"https:\/\/pestgate.com\/es\/wp-json\/wp\/v2\/types\/product"}],"wp:featuredmedia":[{"embeddable":true,"href":"https:\/\/pestgate.com\/es\/wp-json\/wp\/v2\/media\/6423"}],"wp:attachment":[{"href":"https:\/\/pestgate.com\/es\/wp-json\/wp\/v2\/media?parent=6422"}],"wp:term":[{"taxonomy":"product_brand","embeddable":true,"href":"https:\/\/pestgate.com\/es\/wp-json\/wp\/v2\/product_brand?post=6422"},{"taxonomy":"product_cat","embeddable":true,"href":"https:\/\/pestgate.com\/es\/wp-json\/wp\/v2\/product_cat?post=6422"},{"taxonomy":"product_tag","embeddable":true,"href":"https:\/\/pestgate.com\/es\/wp-json\/wp\/v2\/product_tag?post=6422"}],"curies":[{"name":"wp","href":"https:\/\/api.w.org\/{rel}","templated":true}]}}