{"id":6426,"date":"2020-07-20T22:49:05","date_gmt":"2020-07-21T01:49:05","guid":{"rendered":"https:\/\/pestgate.com\/index.php\/product\/shock-tape-kit\/"},"modified":"2020-07-20T22:49:05","modified_gmt":"2020-07-21T01:49:05","slug":"shock-tape-kit","status":"publish","type":"product","link":"https:\/\/pestgate.com\/es\/producto\/shock-tape-kit\/","title":{"rendered":"Shock Tape Kit"},"content":{"rendered":"<p>Kit de cinta de choque<\/p>\n<p>El sistema solar de espantap\u00e1jaros le da al animal una descarga el\u00e9ctrica cuando entra en contacto con la superficie del cintur\u00f3n (que, aunque no es agresivo, genera un peque\u00f1o pulso al que las aves no resisten y huyen).<\/p>\n<p>La cinta se instala de forma responsable, intentando siempre minimizar cualquier impacto que pueda derivarse de su instalaci\u00f3n.<\/p>\n<p>La persona que lo instale ser\u00e1 responsable de cualquier accidente o da\u00f1o que pueda ocasionar a terceros. Este aparato no est\u00e1 dise\u00f1ado para ser utilizado por ni\u00f1os o personas con discapacidades f\u00edsicas o mentales severas o sin experiencia, en cuyo caso deben ser debidamente supervisados \u200b\u200bpor una persona responsable de su seguridad. Sin embargo, es necesario asegurarse de tomar las precauciones necesarias para que ning\u00fan ni\u00f1o pueda jugar con este equipo el\u00e9ctrico.<\/p>\n<p>DESCRIPCI\u00d3N DEL KIT DE CINTA DE CHOQUE:<\/p>\n<p>Potencia :: 3,7 voltios<br \/>\nConsumo: 60 mA<br \/>\nVoltaj: 8500 voltios de descarga<br \/>\n\u00c1rea de uso: 1,5 km<br \/>\nDimensiones: 205x72x83 mm<\/p>\n<p>Contenido de la caja:<\/p>\n<p>Electrificador solar<br \/>\n2 conectores<br \/>\n2 hilos 1 rojo 1 negro<br \/>\n9 metros de cinta de PVC<\/p>\n<p>Incre\u00edble servicio al cliente Estamos preocupados por el \u00e9xito de su repelente y queremos utilizar nuestros m\u00e1s de 10 a\u00f1os de experiencia en el negocio del control electr\u00f3nico de plagas para resolver su problema. Cuando nos compra, no solo obtiene nuestro producto garantizado, sino que tambi\u00e9n obtiene acceso a nuestro sistema de soporte que se preocupa por sus resultados. Estamos comprometidos a brindarle nuestra ayuda y conocimientos sobre c\u00f3mo proceder cuando se presente un problema de control de aves m\u00e1s dif\u00edcil de lo normal.<\/p>\n","protected":false},"excerpt":{"rendered":"<p>El sistema solar de espantap\u00e1jaros le da al animal una descarga el\u00e9ctrica cuando entra en contacto con la superficie del cintur\u00f3n (que, aunque no es agresivo, genera un peque\u00f1o pulso al que las aves no resisten y huyen).<\/p>\n","protected":false},"featured_media":6427,"template":"","meta":[],"product_brand":[],"product_cat":[312,309,311,310,308],"product_tag":[],"class_list":{"0":"post-6426","1":"product","2":"type-product","3":"status-publish","4":"has-post-thumbnail","6":"product_cat-control-electronico-de-plagas-y-repelentes","7":"product_cat-repelente-de-animales","8":"product_cat-repelente-de-aves","9":"product_cat-repelente-de-murcielagos","10":"product_cat-todo-para-el-agro","12":"first","13":"instock","14":"shipping-taxable","15":"purchasable","16":"product-type-simple"},"_links":{"self":[{"href":"https:\/\/pestgate.com\/es\/wp-json\/wp\/v2\/product\/6426","targetHints":{"allow":["GET"]}}],"collection":[{"href":"https:\/\/pestgate.com\/es\/wp-json\/wp\/v2\/product"}],"about":[{"href":"https:\/\/pestgate.com\/es\/wp-json\/wp\/v2\/types\/product"}],"wp:featuredmedia":[{"embeddable":true,"href":"https:\/\/pestgate.com\/es\/wp-json\/wp\/v2\/media\/6427"}],"wp:attachment":[{"href":"https:\/\/pestgate.com\/es\/wp-json\/wp\/v2\/media?parent=6426"}],"wp:term":[{"taxonomy":"product_brand","embeddable":true,"href":"https:\/\/pestgate.com\/es\/wp-json\/wp\/v2\/product_brand?post=6426"},{"taxonomy":"product_cat","embeddable":true,"href":"https:\/\/pestgate.com\/es\/wp-json\/wp\/v2\/product_cat?post=6426"},{"taxonomy":"product_tag","embeddable":true,"href":"https:\/\/pestgate.com\/es\/wp-json\/wp\/v2\/product_tag?post=6426"}],"curies":[{"name":"wp","href":"https:\/\/api.w.org\/{rel}","templated":true}]}}