{"id":6429,"date":"2020-07-20T22:49:05","date_gmt":"2020-07-21T01:49:05","guid":{"rendered":"https:\/\/pestgate.com\/index.php\/product\/repelente-de-plagas-electronico-20m2\/"},"modified":"2020-07-20T22:49:05","modified_gmt":"2020-07-21T01:49:05","slug":"repelente-de-plagas-electronico-20m2","status":"publish","type":"product","link":"https:\/\/pestgate.com\/es\/producto\/repelente-de-plagas-electronico-20m2\/","title":{"rendered":"Repelente de plagas electr\u00f3nico 20M2"},"content":{"rendered":"<p>Repelente de plagas electr\u00f3nico 20M2<\/p>\n<p>Modelo: 20M2<\/p>\n<p>El equipo 20M2 PEST REPELLENT repele plagas como roedores, murci\u00e9lagos, cucarachas y la mayor\u00eda de los insectos emitiendo ondas de ultrasonido que son totalmente inaudibles para los humanos.<\/p>\n<p>Tambi\u00e9n emite frecuencia variable de forma autom\u00e1tica para evitar el acostumbramiento por plagas asegurando mejores resultados.<\/p>\n<p>Las ondas sonoras ultras\u00f3nicas atacan el sistema nervioso y auditivo de las plagas m\u00e1s comunes, provocando dolor e incomodidad con 140 decibeles de presi\u00f3n sonora, en consecuencia, las plagas abandonan su fuente de alimento, agua y refugio.<\/p>\n<p>Estas ondas sonoras de alta intensidad est\u00e1n fuera del alcance auditivo de los humanos y la mayor\u00eda de las mascotas dom\u00e9sticas, como perros, gatos, peces, p\u00e1jaros y animales de granja.<\/p>\n<p>Caracter\u00edsticas principales del repelente electr\u00f3nico de plagas de 20m2:<\/p>\n<p>Cubre hasta 20m2 (*) y protege 4 metros en direcci\u00f3n recta.<br \/>\nPotencia de sonido 75 db<br \/>\n1 emisor de ondas ultras\u00f3nicas<br \/>\nEfectivo para la erradicaci\u00f3n de murci\u00e9lagos, roedores y cucarachas, ara\u00f1as. etc.<br \/>\nMuy bajo consumo<br \/>\nTotalmente inofensivo para humanos y animales.<\/p>\n<p>Garant\u00eda 6 meses<\/p>\n<p>En Todo para Plagas contamos con la m\u00e1s amplia variedad de productos de control de plagas con la \u00faltima tecnolog\u00eda disponible a nivel mundial.<\/p>\n<p>Incre\u00edble servicio al cliente Nos preocupamos por el \u00e9xito de su producto y queremos utilizar nuestros m\u00e1s de 10 a\u00f1os de experiencia en el negocio del control electr\u00f3nico de plagas para resolver su problema. Cuando nos compra, no solo obtiene nuestro producto garantizado, sino que tambi\u00e9n obtiene acceso a nuestro sistema de soporte que se preocupa por sus resultados. Estamos comprometidos a brindarle nuestra ayuda y conocimientos sobre c\u00f3mo proceder cuando exista un problema de control de plagas m\u00e1s dif\u00edcil de lo normal.<\/p>\n","protected":false},"excerpt":{"rendered":"<p>El equipo 20M2 PEST REPELLENT repele plagas como roedores, murci\u00e9lagos, cucarachas y la mayor\u00eda de los insectos emitiendo ondas de ultrasonido que son totalmente inaudibles para los humanos.<\/p>\n","protected":false},"featured_media":6430,"template":"","meta":[],"product_brand":[],"product_cat":[312,317,309,311,310,316,318],"product_tag":[],"class_list":{"0":"post-6429","1":"product","2":"type-product","3":"status-publish","4":"has-post-thumbnail","6":"product_cat-control-electronico-de-plagas-y-repelentes","7":"product_cat-oferta","8":"product_cat-repelente-de-animales","9":"product_cat-repelente-de-aves","10":"product_cat-repelente-de-murcielagos","11":"product_cat-repelente-de-roedores","12":"product_cat-repelente-de-serpientes","14":"first","15":"instock","16":"shipping-taxable","17":"purchasable","18":"product-type-simple"},"_links":{"self":[{"href":"https:\/\/pestgate.com\/es\/wp-json\/wp\/v2\/product\/6429","targetHints":{"allow":["GET"]}}],"collection":[{"href":"https:\/\/pestgate.com\/es\/wp-json\/wp\/v2\/product"}],"about":[{"href":"https:\/\/pestgate.com\/es\/wp-json\/wp\/v2\/types\/product"}],"wp:featuredmedia":[{"embeddable":true,"href":"https:\/\/pestgate.com\/es\/wp-json\/wp\/v2\/media\/6430"}],"wp:attachment":[{"href":"https:\/\/pestgate.com\/es\/wp-json\/wp\/v2\/media?parent=6429"}],"wp:term":[{"taxonomy":"product_brand","embeddable":true,"href":"https:\/\/pestgate.com\/es\/wp-json\/wp\/v2\/product_brand?post=6429"},{"taxonomy":"product_cat","embeddable":true,"href":"https:\/\/pestgate.com\/es\/wp-json\/wp\/v2\/product_cat?post=6429"},{"taxonomy":"product_tag","embeddable":true,"href":"https:\/\/pestgate.com\/es\/wp-json\/wp\/v2\/product_tag?post=6429"}],"curies":[{"name":"wp","href":"https:\/\/api.w.org\/{rel}","templated":true}]}}