{"id":6433,"date":"2020-07-20T22:49:05","date_gmt":"2020-07-21T01:49:05","guid":{"rendered":"https:\/\/pestgate.com\/index.php\/product\/repelente-ultrasonico-de-animales-300m2\/"},"modified":"2020-07-20T22:49:05","modified_gmt":"2020-07-21T01:49:05","slug":"repelente-ultrasonico-de-animales-300m2","status":"publish","type":"product","link":"https:\/\/pestgate.com\/es\/producto\/repelente-ultrasonico-de-animales-300m2\/","title":{"rendered":"Repelente ultras\u00f3nico de animales 300m2"},"content":{"rendered":"<p>Repelente ultras\u00f3nico de animales 300M2<\/p>\n<p>Repelente ultras\u00f3nico de animales SSBCDR 22<\/p>\n<p>INTRODUCCI\u00d3N<\/p>\n<p>El repelente de animales ultras\u00f3nico utiliza tecnolog\u00eda s\u00f3nica para incomodar a p\u00e1jaros, perros y gatos, as\u00ed como a murci\u00e9lagos, ratas, ratones y algunas otras plagas.<\/p>\n<p>Puede emitir un ultrasonido de baja frecuencia en forma de sonido audible solo para animales y alerta de sonido muy alto. Emite diferentes frecuencias de sonido desde 3.000 Hz. Hasta 65.000 Hz.<\/p>\n<p>Ofrece modo de sincronizaci\u00f3n para RANDOM o CONTINUOUS para la salida de frecuencia de sonido de barrido. La presi\u00f3n sonora del dispositivo es de aproximadamente 130 dB como m\u00e1ximo a trav\u00e9s de un amplio \u00e1ngulo de 280 grados.<\/p>\n<p>Tambi\u00e9n tiene la luz estrobosc\u00f3pica que ayuda a disuadir y asustar a las plagas de esta manera el producto act\u00faa de manera efectiva, combinando autom\u00e1ticamente alerta de sirena, sonido ultras\u00f3nico (silencioso para la mayor\u00eda de los humanos) junto con luces de actualizaci\u00f3n Fuerte estrobosc\u00f3pico para disuadir o asustar a las plagas.<\/p>\n<p>La luz estrobosc\u00f3pica verde y blanca brillante tiene aproximadamente 120.000 horas de vida \u00fatil.<\/p>\n<p>Las ondas actuar\u00e1n directamente sobre los sistemas nervioso y auditivo de las plagas antes mencionadas. Les provocan estr\u00e9s e incomodidad constante, en consecuencia, intentar\u00e1n escapar o salir de all\u00ed.<\/p>\n<p>SOLICITUD:<\/p>\n<p>Para uso interior y exterior. (casas, f\u00e1bricas, tiendas de alimentos, negocios agr\u00edcolas, escuelas, hoteles, moteles, hospitales, etc.)<br \/>\nRelacionado con \u00e1reas de balcones, antepechos de ventanas, ventanas, parapetos, jardines, granjas, almacenes de alimentos, hogares de cuidado personal, estacionamientos abiertos, etc.<br \/>\nEl equipo es impermeable, NO sumergible, si se usa al aire libre y evita la luz solar directa).<br \/>\nCubierta: 300m2<\/p>\n<p>Incre\u00edble servicio al cliente Nos preocupamos por el \u00e9xito de su producto y queremos utilizar nuestros m\u00e1s de 10 a\u00f1os de experiencia en el negocio del control electr\u00f3nico de plagas para resolver su problema. Cuando nos compra, no solo obtiene nuestro producto garantizado, sino que tambi\u00e9n obtiene acceso a nuestro sistema de soporte que se preocupa por sus resultados. Estamos comprometidos a brindarle nuestra ayuda y conocimientos sobre c\u00f3mo proceder cuando exista un problema de control de plagas m\u00e1s dif\u00edcil de lo normal.<\/p>\n","protected":false},"excerpt":{"rendered":"<p>El repelente de animales ultras\u00f3nico utiliza tecnolog\u00eda s\u00f3nica para incomodar a p\u00e1jaros, perros y gatos, as\u00ed como a murci\u00e9lagos, ratas, ratones y algunas otras plagas.<\/p>\n","protected":false},"featured_media":6434,"template":"","meta":[],"product_brand":[],"product_cat":[312,309],"product_tag":[],"class_list":{"0":"post-6433","1":"product","2":"type-product","3":"status-publish","4":"has-post-thumbnail","6":"product_cat-control-electronico-de-plagas-y-repelentes","7":"product_cat-repelente-de-animales","9":"first","10":"instock","11":"shipping-taxable","12":"purchasable","13":"product-type-simple"},"_links":{"self":[{"href":"https:\/\/pestgate.com\/es\/wp-json\/wp\/v2\/product\/6433","targetHints":{"allow":["GET"]}}],"collection":[{"href":"https:\/\/pestgate.com\/es\/wp-json\/wp\/v2\/product"}],"about":[{"href":"https:\/\/pestgate.com\/es\/wp-json\/wp\/v2\/types\/product"}],"wp:featuredmedia":[{"embeddable":true,"href":"https:\/\/pestgate.com\/es\/wp-json\/wp\/v2\/media\/6434"}],"wp:attachment":[{"href":"https:\/\/pestgate.com\/es\/wp-json\/wp\/v2\/media?parent=6433"}],"wp:term":[{"taxonomy":"product_brand","embeddable":true,"href":"https:\/\/pestgate.com\/es\/wp-json\/wp\/v2\/product_brand?post=6433"},{"taxonomy":"product_cat","embeddable":true,"href":"https:\/\/pestgate.com\/es\/wp-json\/wp\/v2\/product_cat?post=6433"},{"taxonomy":"product_tag","embeddable":true,"href":"https:\/\/pestgate.com\/es\/wp-json\/wp\/v2\/product_tag?post=6433"}],"curies":[{"name":"wp","href":"https:\/\/api.w.org\/{rel}","templated":true}]}}