{"id":6440,"date":"2020-07-20T22:49:05","date_gmt":"2020-07-21T01:49:05","guid":{"rendered":"https:\/\/pestgate.com\/index.php\/product\/repelente-de-pajaros-3-en-1\/"},"modified":"2020-09-09T21:55:05","modified_gmt":"2020-09-10T00:55:05","slug":"repelente-de-pajaros-3-en-1","status":"publish","type":"product","link":"https:\/\/pestgate.com\/es\/producto\/repelente-de-pajaros-3-en-1\/","title":{"rendered":"Repelente de p\u00e1jaros 3 en 1"},"content":{"rendered":"<p>Ahuyentador de p\u00e1jaros 3 en 1 SSBCDR 33<\/p>\n<p>INTRODUCCI\u00d3N<\/p>\n<p>3 en 1 Bird Repeller utiliza tecnolog\u00eda s\u00f3nica para incomodar a plagas como p\u00e1jaros, gatos y perros, murci\u00e9lagos, ratas y ratones. Las ondas actuar\u00e1n directamente sobre los sistemas auditivo y nervioso de las plagas. Les provocan estr\u00e9s e incomodidad constantes por lo que pronto intentar\u00e1n escapar o salir de all\u00ed.<\/p>\n<p>Puede emitir ultrasonidos de baja frecuencia en forma de sonido audible de animales y alerta de sonido muy alto.<\/p>\n<p>El erradicador emite diferentes frecuencias de sonido de 3.000 Hz a 65.000 Hz. Tambi\u00e9n ofrece el modo de sincronizaci\u00f3n RANDOM o CONTINUOUS para la salida de frecuencia de sonido de barrido. La presi\u00f3n sonora del dispositivo es de aproximadamente 130 dB como m\u00e1ximo a trav\u00e9s de un amplio \u00e1ngulo de 280 grados.<\/p>\n<p>Adem\u00e1s, tiene una luz estrobosc\u00f3pica incorporada con aproximadamente 120.000 horas de vida \u00fatil con destellos verdes y blancos, lo que ayuda a disuadir y asustar a las plagas. De esta manera, el producto act\u00faa de manera eficaz, combinando autom\u00e1ticamente la alerta de sirena junto con una fuerte actualizaci\u00f3n estrobosc\u00f3pica para disuadir o asustar a las plagas.<\/p>\n<p>SOLICITUD:<\/p>\n<p>Para uso en interiores y exteriores (casas, f\u00e1bricas, tiendas de alimentos, negocios agr\u00edcolas, escuelas, hoteles, moteles, hospitales)<br \/>\nRelacionado con \u00e1reas de balcones, antepechos de ventanas, ventanas, parapetos, jardines, granjas, almacenes de alimentos, hogares de cuidado personal, estacionamientos abiertos, etc.<br \/>\nEl equipo es impermeable, NO sumergible, si se usa al aire libre y evita la luz solar directa.<br \/>\nCubierta: 1.750m2<\/p>\n<p>Incre\u00edble servicio al cliente Estamos preocupados por el \u00e9xito de su repelente y queremos utilizar nuestros m\u00e1s de 10 a\u00f1os de experiencia en el negocio del control electr\u00f3nico de plagas para resolver su problema. Cuando nos compra, no solo obtiene nuestro producto garantizado, sino que tambi\u00e9n obtiene acceso a nuestro sistema de soporte que se preocupa por sus resultados. Estamos comprometidos a brindarle nuestra ayuda y conocimientos sobre c\u00f3mo proceder cuando se presente un problema de control de aves m\u00e1s dif\u00edcil de lo normal.<\/p>\n<p>&nbsp;<\/p>\n","protected":false},"excerpt":{"rendered":"<p>3 en 1 Bird Repeller utiliza tecnolog\u00eda s\u00f3nica para incomodar a plagas como p\u00e1jaros, gatos y perros, murci\u00e9lagos, ratas y ratones. Las ondas actuar\u00e1n directamente sobre los sistemas auditivo y nervioso de las plagas. Les provocan estr\u00e9s e incomodidad constantes por lo que pronto intentar\u00e1n escapar o salir de all\u00ed.<\/p>\n","protected":false},"featured_media":6439,"template":"","meta":[],"product_brand":[],"product_cat":[312,309,311,310,308],"product_tag":[],"class_list":{"0":"post-6440","1":"product","2":"type-product","3":"status-publish","4":"has-post-thumbnail","6":"product_cat-control-electronico-de-plagas-y-repelentes","7":"product_cat-repelente-de-animales","8":"product_cat-repelente-de-aves","9":"product_cat-repelente-de-murcielagos","10":"product_cat-todo-para-el-agro","12":"first","13":"instock","14":"shipping-taxable","15":"purchasable","16":"product-type-simple"},"_links":{"self":[{"href":"https:\/\/pestgate.com\/es\/wp-json\/wp\/v2\/product\/6440","targetHints":{"allow":["GET"]}}],"collection":[{"href":"https:\/\/pestgate.com\/es\/wp-json\/wp\/v2\/product"}],"about":[{"href":"https:\/\/pestgate.com\/es\/wp-json\/wp\/v2\/types\/product"}],"wp:featuredmedia":[{"embeddable":true,"href":"https:\/\/pestgate.com\/es\/wp-json\/wp\/v2\/media\/6439"}],"wp:attachment":[{"href":"https:\/\/pestgate.com\/es\/wp-json\/wp\/v2\/media?parent=6440"}],"wp:term":[{"taxonomy":"product_brand","embeddable":true,"href":"https:\/\/pestgate.com\/es\/wp-json\/wp\/v2\/product_brand?post=6440"},{"taxonomy":"product_cat","embeddable":true,"href":"https:\/\/pestgate.com\/es\/wp-json\/wp\/v2\/product_cat?post=6440"},{"taxonomy":"product_tag","embeddable":true,"href":"https:\/\/pestgate.com\/es\/wp-json\/wp\/v2\/product_tag?post=6440"}],"curies":[{"name":"wp","href":"https:\/\/api.w.org\/{rel}","templated":true}]}}