{"id":6441,"date":"2020-07-20T22:49:05","date_gmt":"2020-07-21T01:49:05","guid":{"rendered":"https:\/\/pestgate.com\/index.php\/product\/espanta-aves-electronico\/"},"modified":"2020-09-09T21:58:26","modified_gmt":"2020-09-10T00:58:26","slug":"repelente-de-pajaros-electronico","status":"publish","type":"product","link":"https:\/\/pestgate.com\/es\/producto\/repelente-de-pajaros-electronico\/","title":{"rendered":"Repelente de p\u00e1jaros electr\u00f3nico"},"content":{"rendered":"<h4>ESPANTA AVES ELECTRONICO<\/h4>\n<h4><span style=\"color: #3366ff;\">REPELENTE ULTRASONICO SSBCDR 22<\/span><\/h4>\n<p>INTRODUCCI\u00d3N<\/p>\n<p>Espanta Aves 300M2 utiliza la tecnolog\u00eda sonica para incomodar a las aves, perros y gatos, as\u00ed como a los murci\u00e9lagos, ratas, ratones y algunas otras plagas.<\/p>\n<p>Puede emitir una baja frecuencia de ultrasonido en forma de sonido audible solo para animales y de alerta de sonido muy alto. Emite diferentes frecuencias de sonido de 3.000 Hz. a 65,000 Hz.<\/p>\n<p>Ofrece el modo de sincronizaci\u00f3n para ALEATORIO o CONTINUO para la salida de la frecuencia de sonido de barrido. La presi\u00f3n de sonido del dispositivo es de aproximadamente 130dB como m\u00e1ximo a trav\u00e9s de un \u00e1ngulo amplio de 280 grados.<\/p>\n<p>Tambi\u00e9n tiene la luz estrobosc\u00f3pica\u00a0 que ayuda a disuadir y asustar a las plagas de esta manera el producto act\u00faa de manera efectiva, autom\u00e1tica que combina la alerta de sirena, el sonido ultras\u00f3nico (silencioso para la mayor\u00eda de los seres humanos) junto con la actualizaci\u00f3n luces estroboscopicas fuerte para disuadir o asustar a las plagas.<\/p>\n<p>La luz estroboscopica brillante de verde y blanco tiene aproximadamente 120.000 horas de vida \u00fatil.<\/p>\n<p>Las ondas actuar\u00e1n directamente en los sistemas auditivo y nervioso de las plagas ya mencionadas. Les causan constantes estr\u00e9s y malestar, en consecuencia, intentar\u00e1n escapar o irse de all\u00ed.<\/p>\n<p>APLICACI\u00d3N ESPANTA AVES ELECTRONICO:<\/p>\n<ul>\n<li>Para uso en interiores y exteriores. ( casas, f\u00e1bricas, tiendas de alimentos, negocios agr\u00edcolas, escuelas, hoteles, moteles, hospitales, etc.)<\/li>\n<li>Relacionados con \u00e1reas de balc\u00f3n, repisas de ventanas, ventanas, paredes de parapeto, jardines, granjas, almacenes de alimentos, casas de cuidado personal, estacionamientos abiertos, etc.<\/li>\n<li>El equipo es a prueba de agua NO sumergible, si se usa al aire libre y evite la luz solar directa).<\/li>\n<li>Cubre: 300m2<\/li>\n<\/ul>\n<p>&nbsp;<\/p>\n","protected":false},"excerpt":{"rendered":"<p>Proporciona el modo de sincronizaci\u00f3n para RANDOM o CONTINUOUS para la salida de frecuencia de sonido barrida. La presi\u00f3n sonora del dispositivo es de aproximadamente 130 dB como m\u00e1ximo a trav\u00e9s de un amplio \u00e1ngulo de 280 grados.<\/p>\n","protected":false},"featured_media":6434,"template":"","meta":[],"product_brand":[],"product_cat":[311],"product_tag":[],"class_list":{"0":"post-6441","1":"product","2":"type-product","3":"status-publish","4":"has-post-thumbnail","6":"product_cat-repelente-de-aves","8":"first","9":"instock","10":"shipping-taxable","11":"purchasable","12":"product-type-simple"},"_links":{"self":[{"href":"https:\/\/pestgate.com\/es\/wp-json\/wp\/v2\/product\/6441","targetHints":{"allow":["GET"]}}],"collection":[{"href":"https:\/\/pestgate.com\/es\/wp-json\/wp\/v2\/product"}],"about":[{"href":"https:\/\/pestgate.com\/es\/wp-json\/wp\/v2\/types\/product"}],"wp:featuredmedia":[{"embeddable":true,"href":"https:\/\/pestgate.com\/es\/wp-json\/wp\/v2\/media\/6434"}],"wp:attachment":[{"href":"https:\/\/pestgate.com\/es\/wp-json\/wp\/v2\/media?parent=6441"}],"wp:term":[{"taxonomy":"product_brand","embeddable":true,"href":"https:\/\/pestgate.com\/es\/wp-json\/wp\/v2\/product_brand?post=6441"},{"taxonomy":"product_cat","embeddable":true,"href":"https:\/\/pestgate.com\/es\/wp-json\/wp\/v2\/product_cat?post=6441"},{"taxonomy":"product_tag","embeddable":true,"href":"https:\/\/pestgate.com\/es\/wp-json\/wp\/v2\/product_tag?post=6441"}],"curies":[{"name":"wp","href":"https:\/\/api.w.org\/{rel}","templated":true}]}}