{"id":6443,"date":"2020-07-20T22:49:05","date_gmt":"2020-07-21T01:49:05","guid":{"rendered":"https:\/\/pestgate.com\/index.php\/product\/mata-mosquitos-recargable-50m2\/"},"modified":"2020-07-20T22:49:05","modified_gmt":"2020-07-21T01:49:05","slug":"mata-mosquitos-recargable-50m2","status":"publish","type":"product","link":"https:\/\/pestgate.com\/es\/producto\/mata-mosquitos-recargable-50m2\/","title":{"rendered":"Mata mosquitos recargable 50m2"},"content":{"rendered":"<p>Trampa solar para insectos &#8211; W-TRAP 22<\/p>\n<p>Descripci\u00f3n<\/p>\n<p>La trampa de insectos solar utiliza luz LED UV espec\u00edfica (UV + azul) junto con la teor\u00eda de su reflexi\u00f3n y difusi\u00f3n de luz UV en la taza de agua (no incluida) y los alrededores. Un se\u00f1uelo econ\u00f3mico y eficaz para atraer insectos sensibles a la luz como:<\/p>\n<p>MOSCAS<br \/>\nPOLLAS<br \/>\nMOSQUITOS<br \/>\nAVISPAS, ETC.<\/p>\n<p>La bater\u00eda del producto debe cargarse a la luz del sol. El dispositivo tiene un sensor incorporado que enciende la luz ultravioleta al anochecer y se apaga al amanecer.<br \/>\nUna vez ensamblado el producto, coloque la estaca en el suelo a unos 15\/20 cm y llene la taza de atracci\u00f3n con un 80% de agua dulce (se puede usar una botella de agua de corte transversal para formar una taza de reciclaje.<br \/>\nPara un mejor rendimiento, coloque el dispositivo en un rinc\u00f3n oscuro, evitando lugares donde haya luz brillante (l\u00e1mparas o materiales reflectantes fuertes).<\/p>\n<p>Para los insectos diurnos ya que no responden fuertemente a la luz del dispositivo, es recomendable colocar una peque\u00f1a cantidad de cerveza o refrescos en la taza de atracci\u00f3n y as\u00ed atraparlos a trav\u00e9s del aroma \/ calor. Otra sugerencia: agregue 1-2 cucharadas de cada levadura y az\u00facar en la atractiva taza de agua para crear di\u00f3xido de carbono que atraiga efectivamente a los mosquitos y algunos insectos durante todo el d\u00eda.<\/p>\n<p>El asesino solar de mosquitos es impermeable a la lluvia, pero no se puede sumergir.<\/p>\n<p>\u00datil para: EXTERIORES: granjas, jardines, \u00e1reas de acampada, restaurantes al aire libre, etc.<br \/>\nNormalmente una buena carga de luz zolar de 8 horas la iluminaci\u00f3n LED UV puede durar hasta 12 \/ 15hs.<\/p>\n<p>La trampa de insectos solar incluye:<\/p>\n<p>Dispositivo principal con panel solar<br \/>\nPortavasos superior<br \/>\nPortavasos inferior (para apoyar la parte inferior de la taza de atracci\u00f3n, no incluido)<br \/>\n4 estacas parciales que se conectan entre s\u00ed para formar una estaca de soporte larga.<\/p>\n<p>Incre\u00edble servicio al cliente Nos preocupamos por el \u00e9xito de su producto y queremos utilizar nuestros m\u00e1s de 10 a\u00f1os de experiencia en el negocio del control electr\u00f3nico de plagas para resolver su problema. Cuando nos compra, no solo obtiene nuestro producto garantizado, sino que tambi\u00e9n obtiene acceso a nuestro sistema de soporte que se preocupa por sus resultados. Estamos comprometidos a brindarle nuestra ayuda y conocimientos sobre c\u00f3mo proceder cuando exista un problema de control de plagas m\u00e1s dif\u00edcil de lo normal.<\/p>\n","protected":false},"excerpt":{"rendered":"<p>La trampa de insectos solar utiliza luz LED UV espec\u00edfica (UV + azul) junto con la teor\u00eda de su reflexi\u00f3n y difusi\u00f3n de luz UV en la taza de agua (no incluida) y los alrededores. Un se\u00f1uelo econ\u00f3mico y eficaz para atraer insectos sensibles a la luz.<\/p>\n","protected":false},"featured_media":6444,"template":"","meta":[],"product_brand":[],"product_cat":[314,313,315],"product_tag":[],"class_list":{"0":"post-6443","1":"product","2":"type-product","3":"status-publish","4":"has-post-thumbnail","6":"product_cat-mata-insectos","7":"product_cat-mata-moscas","8":"product_cat-mata-mosquitos","10":"first","11":"instock","12":"shipping-taxable","13":"purchasable","14":"product-type-simple"},"_links":{"self":[{"href":"https:\/\/pestgate.com\/es\/wp-json\/wp\/v2\/product\/6443","targetHints":{"allow":["GET"]}}],"collection":[{"href":"https:\/\/pestgate.com\/es\/wp-json\/wp\/v2\/product"}],"about":[{"href":"https:\/\/pestgate.com\/es\/wp-json\/wp\/v2\/types\/product"}],"wp:featuredmedia":[{"embeddable":true,"href":"https:\/\/pestgate.com\/es\/wp-json\/wp\/v2\/media\/6444"}],"wp:attachment":[{"href":"https:\/\/pestgate.com\/es\/wp-json\/wp\/v2\/media?parent=6443"}],"wp:term":[{"taxonomy":"product_brand","embeddable":true,"href":"https:\/\/pestgate.com\/es\/wp-json\/wp\/v2\/product_brand?post=6443"},{"taxonomy":"product_cat","embeddable":true,"href":"https:\/\/pestgate.com\/es\/wp-json\/wp\/v2\/product_cat?post=6443"},{"taxonomy":"product_tag","embeddable":true,"href":"https:\/\/pestgate.com\/es\/wp-json\/wp\/v2\/product_tag?post=6443"}],"curies":[{"name":"wp","href":"https:\/\/api.w.org\/{rel}","templated":true}]}}