{"id":6445,"date":"2020-07-20T22:49:05","date_gmt":"2020-07-21T01:49:05","guid":{"rendered":"https:\/\/pestgate.com\/index.php\/product\/rechargeable-flies-and-mosquitoes-killer\/"},"modified":"2020-09-09T22:04:03","modified_gmt":"2020-09-10T01:04:03","slug":"rechargeable-flies-and-mosquitoes-killer","status":"publish","type":"product","link":"https:\/\/pestgate.com\/es\/producto\/rechargeable-flies-and-mosquitoes-killer\/","title":{"rendered":"Rechargeable Flies and Mosquitoes Killer"},"content":{"rendered":"<p>Mata moscas y mosquitos recargable<\/p>\n<p>Modelo: Itrap 1122<\/p>\n<p>Trampa para moscas y mosquitos UV (ultravioleta) recargable.<br \/>\nUtiliza una luz ultravioleta como se\u00f1uelo eficaz para atraer insectos sensibles a la luz y as\u00ed formar un sistema de exterminio electr\u00f3nico, pr\u00e1ctico, eficiente, higi\u00e9nico y autom\u00e1tico.<br \/>\nInsectos voladores sensibles a la luz como moscas, mosquitos, hormigas voladoras, etc. Ser\u00e1n atra\u00eddos por la luz ultravioleta y quedar\u00e1n atrapados all\u00ed en la placa adhesiva.<\/p>\n<p>&#8211; Rango de aplicaci\u00f3n:<br \/>\nApto para uso interior: habitaciones, salones, dormitorios, cocinas, s\u00f3tanos, pasillos, etc.<\/p>\n<p>&#8211; Econ\u00f3mico:<br \/>\nAlta eficiencia con bajo consumo energ\u00e9tico. Consume 2.5v en funcionamiento. Es una invenci\u00f3n ecol\u00f3gica que no necesita insecticidas ni productos qu\u00edmicos.<br \/>\n&#8211; El tiempo normal de recarga de 6 a 12 horas ser\u00e1 de 6 a 8 horas de funcionamiento del dispositivo.<\/p>\n<p>El asesino de moscas y mosquitos recargable puede durar m\u00e1s de 8 a\u00f1os en condiciones normales y buenas. La cobertura aproximada de este dispositivo es de 25m2. Coloque el dispositivo en un rinc\u00f3n oscuro para evitar lugares donde haya luz intensa. Duraci\u00f3n aproximada 120.000 horas<\/p>\n<p>Trampa 1122 recargable incluye:<\/p>\n<p>&#8211; repuestos adhesivos 5 unidades<br \/>\n&#8211; Fuente de alimentaci\u00f3n de 5 voltios, incluye cable USB y bater\u00edas<br \/>\n&#8211; Es totalmente inofensivo para humanos y animales.<\/p>\n","protected":false},"excerpt":{"rendered":"<p>Trampa para moscas y mosquitos UV (ultravioleta) recargable.<br \/>\nUtiliza una luz ultravioleta como se\u00f1uelo eficaz para atraer insectos sensibles a la luz y as\u00ed formar un sistema de exterminio electr\u00f3nico, pr\u00e1ctico, eficiente, higi\u00e9nico y autom\u00e1tico.<br \/>\nInsectos voladores sensibles a la luz como moscas, mosquitos, hormigas voladoras, etc. Ser\u00e1n atra\u00eddos por la luz ultravioleta y quedar\u00e1n atrapados all\u00ed en la placa adhesiva.<\/p>\n","protected":false},"featured_media":6446,"template":"","meta":[],"product_brand":[],"product_cat":[312,314,313,315,317],"product_tag":[],"class_list":{"0":"post-6445","1":"product","2":"type-product","3":"status-publish","4":"has-post-thumbnail","6":"product_cat-control-electronico-de-plagas-y-repelentes","7":"product_cat-mata-insectos","8":"product_cat-mata-moscas","9":"product_cat-mata-mosquitos","10":"product_cat-oferta","12":"first","13":"instock","14":"shipping-taxable","15":"purchasable","16":"product-type-simple"},"_links":{"self":[{"href":"https:\/\/pestgate.com\/es\/wp-json\/wp\/v2\/product\/6445","targetHints":{"allow":["GET"]}}],"collection":[{"href":"https:\/\/pestgate.com\/es\/wp-json\/wp\/v2\/product"}],"about":[{"href":"https:\/\/pestgate.com\/es\/wp-json\/wp\/v2\/types\/product"}],"wp:featuredmedia":[{"embeddable":true,"href":"https:\/\/pestgate.com\/es\/wp-json\/wp\/v2\/media\/6446"}],"wp:attachment":[{"href":"https:\/\/pestgate.com\/es\/wp-json\/wp\/v2\/media?parent=6445"}],"wp:term":[{"taxonomy":"product_brand","embeddable":true,"href":"https:\/\/pestgate.com\/es\/wp-json\/wp\/v2\/product_brand?post=6445"},{"taxonomy":"product_cat","embeddable":true,"href":"https:\/\/pestgate.com\/es\/wp-json\/wp\/v2\/product_cat?post=6445"},{"taxonomy":"product_tag","embeddable":true,"href":"https:\/\/pestgate.com\/es\/wp-json\/wp\/v2\/product_tag?post=6445"}],"curies":[{"name":"wp","href":"https:\/\/api.w.org\/{rel}","templated":true}]}}