{"id":6448,"date":"2020-07-20T22:49:05","date_gmt":"2020-07-21T01:49:05","guid":{"rendered":"https:\/\/pestgate.com\/index.php\/product\/mata-moscas-y-mosquitos-solar\/"},"modified":"2020-09-09T22:06:34","modified_gmt":"2020-09-10T01:06:34","slug":"mata-moscas-y-mosquitos-solar","status":"publish","type":"product","link":"https:\/\/pestgate.com\/es\/producto\/mata-moscas-y-mosquitos-solar\/","title":{"rendered":"Mata moscas y mosquitos solar"},"content":{"rendered":"<p>Mata moscas y mosquitos solar<\/p>\n<p>Utiliza una luz LED UV como se\u00f1uelo eficaz para atraer insectos sensibles a la luz y as\u00ed formar un sistema de exterminio electr\u00f3nico pr\u00e1ctico, eficiente, higi\u00e9nico y autom\u00e1tico.<br \/>\nInsectos voladores sensibles a la luz como moscas, polillas, mosquitos, avispas, etc. Se sentir\u00e1n atra\u00eddos por la luz LED UV y volar\u00e1n hacia sus rejillas met\u00e1licas cargadas el\u00e9ctricamente hacia su electrocuci\u00f3n.<br \/>\n&#8211; Rango de aplicaci\u00f3n:<br \/>\nAdecuado para uso en interiores y al aire libre; para casas, f\u00e1bricas, tiendas de alimentos, agroindustrias, granjas, escuelas, hoteles, moteles, hospitales, etc.<\/p>\n<p>Modelo KTZ1902 LED<\/p>\n<p>POTENCIA LED 2X4W<br \/>\nDIMENSI\u00d3N 62X23X60 cm<br \/>\nALCANCE DE ACCI\u00d3N 250M<\/p>\n<p>La dimensi\u00f3n es largo x ancho x alto, la altura incluye el portal\u00e1mparas (alto: 32 cm)<\/p>\n<p>Caracter\u00edsticas MATAN A MOSQUITOS Y MOSCAS SOLARES<\/p>\n<p>1. La l\u00e1mpara para matar mosquitos debe instalarse en un lugar alejado de las personas y con poca luz. Evite refugiarse de \u00e1rboles o sujetos altos para obtener el mejor efecto.<br \/>\n2. Verifique la tensi\u00f3n antes de usar el producto. La entrada A0220V debe estar conectada a tierra.<br \/>\n3. Prohibido tocar la red electrificada cuando est\u00e1 encendida ya que el voltaje de la red electrificada es m\u00e1s de 2000V.<br \/>\n4. Sugerimos reemplazar el tubo cada 6 meses para obtener el mejor efecto de captura de mosquitos.<br \/>\n5. Evite utilizar el producto en un entorno corrosivo para prolongar la vida \u00fatil de la caja de la l\u00e1mpara de aleaci\u00f3n de aluminio.<br \/>\n7. Mant\u00e9ngase alejado del fuego y de los ni\u00f1os antes de encender el producto.<\/p>\n","protected":false},"excerpt":{"rendered":"<p>Mata moscas y mosquitos solar Utiliza una luz LED UV como se\u00f1uelo eficaz para atraer insectos sensibles a la luz y as\u00ed formar un sistema de exterminio electr\u00f3nico pr\u00e1ctico, eficiente,<\/p>\n","protected":false},"featured_media":6449,"template":"","meta":[],"product_brand":[],"product_cat":[312,314,313,315,317],"product_tag":[],"class_list":{"0":"post-6448","1":"product","2":"type-product","3":"status-publish","4":"has-post-thumbnail","6":"product_cat-control-electronico-de-plagas-y-repelentes","7":"product_cat-mata-insectos","8":"product_cat-mata-moscas","9":"product_cat-mata-mosquitos","10":"product_cat-oferta","12":"first","13":"instock","14":"shipping-taxable","15":"purchasable","16":"product-type-simple"},"_links":{"self":[{"href":"https:\/\/pestgate.com\/es\/wp-json\/wp\/v2\/product\/6448","targetHints":{"allow":["GET"]}}],"collection":[{"href":"https:\/\/pestgate.com\/es\/wp-json\/wp\/v2\/product"}],"about":[{"href":"https:\/\/pestgate.com\/es\/wp-json\/wp\/v2\/types\/product"}],"wp:featuredmedia":[{"embeddable":true,"href":"https:\/\/pestgate.com\/es\/wp-json\/wp\/v2\/media\/6449"}],"wp:attachment":[{"href":"https:\/\/pestgate.com\/es\/wp-json\/wp\/v2\/media?parent=6448"}],"wp:term":[{"taxonomy":"product_brand","embeddable":true,"href":"https:\/\/pestgate.com\/es\/wp-json\/wp\/v2\/product_brand?post=6448"},{"taxonomy":"product_cat","embeddable":true,"href":"https:\/\/pestgate.com\/es\/wp-json\/wp\/v2\/product_cat?post=6448"},{"taxonomy":"product_tag","embeddable":true,"href":"https:\/\/pestgate.com\/es\/wp-json\/wp\/v2\/product_tag?post=6448"}],"curies":[{"name":"wp","href":"https:\/\/api.w.org\/{rel}","templated":true}]}}