{"id":6453,"date":"2020-07-20T22:49:05","date_gmt":"2020-07-21T01:49:05","guid":{"rendered":"https:\/\/pestgate.com\/index.php\/product\/repelente-de-roedores-para-carro\/"},"modified":"2020-07-20T22:49:05","modified_gmt":"2020-07-21T01:49:05","slug":"repelente-de-roedores-para-carro","status":"publish","type":"product","link":"https:\/\/pestgate.com\/es\/producto\/repelente-de-roedores-para-carro\/","title":{"rendered":"Repelente de roedores para carro"},"content":{"rendered":"<p>Repelente de roedores para carro<\/p>\n<p>\u00bfComo funciona?<br \/>\nEl repelente de roedores para autom\u00f3viles utiliza alta tecnolog\u00eda para producir ondas ultras\u00f3nicas s\u00f3lidas \/ de frecuencia, que estimulan de manera efectiva el sistema nervioso y el sistema auditivo de los roedores dentro del rango controlado, causando malestar y disgusto y un escape r\u00e1pido de la escena.<\/p>\n<p>Este producto se utiliza principalmente para expulsar roedores y tambi\u00e9n tiene un cierto efecto impulsor sobre otras plagas. El alcance efectivo es de unos 120 metros cuadrados.<\/p>\n<p>El producto est\u00e1 cableado y alimentado por la bater\u00eda de su veh\u00edculo. Es conveniente, eficaz y ecol\u00f3gico. Este art\u00edculo aleja a los roedores de su tractor, autom\u00f3vil y garaje. Emite ondas ultras\u00f3nicas que incomodan a los roedores y huyen.<\/p>\n<p>El dispositivo se suministra con cables. Hay dos cables, el cable rojo debe estar conectado al electrodo positivo y el cable negro debe estar conectado al c\u00e1todo.<\/p>\n<p>Tiene un bajo consumo energ\u00e9tico. Los sonidos son apenas perceptibles para el o\u00eddo humano y mantienen a los roedores alejados del veh\u00edculo. Protege cables, alambres y otras piezas de goma de da\u00f1os causados \u200b\u200bpor roedores.<\/p>\n<p>Datos t\u00e9cnicos Repelente de roedores para autom\u00f3viles:<\/p>\n<p>Fuente de alimentaci\u00f3n: bater\u00eda de almacenamiento de coche.<br \/>\nFrecuencia: 12-45 KHZ.<br \/>\nPantalla: indicaci\u00f3n LED.<br \/>\nVentaja: libre de qu\u00edmicos, f\u00e1cil de usar e instalar.<\/p>\n<p>Incre\u00edble servicio al cliente Nos preocupamos por el \u00e9xito de su producto y queremos utilizar nuestros m\u00e1s de 10 a\u00f1os de experiencia en el negocio del control electr\u00f3nico de plagas para resolver su problema. Cuando nos compra, no solo obtiene nuestro producto garantizado, sino que tambi\u00e9n obtiene acceso a nuestro sistema de soporte que se preocupa por sus resultados. Estamos comprometidos a brindarle nuestra ayuda y conocimientos sobre c\u00f3mo proceder cuando exista un problema de control de plagas m\u00e1s dif\u00edcil de lo normal.<\/p>\n","protected":false},"excerpt":{"rendered":"<p>El repelente de roedores para autom\u00f3viles utiliza alta tecnolog\u00eda para producir ondas ultras\u00f3nicas s\u00f3lidas \/ de frecuencia, que estimulan de manera efectiva el sistema nervioso y el sistema auditivo de los roedores dentro del rango controlado, causando malestar y disgusto y un escape r\u00e1pido de la escena.<\/p>\n","protected":false},"featured_media":6454,"template":"","meta":[],"product_brand":[],"product_cat":[312,309,316],"product_tag":[],"class_list":{"0":"post-6453","1":"product","2":"type-product","3":"status-publish","4":"has-post-thumbnail","6":"product_cat-control-electronico-de-plagas-y-repelentes","7":"product_cat-repelente-de-animales","8":"product_cat-repelente-de-roedores","10":"first","11":"instock","12":"shipping-taxable","13":"purchasable","14":"product-type-simple"},"_links":{"self":[{"href":"https:\/\/pestgate.com\/es\/wp-json\/wp\/v2\/product\/6453","targetHints":{"allow":["GET"]}}],"collection":[{"href":"https:\/\/pestgate.com\/es\/wp-json\/wp\/v2\/product"}],"about":[{"href":"https:\/\/pestgate.com\/es\/wp-json\/wp\/v2\/types\/product"}],"wp:featuredmedia":[{"embeddable":true,"href":"https:\/\/pestgate.com\/es\/wp-json\/wp\/v2\/media\/6454"}],"wp:attachment":[{"href":"https:\/\/pestgate.com\/es\/wp-json\/wp\/v2\/media?parent=6453"}],"wp:term":[{"taxonomy":"product_brand","embeddable":true,"href":"https:\/\/pestgate.com\/es\/wp-json\/wp\/v2\/product_brand?post=6453"},{"taxonomy":"product_cat","embeddable":true,"href":"https:\/\/pestgate.com\/es\/wp-json\/wp\/v2\/product_cat?post=6453"},{"taxonomy":"product_tag","embeddable":true,"href":"https:\/\/pestgate.com\/es\/wp-json\/wp\/v2\/product_tag?post=6453"}],"curies":[{"name":"wp","href":"https:\/\/api.w.org\/{rel}","templated":true}]}}