{"id":6456,"date":"2020-07-20T22:49:05","date_gmt":"2020-07-21T01:49:05","guid":{"rendered":"https:\/\/pestgate.com\/index.php\/product\/repelente-de-animales-por-ultrasonido\/"},"modified":"2020-09-09T22:07:35","modified_gmt":"2020-09-10T01:07:35","slug":"repelente-de-animales-por-ultrasonido","status":"publish","type":"product","link":"https:\/\/pestgate.com\/es\/producto\/repelente-de-animales-por-ultrasonido\/","title":{"rendered":"Repelente de animales por ultrasonido"},"content":{"rendered":"<p>REPELENTE DE ANIMALES DE AVES PERROS Y GATOS<\/p>\n<p>El Repelente de Animales est\u00e1 dise\u00f1ado para repeler manualmente diferentes plagas por ejemplo: p\u00e1jaros, gatos y perros<br \/>\nSe puede utilizar en grandes espacios abiertos, desde 12 metros hasta 60 metros con tres modos de uso:<\/p>\n<p>Luces estrobosc\u00f3picas<br \/>\nOndas s\u00f3nicas y estrobosc\u00f3picas audibles<br \/>\nOndas ultras\u00f3nicas y estrobosc\u00f3picos<br \/>\nTiene dos potentes altavoces de alta calidad<br \/>\nEl dispositivo es inofensivo para humanos, mascotas, plantas, etc &#8230; adem\u00e1s no interfiere con el circuito de televisores, radios, alarmas, detectores de fuego o humo, etc &#8230;<\/p>\n<p>El dispositivo es para uso en interiores o exteriores, pero no es resistente al agua. Est\u00e1 alimentado por una bater\u00eda alcalina de 9V. (no incluido). Es una herramienta disponible para controlar y asustar a los perros sin causar da\u00f1o a los animales.<\/p>\n<p>Tambi\u00e9n tiene la luz estrobosc\u00f3pica que ayuda a disuadir y ahuyentar a las plagas de esta manera el producto funciona de manera efectiva, puede combinar la alerta de sirena, el sonido ultras\u00f3nico (silencioso para la mayor\u00eda de los humanos) y mejorar las luces estrobosc\u00f3picas fuertes para disuadir o ahuyentar a las plagas.<\/p>\n<p>Incre\u00edble servicio al cliente Estamos preocupados por su \u00e9xito con el repelente y queremos usar nuestra experiencia de m\u00e1s de 10 a\u00f1os en el negocio del control electr\u00f3nico de plagas para resolver su problema. Cuando nos compra, no solo obtiene nuestro producto garantizado, sino que tambi\u00e9n obtiene acceso a nuestro sistema de soporte que se preocupa por sus resultados. Estamos comprometidos a brindarle nuestra ayuda y conocimiento sobre c\u00f3mo proceder cuando haya un problema de control de aves m\u00e1s dif\u00edcil de lo normal.<\/p>\n","protected":false},"excerpt":{"rendered":"<p>REPELENTE DE ANIMALES DE AVES PERROS Y GATOS El Repelente de Animales est\u00e1 dise\u00f1ado para repeler manualmente diferentes plagas por ejemplo: p\u00e1jaros, gatos y perros Se puede utilizar en grandes<\/p>\n","protected":false},"featured_media":6457,"template":"","meta":[],"product_brand":[],"product_cat":[312,309,311,310],"product_tag":[],"class_list":{"0":"post-6456","1":"product","2":"type-product","3":"status-publish","4":"has-post-thumbnail","6":"product_cat-control-electronico-de-plagas-y-repelentes","7":"product_cat-repelente-de-animales","8":"product_cat-repelente-de-aves","9":"product_cat-repelente-de-murcielagos","11":"first","12":"instock","13":"shipping-taxable","14":"purchasable","15":"product-type-simple"},"_links":{"self":[{"href":"https:\/\/pestgate.com\/es\/wp-json\/wp\/v2\/product\/6456","targetHints":{"allow":["GET"]}}],"collection":[{"href":"https:\/\/pestgate.com\/es\/wp-json\/wp\/v2\/product"}],"about":[{"href":"https:\/\/pestgate.com\/es\/wp-json\/wp\/v2\/types\/product"}],"wp:featuredmedia":[{"embeddable":true,"href":"https:\/\/pestgate.com\/es\/wp-json\/wp\/v2\/media\/6457"}],"wp:attachment":[{"href":"https:\/\/pestgate.com\/es\/wp-json\/wp\/v2\/media?parent=6456"}],"wp:term":[{"taxonomy":"product_brand","embeddable":true,"href":"https:\/\/pestgate.com\/es\/wp-json\/wp\/v2\/product_brand?post=6456"},{"taxonomy":"product_cat","embeddable":true,"href":"https:\/\/pestgate.com\/es\/wp-json\/wp\/v2\/product_cat?post=6456"},{"taxonomy":"product_tag","embeddable":true,"href":"https:\/\/pestgate.com\/es\/wp-json\/wp\/v2\/product_tag?post=6456"}],"curies":[{"name":"wp","href":"https:\/\/api.w.org\/{rel}","templated":true}]}}