{"id":6466,"date":"2020-07-20T22:49:05","date_gmt":"2020-07-21T01:49:05","guid":{"rendered":"https:\/\/pestgate.com\/index.php\/product\/mata-moscas-y-mosquitos-122\/"},"modified":"2020-09-09T22:09:52","modified_gmt":"2020-09-10T01:09:52","slug":"mata-moscas-y-mosquitos-122","status":"publish","type":"product","link":"https:\/\/pestgate.com\/es\/producto\/mata-moscas-y-mosquitos-122\/","title":{"rendered":"MATA MOSCAS Y MOSQUITOS 122"},"content":{"rendered":"<h4>Mata Moscas y Mosquitos con luz UV(Ultra Violeta)<\/h4>\n<p>El Mata Moscas y Mosquitos utiliza una luz UV\u00a0 como se\u00f1uelo eficaz para atraer insectos sensibles a la luz y asi formar un sistema electr\u00f3nico de exterminio practico, eficiente, higi\u00e9nico y autom\u00e1tico.<\/p>\n<p>Los insectos voladores sensibles a la luz como moscas, mosquitos, hormigas voladoras, etc\u00a0 ser\u00e1n atra\u00eddos por la luz UV\u00a0 y quedaran atrapados alli\u00a0 en placa adhesiva.<\/p>\n<p>&#8211; Rango de aplicaci\u00f3n:<br \/>\nApto para uso interior: habitaciones, salones, dormitorios, cocinas, s\u00f3tanos, pasillos, etc. El producto es seguro tanto para seres humanos como animales.<\/p>\n<p>&#8211; Economico:<br \/>\nAlta eficiencia con bajo consumo de energ\u00eda. Consume 2.5v en funcionamiento. Es una invension amigable con el medio ambiente no se necesita ning\u00fan insecticida o producto qu\u00edmico.<\/p>\n<p>El producto puede durar mas de 8 a\u00f1os en condiciones normales y buenas. La cobertura aproximada de este dispositivo es de 25m2. Colocar el dispositivo en un rinc\u00f3n oscuro evitar lugares donde haya luz intensa y utilizar deseablemente de manera interrumpida para mejores resultados.<\/p>\n<p>Incluye:<\/p>\n<ul>\n<li>repuestos adhesivos 5 unidades<\/li>\n<li>No utiliza ning\u00fan tipo de insecticida<\/li>\n<li>Alimentacion 5 volts, incluye cable USB y transformador<\/li>\n<li>Es totalmente inofensivo para seres humanos y animales<\/li>\n<\/ul>\n<h4><\/h4>\n<p><strong>Servicio al cliente incre\u00edble<\/strong>\u00a0\u00a1Nos preocupa su \u00e9xito con su producto, y queremos utilizar nuestra experiencia de m\u00e1s de 10 a\u00f1os en el negocio de control electr\u00f3nico de plagas para resolver su problema! Cuando nos compra, no solo obtiene nuestro producto garantizado, sino que tambi\u00e9n obtiene acceso a nuestro sistema de soporte que se preocupa por sus resultados. Nos comprometemos a brindarle nuestra ayuda y conocimientos sobre c\u00f3mo proceder cuando exista un problema de control de plagas m\u00e1s dif\u00edcil de lo normal.<\/p>\n<h4><a href=\"https:\/\/todoparaplagas.com.ar\/contacto\/\">Contacto click aqui<\/a><\/h4>\n<h4>Informacion sobre enfermedades transmitidas por plagas.<\/h4>\n<h4><a href=\"https:\/\/www.isglobal.org\/es\/publication\/-\/asset_publisher\/ljGAMKTwu9m4\/content\/sospechosos-habituales-6-vectores-minusculos-que-representan-una-amenaza-mayuscula?gclid=EAIaIQobChMIl-aXkcWs4gIVjYKRCh2YUATVEAAYASAAEgIFAPD_BwE\">Articulo 1<\/a><\/h4>\n<h4><a href=\"https:\/\/es.wikipedia.org\/wiki\/Rattus\">Articulo 2<\/a><\/h4>\n","protected":false},"excerpt":{"rendered":"<p>Mata Moscas y Mosquitos con luz UV(Ultra Violeta) El Mata Moscas y Mosquitos utiliza una luz UV\u00a0 como se\u00f1uelo eficaz para atraer insectos sensibles a la luz y asi formar<\/p>\n","protected":false},"featured_media":6446,"template":"","meta":[],"product_brand":[],"product_cat":[314],"product_tag":[],"class_list":{"0":"post-6466","1":"product","2":"type-product","3":"status-publish","4":"has-post-thumbnail","6":"product_cat-mata-insectos","8":"first","9":"instock","10":"shipping-taxable","11":"purchasable","12":"product-type-simple"},"_links":{"self":[{"href":"https:\/\/pestgate.com\/es\/wp-json\/wp\/v2\/product\/6466","targetHints":{"allow":["GET"]}}],"collection":[{"href":"https:\/\/pestgate.com\/es\/wp-json\/wp\/v2\/product"}],"about":[{"href":"https:\/\/pestgate.com\/es\/wp-json\/wp\/v2\/types\/product"}],"wp:featuredmedia":[{"embeddable":true,"href":"https:\/\/pestgate.com\/es\/wp-json\/wp\/v2\/media\/6446"}],"wp:attachment":[{"href":"https:\/\/pestgate.com\/es\/wp-json\/wp\/v2\/media?parent=6466"}],"wp:term":[{"taxonomy":"product_brand","embeddable":true,"href":"https:\/\/pestgate.com\/es\/wp-json\/wp\/v2\/product_brand?post=6466"},{"taxonomy":"product_cat","embeddable":true,"href":"https:\/\/pestgate.com\/es\/wp-json\/wp\/v2\/product_cat?post=6466"},{"taxonomy":"product_tag","embeddable":true,"href":"https:\/\/pestgate.com\/es\/wp-json\/wp\/v2\/product_tag?post=6466"}],"curies":[{"name":"wp","href":"https:\/\/api.w.org\/{rel}","templated":true}]}}