{"id":6468,"date":"2020-07-20T22:49:05","date_gmt":"2020-07-21T01:49:05","guid":{"rendered":"https:\/\/pestgate.com\/index.php\/product\/mata-insectos-voladores-uv-ls-40\/"},"modified":"2020-07-20T22:49:05","modified_gmt":"2020-07-21T01:49:05","slug":"mata-insectos-voladores-uv-ls-40","status":"publish","type":"product","link":"https:\/\/pestgate.com\/es\/producto\/mata-insectos-voladores-uv-ls-40\/","title":{"rendered":"Mata insectos voladores UV LS-40"},"content":{"rendered":"<p>Mata insectos voladores con luz LED UV<\/p>\n<p>El UV Lantern Insect Killer utiliza una luz LED UV como un se\u00f1uelo eficaz para atraer insectos sensibles a la luz y as\u00ed formar un sistema de exterminio electr\u00f3nico pr\u00e1ctico, eficiente, higi\u00e9nico y autom\u00e1tico.<br \/>\nInsectos voladores sensibles a la luz como moscas, polillas, mosquitos, avispas, etc. Se sentir\u00e1n atra\u00eddos por la luz LED UV y volar\u00e1n hacia sus rejillas met\u00e1licas cargadas el\u00e9ctricamente hacia su electrocuci\u00f3n.<br \/>\n&#8211; Rango de aplicaci\u00f3n:<br \/>\nAdecuado para uso en interiores y al aire libre; para hogares, f\u00e1bricas, tiendas de alimentos, agroindustria, granjas, escuelas, hoteles, moteles, hospitales, etc.<br \/>\n&#8211; Econ\u00f3mico:<br \/>\nAlta eficiencia con bajo consumo energ\u00e9tico. Consume 5v en funcionamiento, aproximadamente 1\/3 del consumo de energ\u00eda de un insecticida tradicional que utiliza un tubo fluorescente UV. El circuito dise\u00f1ado cient\u00edficamente funciona por debajo del miliamperio m\u00e1ximo permitido. Luz LED UV inofensiva para humanos y mascotas.<\/p>\n<p>El producto puede durar m\u00e1s de 8 a\u00f1os en condiciones normales y buenas.<br \/>\nEn general, el alcance del atractivo de la luz en la l\u00ednea de visi\u00f3n es de aprox. 40 metros. La cobertura aproximada de este dispositivo es de 1.300m2<br \/>\nColoque el dispositivo en un rinc\u00f3n oscuro o c\u00e1lido. Evite los lugares donde haya luz brillante, l\u00e1mparas o materiales reflectantes fuertes.<\/p>\n<p>The Lantern Mosquito Killer incluye:<br \/>\nCepillo de limpieza de 1 pieza<br \/>\n1 adaptador de 5v.<\/p>\n<p>Incre\u00edble servicio al cliente \u00a1Nos preocupa el \u00e9xito de su producto y queremos utilizar nuestra experiencia de m\u00e1s de 10 a\u00f1os en el negocio del control electr\u00f3nico de plagas para resolver su problema! Cuando nos compra, no solo obtiene nuestro producto garantizado, sino que tambi\u00e9n obtiene acceso a nuestro sistema de soporte que se preocupa por sus resultados. Estamos comprometidos a brindarle nuestra ayuda y conocimiento sobre c\u00f3mo proceder cuando hay un problema de control de plagas m\u00e1s dif\u00edcil de lo normal.<\/p>\n","protected":false},"excerpt":{"rendered":"<p>Mata insectos voladores con luz LED UV El UV Lantern Insect Killer utiliza una luz LED UV como un se\u00f1uelo eficaz para atraer insectos sensibles a la luz y as\u00ed<\/p>\n","protected":false},"featured_media":6469,"template":"","meta":[],"product_brand":[],"product_cat":[312,314,313,315],"product_tag":[],"class_list":{"0":"post-6468","1":"product","2":"type-product","3":"status-publish","4":"has-post-thumbnail","6":"product_cat-control-electronico-de-plagas-y-repelentes","7":"product_cat-mata-insectos","8":"product_cat-mata-moscas","9":"product_cat-mata-mosquitos","11":"first","12":"instock","13":"shipping-taxable","14":"purchasable","15":"product-type-simple"},"_links":{"self":[{"href":"https:\/\/pestgate.com\/es\/wp-json\/wp\/v2\/product\/6468","targetHints":{"allow":["GET"]}}],"collection":[{"href":"https:\/\/pestgate.com\/es\/wp-json\/wp\/v2\/product"}],"about":[{"href":"https:\/\/pestgate.com\/es\/wp-json\/wp\/v2\/types\/product"}],"wp:featuredmedia":[{"embeddable":true,"href":"https:\/\/pestgate.com\/es\/wp-json\/wp\/v2\/media\/6469"}],"wp:attachment":[{"href":"https:\/\/pestgate.com\/es\/wp-json\/wp\/v2\/media?parent=6468"}],"wp:term":[{"taxonomy":"product_brand","embeddable":true,"href":"https:\/\/pestgate.com\/es\/wp-json\/wp\/v2\/product_brand?post=6468"},{"taxonomy":"product_cat","embeddable":true,"href":"https:\/\/pestgate.com\/es\/wp-json\/wp\/v2\/product_cat?post=6468"},{"taxonomy":"product_tag","embeddable":true,"href":"https:\/\/pestgate.com\/es\/wp-json\/wp\/v2\/product_tag?post=6468"}],"curies":[{"name":"wp","href":"https:\/\/api.w.org\/{rel}","templated":true}]}}