{"id":6472,"date":"2020-07-20T22:49:05","date_gmt":"2020-07-21T01:49:05","guid":{"rendered":"https:\/\/pestgate.com\/index.php\/product\/mata-insectos-voladores-ls-15\/"},"modified":"2020-09-09T22:14:16","modified_gmt":"2020-09-10T01:14:16","slug":"mata-insectos-voladores-ls-15","status":"publish","type":"product","link":"https:\/\/pestgate.com\/es\/producto\/mata-insectos-voladores-ls-15\/","title":{"rendered":"Mata insectos voladores LS-15"},"content":{"rendered":"<p>Trampa para insectos voladores con luz LED UV (matar insectos)<\/p>\n<p>El Flying Insect Killer utiliza una luz LED UV como se\u00f1uelo eficaz para atraer insectos sensibles a la luz y as\u00ed formar un sistema de exterminio electr\u00f3nico pr\u00e1ctico, eficiente, higi\u00e9nico y autom\u00e1tico.<br \/>\nInsectos voladores sensibles a la luz como moscas, polillas, mosquitos, avispas, etc. Se sentir\u00e1n atra\u00eddos por la luz LED UV y volar\u00e1n hacia sus rejillas met\u00e1licas cargadas el\u00e9ctricamente hacia su electrocuci\u00f3n.<br \/>\n&#8211; Rango de aplicaci\u00f3n:<br \/>\nAdecuado para uso en interiores y al aire libre; para casas, f\u00e1bricas, tiendas de alimentos, agroindustrias, granjas, escuelas, hoteles, moteles, hospitales, etc.<br \/>\n&#8211; Econ\u00f3mico:<br \/>\nAlta eficiencia con bajo consumo energ\u00e9tico. Consume 4v en funcionamiento, aproximadamente 1\/3 del consumo de energ\u00eda del insecticida tradicional que utiliza un tubo fluorescente UV. El circuito dise\u00f1ado cient\u00edficamente funciona por debajo de los miliamperios m\u00e1ximos permitidos. Luz LED UV inofensiva para humanos y mascotas.<\/p>\n<p>El producto puede durar m\u00e1s de 8 a\u00f1os en condiciones normales y buenas.<br \/>\nEn general, el alcance del se\u00f1uelo de luz en la l\u00ednea de visi\u00f3n es de aprox. 10 metros. La cobertura aproximada de este dispositivo es de 450m2<br \/>\nColoque el dispositivo en un rinc\u00f3n oscuro o c\u00e1lido. Evite los lugares donde haya luz brillante, l\u00e1mparas o materiales reflectantes fuertes.<\/p>\n<p>Incluye:<br \/>\nCepillo de limpieza de 1 pieza<br \/>\n1 adaptador de 5v.<\/p>\n","protected":false},"excerpt":{"rendered":"<p>El Flying Insect Killer utiliza una luz LED UV como se\u00f1uelo eficaz para atraer insectos sensibles a la luz y as\u00ed formar un sistema de exterminio electr\u00f3nico pr\u00e1ctico, eficiente, higi\u00e9nico y autom\u00e1tico.<\/p>\n","protected":false},"featured_media":6473,"template":"","meta":[],"product_brand":[],"product_cat":[312,314,313,315],"product_tag":[],"class_list":{"0":"post-6472","1":"product","2":"type-product","3":"status-publish","4":"has-post-thumbnail","6":"product_cat-control-electronico-de-plagas-y-repelentes","7":"product_cat-mata-insectos","8":"product_cat-mata-moscas","9":"product_cat-mata-mosquitos","11":"first","12":"instock","13":"shipping-taxable","14":"purchasable","15":"product-type-simple"},"_links":{"self":[{"href":"https:\/\/pestgate.com\/es\/wp-json\/wp\/v2\/product\/6472","targetHints":{"allow":["GET"]}}],"collection":[{"href":"https:\/\/pestgate.com\/es\/wp-json\/wp\/v2\/product"}],"about":[{"href":"https:\/\/pestgate.com\/es\/wp-json\/wp\/v2\/types\/product"}],"wp:featuredmedia":[{"embeddable":true,"href":"https:\/\/pestgate.com\/es\/wp-json\/wp\/v2\/media\/6473"}],"wp:attachment":[{"href":"https:\/\/pestgate.com\/es\/wp-json\/wp\/v2\/media?parent=6472"}],"wp:term":[{"taxonomy":"product_brand","embeddable":true,"href":"https:\/\/pestgate.com\/es\/wp-json\/wp\/v2\/product_brand?post=6472"},{"taxonomy":"product_cat","embeddable":true,"href":"https:\/\/pestgate.com\/es\/wp-json\/wp\/v2\/product_cat?post=6472"},{"taxonomy":"product_tag","embeddable":true,"href":"https:\/\/pestgate.com\/es\/wp-json\/wp\/v2\/product_tag?post=6472"}],"curies":[{"name":"wp","href":"https:\/\/api.w.org\/{rel}","templated":true}]}}