{"id":6475,"date":"2020-07-20T22:49:05","date_gmt":"2020-07-21T01:49:05","guid":{"rendered":"https:\/\/pestgate.com\/index.php\/product\/repelente-de-roedores-y-serpientes\/"},"modified":"2020-07-20T22:49:05","modified_gmt":"2020-07-21T01:49:05","slug":"repelente-de-roedores-y-serpientes","status":"publish","type":"product","link":"https:\/\/pestgate.com\/es\/producto\/repelente-de-roedores-y-serpientes\/","title":{"rendered":"Repelente de roedores y serpientes"},"content":{"rendered":"<p>Repelente de roedores y serpientes<\/p>\n<p>El repelente de roedores y serpientes emite un pulso s\u00f3nico como una vibraci\u00f3n transmitida a trav\u00e9s del suelo. El roedor y la serpiente perciben entonces una zona de peligro que les obliga a evacuar el \u00e1rea.<\/p>\n<p>El pulso se transmite a intervalos de aproximadamente 40-50 segundos y cubre un \u00e1rea de aproximadamente 625 metros cuadrados.<\/p>\n<p>El repelente transmite su se\u00f1al en todas direcciones aproximadamente 15 metros por lo que se pueden ubicar a una distancia aproximada de 30 m en \u00e1reas de alto riesgo, siempre se recomienda utilizar dos o m\u00e1s unidades para obtener los mejores resultados.<\/p>\n<p>El repelente funciona con una bater\u00eda cargada con energ\u00eda solar. El m\u00f3dulo solar carga la bater\u00eda durante el d\u00eda y hace funcionar la unidad, mientras que la bater\u00eda permite el funcionamiento nocturno. Elija la mejor situaci\u00f3n de sol permitiendo que el panel solar reciba la luz directamente.<\/p>\n<p>El equipo es seguro, no da\u00f1a a los animales y funciona las 24 horas sin costo de operaci\u00f3n.<\/p>\n<p>Caracteristicas de producto:<\/p>\n<p>Efectivo con ratas, roedores, cobayas, v\u00edboras, etc.<br \/>\nEnerg\u00eda: Panel Solar y bater\u00eda recargable (para operar de noche)<br \/>\nOndas ultras\u00f3nicas: transmite una combinaci\u00f3n de vibraciones y ondas ultras\u00f3nicas cada 30 segundos a una frecuencia entre 400 HZ ~ 1000 HZ<br \/>\n\u00c1rea de acci\u00f3n: hasta 600m2<br \/>\nFunciona las 24 horas, sin costo de operaci\u00f3n<br \/>\nVenenoso, libre de qu\u00edmicos, no afecta el medio ambiente; Inofensivo para mascotas y ni\u00f1os.<\/p>\n","protected":false},"excerpt":{"rendered":"<p>Repelente de roedores y serpientes El repelente de roedores y serpientes emite un pulso s\u00f3nico como una vibraci\u00f3n transmitida a trav\u00e9s del suelo. El roedor y la serpiente perciben entonces<\/p>\n","protected":false},"featured_media":6476,"template":"","meta":[],"product_brand":[],"product_cat":[309,316,318],"product_tag":[],"class_list":{"0":"post-6475","1":"product","2":"type-product","3":"status-publish","4":"has-post-thumbnail","6":"product_cat-repelente-de-animales","7":"product_cat-repelente-de-roedores","8":"product_cat-repelente-de-serpientes","10":"first","11":"instock","12":"shipping-taxable","13":"purchasable","14":"product-type-simple"},"_links":{"self":[{"href":"https:\/\/pestgate.com\/es\/wp-json\/wp\/v2\/product\/6475","targetHints":{"allow":["GET"]}}],"collection":[{"href":"https:\/\/pestgate.com\/es\/wp-json\/wp\/v2\/product"}],"about":[{"href":"https:\/\/pestgate.com\/es\/wp-json\/wp\/v2\/types\/product"}],"wp:featuredmedia":[{"embeddable":true,"href":"https:\/\/pestgate.com\/es\/wp-json\/wp\/v2\/media\/6476"}],"wp:attachment":[{"href":"https:\/\/pestgate.com\/es\/wp-json\/wp\/v2\/media?parent=6475"}],"wp:term":[{"taxonomy":"product_brand","embeddable":true,"href":"https:\/\/pestgate.com\/es\/wp-json\/wp\/v2\/product_brand?post=6475"},{"taxonomy":"product_cat","embeddable":true,"href":"https:\/\/pestgate.com\/es\/wp-json\/wp\/v2\/product_cat?post=6475"},{"taxonomy":"product_tag","embeddable":true,"href":"https:\/\/pestgate.com\/es\/wp-json\/wp\/v2\/product_tag?post=6475"}],"curies":[{"name":"wp","href":"https:\/\/api.w.org\/{rel}","templated":true}]}}