{"id":6495,"date":"2020-07-20T22:48:52","date_gmt":"2020-07-21T01:48:52","guid":{"rendered":"https:\/\/pestgate.com\/index.php\/product\/entrenador-de-repelente-de-perros\/"},"modified":"2020-07-20T22:48:52","modified_gmt":"2020-07-21T01:48:52","slug":"entrenador-de-repelente-de-perros","status":"publish","type":"product","link":"https:\/\/pestgate.com\/es\/producto\/entrenador-de-repelente-de-perros\/","title":{"rendered":"Entrenador de repelente de perros"},"content":{"rendered":"<p>ENTRENADOR MANUAL REPELENTE PARA PERROS<\/p>\n<p>El repelente para perros de entrenamiento est\u00e1 basado en tecnolog\u00eda de ultrasonidos. Es una herramienta disponible para controlar y educar a los perros sin causar da\u00f1o a los animales.<\/p>\n<p>Se debe saber que no todos los animales tienen la misma sensibilidad auditiva, por lo que la reacci\u00f3n no ser\u00e1 la misma de todos los animales ante un mismo est\u00edmulo.<\/p>\n<p>Est\u00e1 indicado para:<\/p>\n<p>Det\u00e9n a Ferocious Dogs por posibles ataques<br \/>\nInterrumpir y dejar de ladrar<br \/>\nLlama la atenci\u00f3n de los perros y luego da una orden<\/p>\n<p>Especificaciones t\u00e9cnicas:<\/p>\n<p>Energ\u00eda: bater\u00eda de 9v<br \/>\nTecnolog\u00eda: Ultrasonido<br \/>\nMedidas: Ultrasonido Alcance: 15 metros<br \/>\nMedidas: 11x6x3 cm<\/p>\n<p>Incre\u00edble servicio al cliente \u00a1Nos preocupa el \u00e9xito de su producto y queremos utilizar nuestra experiencia de m\u00e1s de 10 a\u00f1os en el negocio del control electr\u00f3nico de plagas para resolver su problema! Cuando nos compra, no solo obtiene nuestro producto garantizado, sino que tambi\u00e9n obtiene acceso a nuestro sistema de soporte que se preocupa por sus resultados. Estamos comprometidos a brindarle nuestra ayuda y conocimiento sobre c\u00f3mo proceder cuando hay un problema de control de plagas m\u00e1s dif\u00edcil de lo normal.<\/p>\n","protected":false},"excerpt":{"rendered":"<p>ENTRENADOR MANUAL REPELENTE PARA PERROS El repelente para perros de entrenamiento est\u00e1 basado en tecnolog\u00eda de ultrasonidos. Es una herramienta disponible para controlar y educar a los perros sin causar<\/p>\n","protected":false},"featured_media":6496,"template":"","meta":[],"product_brand":[],"product_cat":[317,309],"product_tag":[],"class_list":{"0":"post-6495","1":"product","2":"type-product","3":"status-publish","4":"has-post-thumbnail","6":"product_cat-oferta","7":"product_cat-repelente-de-animales","9":"first","10":"instock","11":"shipping-taxable","12":"purchasable","13":"product-type-simple"},"_links":{"self":[{"href":"https:\/\/pestgate.com\/es\/wp-json\/wp\/v2\/product\/6495","targetHints":{"allow":["GET"]}}],"collection":[{"href":"https:\/\/pestgate.com\/es\/wp-json\/wp\/v2\/product"}],"about":[{"href":"https:\/\/pestgate.com\/es\/wp-json\/wp\/v2\/types\/product"}],"wp:featuredmedia":[{"embeddable":true,"href":"https:\/\/pestgate.com\/es\/wp-json\/wp\/v2\/media\/6496"}],"wp:attachment":[{"href":"https:\/\/pestgate.com\/es\/wp-json\/wp\/v2\/media?parent=6495"}],"wp:term":[{"taxonomy":"product_brand","embeddable":true,"href":"https:\/\/pestgate.com\/es\/wp-json\/wp\/v2\/product_brand?post=6495"},{"taxonomy":"product_cat","embeddable":true,"href":"https:\/\/pestgate.com\/es\/wp-json\/wp\/v2\/product_cat?post=6495"},{"taxonomy":"product_tag","embeddable":true,"href":"https:\/\/pestgate.com\/es\/wp-json\/wp\/v2\/product_tag?post=6495"}],"curies":[{"name":"wp","href":"https:\/\/api.w.org\/{rel}","templated":true}]}}