{"id":6602,"date":"2020-07-20T22:48:52","date_gmt":"2020-07-21T01:48:52","guid":{"rendered":"https:\/\/pestgate.com\/product\/repelente-para-vehiculos\/"},"modified":"2020-07-20T22:48:52","modified_gmt":"2020-07-21T01:48:52","slug":"repelente-para-vehiculos","status":"publish","type":"product","link":"https:\/\/pestgate.com\/es\/producto\/repelente-para-vehiculos\/","title":{"rendered":"Repelente para veh\u00edculos"},"content":{"rendered":"<p>Repelente para veh\u00edculos<\/p>\n<p>Repelente para veh\u00edculos de \u00faltima tecnolog\u00eda disponible para evitar accidentes con animales en la v\u00eda. Se activa cuando el veh\u00edculo alcanza los 50kms por hora utilizando el viento que genera la velocidad para luego transformarlo en una frecuencia de ultrasonidos que ahuyenta a los animales a una distancia de hasta 400 metros.<\/p>\n<p>As\u00ed, evita molestias con los animales en la ruta. Adem\u00e1s de usarlo en autom\u00f3viles, tambi\u00e9n es adecuado para motocicletas y camiones.<\/p>\n<p>Cada paquete trae dos unidades.<\/p>\n<p>Principales caracter\u00edsticas del repelente de veh\u00edculos:<\/p>\n<p>Repele perros, gatos, vacas, caballos, canguros, ciervos, zorros, etc.<br \/>\nAdecuado para motocicletas, autom\u00f3viles y camiones.<br \/>\nInaudible para los pasajeros del autom\u00f3vil<br \/>\nF\u00e1cil montaje en la parrilla del coche o en el frente, incluye cinta adhesiva<br \/>\nSin mantenimiento, solo necesita limpieza de vez en cuando<\/p>\n<p>Incre\u00edble servicio al cliente \u00a1Nos preocupa el \u00e9xito de su producto y queremos utilizar nuestra experiencia de m\u00e1s de 10 a\u00f1os en el negocio del control electr\u00f3nico de plagas para resolver su problema! Cuando nos compra, no solo obtiene nuestro producto garantizado, sino que tambi\u00e9n obtiene acceso a nuestro sistema de soporte que se preocupa por sus resultados. Estamos comprometidos a brindarle nuestra ayuda y conocimiento sobre c\u00f3mo proceder cuando hay un problema de control de plagas m\u00e1s dif\u00edcil de lo normal.<\/p>\n","protected":false},"excerpt":{"rendered":"<p>Repelente para veh\u00edculos Repelente para veh\u00edculos de \u00faltima tecnolog\u00eda disponible para evitar accidentes con animales en la v\u00eda. Se activa cuando el veh\u00edculo alcanza los 50kms por hora utilizando el<\/p>\n","protected":false},"featured_media":6603,"template":"","meta":[],"product_brand":[],"product_cat":[309,308],"product_tag":[],"class_list":{"0":"post-6602","1":"product","2":"type-product","3":"status-publish","4":"has-post-thumbnail","6":"product_cat-repelente-de-animales","7":"product_cat-todo-para-el-agro","9":"first","10":"instock","11":"shipping-taxable","12":"purchasable","13":"product-type-simple"},"_links":{"self":[{"href":"https:\/\/pestgate.com\/es\/wp-json\/wp\/v2\/product\/6602","targetHints":{"allow":["GET"]}}],"collection":[{"href":"https:\/\/pestgate.com\/es\/wp-json\/wp\/v2\/product"}],"about":[{"href":"https:\/\/pestgate.com\/es\/wp-json\/wp\/v2\/types\/product"}],"wp:featuredmedia":[{"embeddable":true,"href":"https:\/\/pestgate.com\/es\/wp-json\/wp\/v2\/media\/6603"}],"wp:attachment":[{"href":"https:\/\/pestgate.com\/es\/wp-json\/wp\/v2\/media?parent=6602"}],"wp:term":[{"taxonomy":"product_brand","embeddable":true,"href":"https:\/\/pestgate.com\/es\/wp-json\/wp\/v2\/product_brand?post=6602"},{"taxonomy":"product_cat","embeddable":true,"href":"https:\/\/pestgate.com\/es\/wp-json\/wp\/v2\/product_cat?post=6602"},{"taxonomy":"product_tag","embeddable":true,"href":"https:\/\/pestgate.com\/es\/wp-json\/wp\/v2\/product_tag?post=6602"}],"curies":[{"name":"wp","href":"https:\/\/api.w.org\/{rel}","templated":true}]}}