{"id":6606,"date":"2020-07-20T22:48:52","date_gmt":"2020-07-21T01:48:52","guid":{"rendered":"https:\/\/pestgate.com\/product\/repelente-de-plagas-600m2\/"},"modified":"2020-07-20T22:48:52","modified_gmt":"2020-07-21T01:48:52","slug":"repelente-de-plagas-600m2","status":"publish","type":"product","link":"https:\/\/pestgate.com\/es\/producto\/repelente-de-plagas-600m2\/","title":{"rendered":"Repelente de plagas 600m2"},"content":{"rendered":"<p>Repelente de plagas 600m2<\/p>\n<p>Est\u00e1 especialmente dise\u00f1ado para erradicar roedores, murci\u00e9lagos y cucarachas mediante la emisi\u00f3n de ondas ultras\u00f3nicas. Es totalmente inaudible para los seres humanos.<\/p>\n<p>El equipo emite frecuencia variable de forma autom\u00e1tica para no acostumbrarse a las plagas y as\u00ed asegurar mejores resultados.<\/p>\n<p>Las ondas sonoras ultras\u00f3nicas atacan los sistemas nervioso y auditivo de las plagas m\u00e1s comunes, causando dolor e incomodidad. Con 140 decibeles de presi\u00f3n sonora, las plagas abandonar\u00e1n su fuente de alimento, agua y refugio y seguir\u00e1n su camino. Estas ondas sonoras de alta intensidad est\u00e1n m\u00e1s all\u00e1 del alcance auditivo de los humanos y la mayor\u00eda de las mascotas dom\u00e9sticas, como perros, gatos, peces, p\u00e1jaros y animales de granja.<\/p>\n<p>Principales caracter\u00edsticas:<br \/>\nCubre hasta 600m2 (*)<br \/>\nGabinete ac\u00fastico para una mejor resonancia<br \/>\n4 emisores de ondas ultras\u00f3nicas est\u00e9reo<br \/>\nEfectivo para la erradicaci\u00f3n de murci\u00e9lagos y roedores<br \/>\nMuy bajo consumo<br \/>\nTotalmente inofensivo para humanos y animales.<br \/>\nIdeal para uso industrial y comercial<br \/>\nGarant\u00eda de 6 meses<\/p>\n<p>(*) No atraviesa paredes<\/p>\n<p>(**) El lugar de instalaci\u00f3n es muy importante, consulte el manual o contacte con nuestro equipo t\u00e9cnico<\/p>\n<p>Incre\u00edble servicio al cliente \u00a1Nos preocupa el \u00e9xito de su producto y queremos utilizar nuestra experiencia de m\u00e1s de 10 a\u00f1os en el negocio del control electr\u00f3nico de plagas para resolver su problema! Cuando nos compra, no solo obtiene nuestro producto garantizado, sino que tambi\u00e9n obtiene acceso a nuestro sistema de soporte que se preocupa por sus resultados. Estamos comprometidos a brindarle nuestra ayuda y conocimiento sobre c\u00f3mo proceder cuando hay un problema de control de plagas m\u00e1s dif\u00edcil de lo normal.<\/p>\n","protected":false},"excerpt":{"rendered":"<p>Repelente de plagas 600m2 Est\u00e1 especialmente dise\u00f1ado para erradicar roedores, murci\u00e9lagos y cucarachas mediante la emisi\u00f3n de ondas ultras\u00f3nicas. Es totalmente inaudible para los seres humanos. El equipo emite frecuencia<\/p>\n","protected":false},"featured_media":6607,"template":"","meta":[],"product_brand":[],"product_cat":[312,309,311,310,316,318],"product_tag":[],"class_list":{"0":"post-6606","1":"product","2":"type-product","3":"status-publish","4":"has-post-thumbnail","6":"product_cat-control-electronico-de-plagas-y-repelentes","7":"product_cat-repelente-de-animales","8":"product_cat-repelente-de-aves","9":"product_cat-repelente-de-murcielagos","10":"product_cat-repelente-de-roedores","11":"product_cat-repelente-de-serpientes","13":"first","14":"instock","15":"shipping-taxable","16":"purchasable","17":"product-type-simple"},"_links":{"self":[{"href":"https:\/\/pestgate.com\/es\/wp-json\/wp\/v2\/product\/6606","targetHints":{"allow":["GET"]}}],"collection":[{"href":"https:\/\/pestgate.com\/es\/wp-json\/wp\/v2\/product"}],"about":[{"href":"https:\/\/pestgate.com\/es\/wp-json\/wp\/v2\/types\/product"}],"wp:featuredmedia":[{"embeddable":true,"href":"https:\/\/pestgate.com\/es\/wp-json\/wp\/v2\/media\/6607"}],"wp:attachment":[{"href":"https:\/\/pestgate.com\/es\/wp-json\/wp\/v2\/media?parent=6606"}],"wp:term":[{"taxonomy":"product_brand","embeddable":true,"href":"https:\/\/pestgate.com\/es\/wp-json\/wp\/v2\/product_brand?post=6606"},{"taxonomy":"product_cat","embeddable":true,"href":"https:\/\/pestgate.com\/es\/wp-json\/wp\/v2\/product_cat?post=6606"},{"taxonomy":"product_tag","embeddable":true,"href":"https:\/\/pestgate.com\/es\/wp-json\/wp\/v2\/product_tag?post=6606"}],"curies":[{"name":"wp","href":"https:\/\/api.w.org\/{rel}","templated":true}]}}