{"id":6612,"date":"2020-07-20T22:48:52","date_gmt":"2020-07-21T01:48:52","guid":{"rendered":"https:\/\/pestgate.com\/product\/trampa-electronica-gigante-para-roedores\/"},"modified":"2020-07-20T22:48:52","modified_gmt":"2020-07-21T01:48:52","slug":"trampa-electronica-gigante-para-roedores","status":"publish","type":"product","link":"https:\/\/pestgate.com\/es\/producto\/trampa-electronica-gigante-para-roedores\/","title":{"rendered":"Trampa electr\u00f3nica gigante para roedores"},"content":{"rendered":"<p>Trampa electr\u00f3nica gigante para roedores<\/p>\n<p>La trampa electr\u00f3nica para roedores es la mejor soluci\u00f3n para el control de roedores. Funciona con pilas y transformador (incluido) La trampa para ratas utiliza tecnolog\u00eda sofisticada para entregar un impulso el\u00e9ctrico mortal a los roedores.<\/p>\n<p>Caracter\u00edsticas de la trampa electr\u00f3nica para roedores:<\/p>\n<p>Simplemente use alimento para mascotas o similar como cebo<br \/>\nLos roedores entran en la trampa y son electrocutados en un choque de 3 segundos, evitando sufrimientos innecesarios a los roedores como venenos, trampas pegajosas, etc.<br \/>\nNo hay sangre, no es necesario ensuciar ninguna superficie, totalmente higi\u00e9nico.<br \/>\nSin venenos que puedan da\u00f1ar a las mascotas o los humanos<br \/>\nLa trampa indica con luz cuando ha capturado un roedor<br \/>\nNo tienes contacto con el roedor, simplemente levanta la trampa y tira el cuerpo a la basura.<br \/>\nPuede capturar hasta 3 ratas al mismo tiempo<br \/>\nAtrapa desde lauchas hasta las ratas m\u00e1s grandes<br \/>\nInformaci\u00f3n t\u00e9cnica del producto:<br \/>\nDimensiones: 30cm x 10cm X 10cm<br \/>\nM\u00e1s de 30 capturas con un juego de bater\u00edas<br \/>\nF\u00e1cil de usar, vida \u00fatil ilimitada<br \/>\nIdeal para uso en restaurantes, hoteles, cocinas, laboratorios y todos los lugares donde el uso de productos qu\u00edmicos no es adecuado.<\/p>\n<p>Incre\u00edble servicio al cliente \u00a1Nos preocupa el \u00e9xito de su producto y queremos utilizar nuestra experiencia de m\u00e1s de 10 a\u00f1os en el negocio del control electr\u00f3nico de plagas para resolver su problema! Cuando nos compra, no solo obtiene nuestro producto garantizado, sino que tambi\u00e9n obtiene acceso a nuestro sistema de soporte que se preocupa por sus resultados. Estamos comprometidos a brindarle nuestra ayuda y conocimiento sobre c\u00f3mo proceder cuando hay un problema de control de plagas m\u00e1s dif\u00edcil de lo normal.<\/p>\n","protected":false},"excerpt":{"rendered":"<p>Trampa electr\u00f3nica gigante para roedores La trampa electr\u00f3nica para roedores es la mejor soluci\u00f3n para el control de roedores. Funciona con pilas y transformador (incluido) La trampa para ratas utiliza<\/p>\n","protected":false},"featured_media":6613,"template":"","meta":[],"product_brand":[],"product_cat":[312,309,316],"product_tag":[],"class_list":{"0":"post-6612","1":"product","2":"type-product","3":"status-publish","4":"has-post-thumbnail","6":"product_cat-control-electronico-de-plagas-y-repelentes","7":"product_cat-repelente-de-animales","8":"product_cat-repelente-de-roedores","10":"first","11":"instock","12":"shipping-taxable","13":"purchasable","14":"product-type-simple"},"_links":{"self":[{"href":"https:\/\/pestgate.com\/es\/wp-json\/wp\/v2\/product\/6612","targetHints":{"allow":["GET"]}}],"collection":[{"href":"https:\/\/pestgate.com\/es\/wp-json\/wp\/v2\/product"}],"about":[{"href":"https:\/\/pestgate.com\/es\/wp-json\/wp\/v2\/types\/product"}],"wp:featuredmedia":[{"embeddable":true,"href":"https:\/\/pestgate.com\/es\/wp-json\/wp\/v2\/media\/6613"}],"wp:attachment":[{"href":"https:\/\/pestgate.com\/es\/wp-json\/wp\/v2\/media?parent=6612"}],"wp:term":[{"taxonomy":"product_brand","embeddable":true,"href":"https:\/\/pestgate.com\/es\/wp-json\/wp\/v2\/product_brand?post=6612"},{"taxonomy":"product_cat","embeddable":true,"href":"https:\/\/pestgate.com\/es\/wp-json\/wp\/v2\/product_cat?post=6612"},{"taxonomy":"product_tag","embeddable":true,"href":"https:\/\/pestgate.com\/es\/wp-json\/wp\/v2\/product_tag?post=6612"}],"curies":[{"name":"wp","href":"https:\/\/api.w.org\/{rel}","templated":true}]}}