{"id":6616,"date":"2020-07-20T22:48:51","date_gmt":"2020-07-21T01:48:51","guid":{"rendered":"https:\/\/pestgate.com\/product\/protector-de-paraguas\/"},"modified":"2020-07-20T22:48:51","modified_gmt":"2020-07-21T01:48:51","slug":"protector-de-paraguas","status":"publish","type":"product","link":"https:\/\/pestgate.com\/es\/producto\/protector-de-paraguas\/","title":{"rendered":"Protector de paraguas"},"content":{"rendered":"<p>PROTECTOR PARAGUAS<\/p>\n<p>Protecci\u00f3n completa para sombrillas y tarimas<br \/>\nLa alfombra de choque es un nuevo producto que tiene como objetivo evitar que las aves se posen en sombrillas y paletas emitiendo un sonido o una descarga est\u00e1tica cada vez que el animal entra en contacto con la alfombra de choque.<\/p>\n<p>Es inofensivo para los animales, pero muy eficaz, ya que las aves aprenden a no posarse en ciertos lugares r\u00e1pidamente.<\/p>\n<p>Especificaciones:<\/p>\n<p>Emite una descarga est\u00e1tica o sonido seg\u00fan la programaci\u00f3n.<br \/>\nEnerg\u00eda: bater\u00eda de 9 voltios.<br \/>\nImpermeable (no sumergible).<br \/>\nTotalmente inofensivo para los animales.<br \/>\nMedidas: 90cm de di\u00e1metro.<br \/>\nApto para sombrillas (restaurantes ideales), palets, coches, etc.<\/p>\n<p>Incre\u00edble servicio al cliente Estamos preocupados por su \u00e9xito con el repelente y queremos usar nuestra experiencia de m\u00e1s de 10 a\u00f1os en el negocio del control electr\u00f3nico de plagas para resolver su problema. Cuando nos compra, no solo obtiene nuestro producto garantizado, sino que tambi\u00e9n obtiene acceso a nuestro sistema de soporte que se preocupa por sus resultados. Estamos comprometidos a brindarle nuestra ayuda y conocimiento sobre c\u00f3mo proceder cuando haya un problema de control de aves m\u00e1s dif\u00edcil de lo normal.<\/p>\n","protected":false},"excerpt":{"rendered":"<p>PROTECTOR PARAGUAS Protecci\u00f3n completa para sombrillas y tarimas La alfombra de choque es un nuevo producto que tiene como objetivo evitar que las aves se posen en sombrillas y paletas<\/p>\n","protected":false},"featured_media":6617,"template":"","meta":[],"product_brand":[],"product_cat":[309,311],"product_tag":[],"class_list":{"0":"post-6616","1":"product","2":"type-product","3":"status-publish","4":"has-post-thumbnail","6":"product_cat-repelente-de-animales","7":"product_cat-repelente-de-aves","9":"first","10":"instock","11":"shipping-taxable","12":"purchasable","13":"product-type-simple"},"_links":{"self":[{"href":"https:\/\/pestgate.com\/es\/wp-json\/wp\/v2\/product\/6616","targetHints":{"allow":["GET"]}}],"collection":[{"href":"https:\/\/pestgate.com\/es\/wp-json\/wp\/v2\/product"}],"about":[{"href":"https:\/\/pestgate.com\/es\/wp-json\/wp\/v2\/types\/product"}],"wp:featuredmedia":[{"embeddable":true,"href":"https:\/\/pestgate.com\/es\/wp-json\/wp\/v2\/media\/6617"}],"wp:attachment":[{"href":"https:\/\/pestgate.com\/es\/wp-json\/wp\/v2\/media?parent=6616"}],"wp:term":[{"taxonomy":"product_brand","embeddable":true,"href":"https:\/\/pestgate.com\/es\/wp-json\/wp\/v2\/product_brand?post=6616"},{"taxonomy":"product_cat","embeddable":true,"href":"https:\/\/pestgate.com\/es\/wp-json\/wp\/v2\/product_cat?post=6616"},{"taxonomy":"product_tag","embeddable":true,"href":"https:\/\/pestgate.com\/es\/wp-json\/wp\/v2\/product_tag?post=6616"}],"curies":[{"name":"wp","href":"https:\/\/api.w.org\/{rel}","templated":true}]}}