{"id":6626,"date":"2020-07-20T22:48:51","date_gmt":"2020-07-21T01:48:51","guid":{"rendered":"https:\/\/pestgate.com\/product\/cinta-de-choque-repelente-de-pajaros\/"},"modified":"2020-07-20T22:48:51","modified_gmt":"2020-07-21T01:48:51","slug":"cinta-de-choque-repelente-de-pajaros","status":"publish","type":"product","link":"https:\/\/pestgate.com\/es\/producto\/cinta-de-choque-repelente-de-pajaros\/","title":{"rendered":"Cinta de choque repelente de p\u00e1jaros"},"content":{"rendered":"<p>La cinta de choque es una cinta conductora con 3 cables met\u00e1licos que se usa para evitar que los p\u00e1jaros se posen en estantes, tuber\u00edas, carteles, paredes de media luna, etc.<\/p>\n<p>La cinta de choque se adhiere a cualquier superficie s\u00f3lida y est\u00e1 alimentada por un electrificador que emite pulsos de alto voltaje que no da\u00f1an a las aves pero las asustan.<\/p>\n<p>La cinta de choque se puede cargar con energ\u00eda solar o con un cargador est\u00e1ndar de 220v.<\/p>\n<p>EL COSTE DEL PRODUCTO ES POR METRO.<\/p>\n","protected":false},"excerpt":{"rendered":"<p>La cinta de choque es una cinta conductora con 3 cables met\u00e1licos que se usa para evitar que los p\u00e1jaros se posen en estantes, tuber\u00edas, carteles, paredes de media luna,<\/p>\n","protected":false},"featured_media":6627,"template":"","meta":[],"product_brand":[],"product_cat":[309,311],"product_tag":[],"class_list":{"0":"post-6626","1":"product","2":"type-product","3":"status-publish","4":"has-post-thumbnail","6":"product_cat-repelente-de-animales","7":"product_cat-repelente-de-aves","9":"first","10":"instock","11":"shipping-taxable","12":"purchasable","13":"product-type-simple"},"_links":{"self":[{"href":"https:\/\/pestgate.com\/es\/wp-json\/wp\/v2\/product\/6626","targetHints":{"allow":["GET"]}}],"collection":[{"href":"https:\/\/pestgate.com\/es\/wp-json\/wp\/v2\/product"}],"about":[{"href":"https:\/\/pestgate.com\/es\/wp-json\/wp\/v2\/types\/product"}],"wp:featuredmedia":[{"embeddable":true,"href":"https:\/\/pestgate.com\/es\/wp-json\/wp\/v2\/media\/6627"}],"wp:attachment":[{"href":"https:\/\/pestgate.com\/es\/wp-json\/wp\/v2\/media?parent=6626"}],"wp:term":[{"taxonomy":"product_brand","embeddable":true,"href":"https:\/\/pestgate.com\/es\/wp-json\/wp\/v2\/product_brand?post=6626"},{"taxonomy":"product_cat","embeddable":true,"href":"https:\/\/pestgate.com\/es\/wp-json\/wp\/v2\/product_cat?post=6626"},{"taxonomy":"product_tag","embeddable":true,"href":"https:\/\/pestgate.com\/es\/wp-json\/wp\/v2\/product_tag?post=6626"}],"curies":[{"name":"wp","href":"https:\/\/api.w.org\/{rel}","templated":true}]}}