{"id":6629,"date":"2020-07-20T22:48:51","date_gmt":"2020-07-21T01:48:51","guid":{"rendered":"https:\/\/pestgate.com\/product\/repelente-de-animales-sonico\/"},"modified":"2020-07-20T22:48:51","modified_gmt":"2020-07-21T01:48:51","slug":"repelente-de-animales-sonico","status":"publish","type":"product","link":"https:\/\/pestgate.com\/es\/producto\/repelente-de-animales-sonico\/","title":{"rendered":"Repelente de animales s\u00f3nico"},"content":{"rendered":"<p>REPELENTE ANIMAL SONICO<\/p>\n<p>REPELENTE ANIMAL SONICO Est\u00e1 dise\u00f1ado para repeler palomas, gorriones, cuervos, gatos, ardillas y garantiza una protecci\u00f3n completa en interiores y exteriores.<\/p>\n<p>Opera con sonido audible, tiene 3 sonidos disponibles: sonido de \u00e1guila, disparo de escopeta y ladrido de perro, adem\u00e1s de las luces estrobosc\u00f3picas.<\/p>\n<p>Tambi\u00e9n tiene un sensor de infrarrojos que detecta cualquier variaci\u00f3n de temperatura \/ movimiento, el rango de detecci\u00f3n del sensor es de 110 grados y una distancia de hasta 10 metros.<\/p>\n<p>Por otro lado, si se utiliza en un jard\u00edn, incluye una estaca para clavarla en el suelo.<\/p>\n<p>Especificaciones:<\/p>\n<p>Emite 3 tipos de sonidos junto con luces para la noche.<br \/>\nRegulador de volumen<br \/>\nRepele la mayor\u00eda de aves y mascotas<br \/>\nIdeal para usar en exteriores y proteger camas, basureros.<br \/>\nMedidas 13x13x11 cm<br \/>\nPotencia: 4 pilas recargables AA (ya incluidas)<br \/>\nCubre hasta 100m2<br \/>\nPanel solar para recarga de bater\u00edas<br \/>\nImpermeable<br \/>\nIncluye estaca para clavar en el suelo<\/p>\n<p>En TODO PARA PLAGAS contamos con el mayor stock y la \u00faltima tecnolog\u00eda disponible para el control de plagas y animales con sistemas electr\u00f3nicos efectivos y sin productos qu\u00edmicos.<\/p>\n<p>Incre\u00edble servicio al cliente Estamos preocupados por su \u00e9xito con el repelente y queremos usar nuestra experiencia de m\u00e1s de 10 a\u00f1os en el negocio del control electr\u00f3nico de plagas para resolver su problema. Cuando nos compra, no solo obtiene nuestro producto garantizado, sino que tambi\u00e9n obtiene acceso a nuestro sistema de soporte que se preocupa por sus resultados. Estamos comprometidos a brindarle nuestra ayuda y conocimiento sobre c\u00f3mo proceder cuando hay un problema de control de aves y animales m\u00e1s dif\u00edcil de lo normal.<\/p>\n","protected":false},"excerpt":{"rendered":"<p>REPELENTE ANIMAL SONICO REPELENTE ANIMAL SONICO Est\u00e1 dise\u00f1ado para repeler palomas, gorriones, cuervos, gatos, ardillas y garantiza una protecci\u00f3n completa en interiores y exteriores. Opera con sonido audible, tiene 3<\/p>\n","protected":false},"featured_media":6630,"template":"","meta":[],"product_brand":[],"product_cat":[312,309],"product_tag":[],"class_list":{"0":"post-6629","1":"product","2":"type-product","3":"status-publish","4":"has-post-thumbnail","6":"product_cat-control-electronico-de-plagas-y-repelentes","7":"product_cat-repelente-de-animales","9":"first","10":"instock","11":"shipping-taxable","12":"purchasable","13":"product-type-simple"},"_links":{"self":[{"href":"https:\/\/pestgate.com\/es\/wp-json\/wp\/v2\/product\/6629","targetHints":{"allow":["GET"]}}],"collection":[{"href":"https:\/\/pestgate.com\/es\/wp-json\/wp\/v2\/product"}],"about":[{"href":"https:\/\/pestgate.com\/es\/wp-json\/wp\/v2\/types\/product"}],"wp:featuredmedia":[{"embeddable":true,"href":"https:\/\/pestgate.com\/es\/wp-json\/wp\/v2\/media\/6630"}],"wp:attachment":[{"href":"https:\/\/pestgate.com\/es\/wp-json\/wp\/v2\/media?parent=6629"}],"wp:term":[{"taxonomy":"product_brand","embeddable":true,"href":"https:\/\/pestgate.com\/es\/wp-json\/wp\/v2\/product_brand?post=6629"},{"taxonomy":"product_cat","embeddable":true,"href":"https:\/\/pestgate.com\/es\/wp-json\/wp\/v2\/product_cat?post=6629"},{"taxonomy":"product_tag","embeddable":true,"href":"https:\/\/pestgate.com\/es\/wp-json\/wp\/v2\/product_tag?post=6629"}],"curies":[{"name":"wp","href":"https:\/\/api.w.org\/{rel}","templated":true}]}}