{"id":6634,"date":"2020-07-20T22:48:31","date_gmt":"2020-07-21T01:48:31","guid":{"rendered":"https:\/\/pestgate.com\/product\/repelente-de-plagas-200m2\/"},"modified":"2020-07-20T22:48:31","modified_gmt":"2020-07-21T01:48:31","slug":"repelente-de-plagas-200m2","status":"publish","type":"product","link":"https:\/\/pestgate.com\/es\/producto\/repelente-de-plagas-200m2\/","title":{"rendered":"Repelente de plagas 200m2"},"content":{"rendered":"<p>REPELENTE DE PLAGAS 200M2<\/p>\n<p>REPELENTE DE PLAGAS 200M2 Especialmente dise\u00f1ado para erradicar roedores, murci\u00e9lagos y cucarachas mediante la emisi\u00f3n de ondas ultras\u00f3nicas. Es totalmente inaudible para los seres humanos.<\/p>\n<p>El equipo emite frecuencia variable de forma autom\u00e1tica para no acostumbrarse a las plagas y as\u00ed asegurar mejores resultados.<\/p>\n<p>Las ondas sonoras ultras\u00f3nicas atacan los sistemas nervioso y auditivo de las plagas m\u00e1s comunes, causando dolor e incomodidad. Con 140 decibeles de presi\u00f3n sonora, las plagas abandonar\u00e1n su fuente de alimento, agua y refugio y seguir\u00e1n su camino. Estas ondas sonoras de alta intensidad est\u00e1n m\u00e1s all\u00e1 del alcance auditivo de los humanos y la mayor\u00eda de las mascotas dom\u00e9sticas, como perros, gatos, peces, p\u00e1jaros y animales de granja.<\/p>\n<p>.<\/p>\n<p>Caracter\u00edsticas principales Repelente de plagas de 200m2:<\/p>\n<p>Cubre hasta 200m2 (*)<br \/>\nPotencia de sonido 160db<br \/>\n2 emisores de ondas ultras\u00f3nicas<br \/>\nEfectivo para la erradicaci\u00f3n de Murci\u00e9lagos, Roedores, Cucarachas. pulgas, polillas, hormigas, etc.<br \/>\nConsumo muy bajo 2 vatios<br \/>\nFuente de alimentaci\u00f3n de 9 voltios, transformador incluido<br \/>\nTotalmente inofensivo para humanos y animales.<br \/>\nRango de frecuencia 30-65 Khz Autovariable<br \/>\nGarant\u00eda de 6 meses<br \/>\nSin venenos ni productos qu\u00edmicos<\/p>\n<p>Incre\u00edble servicio al cliente \u00a1Nos preocupa el \u00e9xito de su producto y queremos utilizar nuestra experiencia de m\u00e1s de 10 a\u00f1os en el negocio del control electr\u00f3nico de plagas para resolver su problema! Cuando nos compra, no solo obtiene nuestro producto garantizado, sino que tambi\u00e9n obtiene acceso a nuestro sistema de soporte que se preocupa por sus resultados. Estamos comprometidos a brindarle nuestra ayuda y conocimiento sobre c\u00f3mo proceder cuando hay un problema de control de plagas m\u00e1s dif\u00edcil de lo normal.<\/p>\n<p>(*) No atraviesa paredes<\/p>\n","protected":false},"excerpt":{"rendered":"<p>REPELENTE DE PLAGAS 200M2 REPELENTE DE PLAGAS 200M2 Especialmente dise\u00f1ado para erradicar roedores, murci\u00e9lagos y cucarachas mediante la emisi\u00f3n de ondas ultras\u00f3nicas. Es totalmente inaudible para los seres humanos. El<\/p>\n","protected":false},"featured_media":6635,"template":"","meta":[],"product_brand":[],"product_cat":[314,313,315],"product_tag":[],"class_list":{"0":"post-6634","1":"product","2":"type-product","3":"status-publish","4":"has-post-thumbnail","6":"product_cat-mata-insectos","7":"product_cat-mata-moscas","8":"product_cat-mata-mosquitos","10":"first","11":"instock","12":"shipping-taxable","13":"purchasable","14":"product-type-simple"},"_links":{"self":[{"href":"https:\/\/pestgate.com\/es\/wp-json\/wp\/v2\/product\/6634","targetHints":{"allow":["GET"]}}],"collection":[{"href":"https:\/\/pestgate.com\/es\/wp-json\/wp\/v2\/product"}],"about":[{"href":"https:\/\/pestgate.com\/es\/wp-json\/wp\/v2\/types\/product"}],"wp:featuredmedia":[{"embeddable":true,"href":"https:\/\/pestgate.com\/es\/wp-json\/wp\/v2\/media\/6635"}],"wp:attachment":[{"href":"https:\/\/pestgate.com\/es\/wp-json\/wp\/v2\/media?parent=6634"}],"wp:term":[{"taxonomy":"product_brand","embeddable":true,"href":"https:\/\/pestgate.com\/es\/wp-json\/wp\/v2\/product_brand?post=6634"},{"taxonomy":"product_cat","embeddable":true,"href":"https:\/\/pestgate.com\/es\/wp-json\/wp\/v2\/product_cat?post=6634"},{"taxonomy":"product_tag","embeddable":true,"href":"https:\/\/pestgate.com\/es\/wp-json\/wp\/v2\/product_tag?post=6634"}],"curies":[{"name":"wp","href":"https:\/\/api.w.org\/{rel}","templated":true}]}}