{"id":6639,"date":"2020-07-20T22:48:31","date_gmt":"2020-07-21T01:48:31","guid":{"rendered":"https:\/\/pestgate.com\/product\/repelente-de-plagas-100m2\/"},"modified":"2020-07-20T22:48:31","modified_gmt":"2020-07-21T01:48:31","slug":"repelente-de-plagas-100m2","status":"publish","type":"product","link":"https:\/\/pestgate.com\/es\/producto\/repelente-de-plagas-100m2\/","title":{"rendered":"Repelente de plagas 100m2"},"content":{"rendered":"<p>REPELENTE ELECTR\u00d3NICO DE PLAGAS<\/p>\n<p>REPELENTE DE PLAGAS 100M2<\/p>\n<p>El Repelente de plagas est\u00e1 especialmente dise\u00f1ado para erradicar roedores, murci\u00e9lagos y cucarachas mediante la emisi\u00f3n de ondas ultras\u00f3nicas, es totalmente inaudible para el ser humano.<\/p>\n<p>El equipo repelente de plagas emite frecuencia variable de forma autom\u00e1tica para no acostumbrarse a las plagas y as\u00ed asegurar mejores resultados.<\/p>\n<p>Por otro lado, las ondas sonoras ultras\u00f3nicas atacan los sistemas auditivo y nervioso de las plagas m\u00e1s comunes, provocando dolor y malestar. Con 140 decibeles de presi\u00f3n sonora, las plagas abandonar\u00e1n su fuente de alimento, agua y refugio y seguir\u00e1n su camino. Estas ondas sonoras de alta intensidad est\u00e1n m\u00e1s all\u00e1 del alcance auditivo de los humanos y la mayor\u00eda de las mascotas dom\u00e9sticas, como perros, gatos, peces, p\u00e1jaros y animales de granja.<\/p>\n<p>Principales caracter\u00edsticas:<\/p>\n<p>Cubre hasta 100m2 (*)<br \/>\nPotencia de sonido 160db<br \/>\n1 Emisor de ondas ultras\u00f3nicas<br \/>\nEfectivo para erradicar murci\u00e9lagos, roedores y cucarachas, pulgas, polillas, hormigas, etc.<br \/>\nMuy bajo consumo<br \/>\nTotalmente inofensivo para humanos y animales.<br \/>\nRango de frecuencia 20-65 Khz Variable autom\u00e1tica<br \/>\nGarant\u00eda de 6 meses<br \/>\nSin venenos ni productos qu\u00edmicos<\/p>\n<p>(*) No atraviesa paredes<\/p>\n<p>&nbsp;<\/p>\n","protected":false},"excerpt":{"rendered":"<p>REPELENTE ELECTR\u00d3NICO DE PLAGAS REPELENTE DE PLAGAS 100M2 El Repelente de plagas est\u00e1 especialmente dise\u00f1ado para erradicar roedores, murci\u00e9lagos y cucarachas mediante la emisi\u00f3n de ondas ultras\u00f3nicas, es totalmente inaudible<\/p>\n","protected":false},"featured_media":6640,"template":"","meta":[],"product_brand":[],"product_cat":[314,313,315],"product_tag":[],"class_list":{"0":"post-6639","1":"product","2":"type-product","3":"status-publish","4":"has-post-thumbnail","6":"product_cat-mata-insectos","7":"product_cat-mata-moscas","8":"product_cat-mata-mosquitos","10":"first","11":"instock","12":"shipping-taxable","13":"purchasable","14":"product-type-simple"},"_links":{"self":[{"href":"https:\/\/pestgate.com\/es\/wp-json\/wp\/v2\/product\/6639","targetHints":{"allow":["GET"]}}],"collection":[{"href":"https:\/\/pestgate.com\/es\/wp-json\/wp\/v2\/product"}],"about":[{"href":"https:\/\/pestgate.com\/es\/wp-json\/wp\/v2\/types\/product"}],"wp:featuredmedia":[{"embeddable":true,"href":"https:\/\/pestgate.com\/es\/wp-json\/wp\/v2\/media\/6640"}],"wp:attachment":[{"href":"https:\/\/pestgate.com\/es\/wp-json\/wp\/v2\/media?parent=6639"}],"wp:term":[{"taxonomy":"product_brand","embeddable":true,"href":"https:\/\/pestgate.com\/es\/wp-json\/wp\/v2\/product_brand?post=6639"},{"taxonomy":"product_cat","embeddable":true,"href":"https:\/\/pestgate.com\/es\/wp-json\/wp\/v2\/product_cat?post=6639"},{"taxonomy":"product_tag","embeddable":true,"href":"https:\/\/pestgate.com\/es\/wp-json\/wp\/v2\/product_tag?post=6639"}],"curies":[{"name":"wp","href":"https:\/\/api.w.org\/{rel}","templated":true}]}}