{"id":6644,"date":"2020-07-20T22:48:31","date_gmt":"2020-07-21T01:48:31","guid":{"rendered":"https:\/\/pestgate.com\/product\/linterna-uv-detectora-de-plagas\/"},"modified":"2020-07-20T22:48:31","modified_gmt":"2020-07-21T01:48:31","slug":"linterna-uv-detectora-de-plagas","status":"publish","type":"product","link":"https:\/\/pestgate.com\/es\/producto\/linterna-uv-detectora-de-plagas\/","title":{"rendered":"Linterna UV detectora de plagas"},"content":{"rendered":"<p>LINTERNA UV DETECTOR DE PLAGAS<\/p>\n<p>La LINTERNA DETECTOR DE PLAGAS UV tiene muchos usos en el control, detecci\u00f3n y diagn\u00f3stico de diferentes plagas, en el control de roedores permite la detecci\u00f3n de v\u00edas de alimentaci\u00f3n y tr\u00e1nsito ya que la orina del roedor se ilumina de color blanco fosforescente cuando se ilumina con luz UV.<\/p>\n<p>Las linternas de luz ultravioleta son muy \u00fatiles no solo para confirmar la presencia de plagas sino para aplicar estrat\u00e9gicamente diferentes herramientas para combatirlas, como erradicadores electr\u00f3nicos y trampas.<\/p>\n<p>Con el fin de detectar mejor la orina de los roedores, es recomendable utilizar gafas de seguridad amarillas para una mejor visi\u00f3n, lo que facilita la detecci\u00f3n de rastros de roedores durante el tratamiento de control de plagas.<\/p>\n<p>Tambi\u00e9n es muy \u00fatil en el caso de animales dom\u00e9sticos como perros y gatos ya que permite detectar restos de orina y as\u00ed higienizar la zona y poder corregir los h\u00e1bitos de los animales con esta informaci\u00f3n.<\/p>\n<p>Especificaciones t\u00e9cnicas y precauciones:<\/p>\n<p>1. 21 leds UV (395-400NM)<\/p>\n<p>2. Utiliza 3 pilas AAA<\/p>\n<p>3. Construcci\u00f3n de aluminio de alta resistencia<\/p>\n<p>4. No apunte a los ojos de personas o animales.<\/p>\n<p>Incre\u00edble servicio al cliente \u00a1Nos preocupa el \u00e9xito de su producto y queremos utilizar nuestra experiencia de m\u00e1s de 10 a\u00f1os en el negocio del control electr\u00f3nico de plagas para resolver su problema! Cuando nos compra, no solo obtiene nuestro producto garantizado, sino que tambi\u00e9n obtiene acceso a nuestro sistema de soporte que se preocupa por sus resultados. Estamos comprometidos a brindarle nuestra ayuda y conocimiento sobre c\u00f3mo proceder cuando hay un problema de control de plagas m\u00e1s dif\u00edcil de lo normal.<\/p>\n","protected":false},"excerpt":{"rendered":"<p>LINTERNA UV DETECTOR DE PLAGAS La LINTERNA DETECTOR DE PLAGAS UV tiene muchos usos en el control, detecci\u00f3n y diagn\u00f3stico de diferentes plagas, en el control de roedores permite la<\/p>\n","protected":false},"featured_media":6645,"template":"","meta":[],"product_brand":[],"product_cat":[312,308],"product_tag":[],"class_list":{"0":"post-6644","1":"product","2":"type-product","3":"status-publish","4":"has-post-thumbnail","6":"product_cat-control-electronico-de-plagas-y-repelentes","7":"product_cat-todo-para-el-agro","9":"first","10":"instock","11":"shipping-taxable","12":"purchasable","13":"product-type-simple"},"_links":{"self":[{"href":"https:\/\/pestgate.com\/es\/wp-json\/wp\/v2\/product\/6644","targetHints":{"allow":["GET"]}}],"collection":[{"href":"https:\/\/pestgate.com\/es\/wp-json\/wp\/v2\/product"}],"about":[{"href":"https:\/\/pestgate.com\/es\/wp-json\/wp\/v2\/types\/product"}],"wp:featuredmedia":[{"embeddable":true,"href":"https:\/\/pestgate.com\/es\/wp-json\/wp\/v2\/media\/6645"}],"wp:attachment":[{"href":"https:\/\/pestgate.com\/es\/wp-json\/wp\/v2\/media?parent=6644"}],"wp:term":[{"taxonomy":"product_brand","embeddable":true,"href":"https:\/\/pestgate.com\/es\/wp-json\/wp\/v2\/product_brand?post=6644"},{"taxonomy":"product_cat","embeddable":true,"href":"https:\/\/pestgate.com\/es\/wp-json\/wp\/v2\/product_cat?post=6644"},{"taxonomy":"product_tag","embeddable":true,"href":"https:\/\/pestgate.com\/es\/wp-json\/wp\/v2\/product_tag?post=6644"}],"curies":[{"name":"wp","href":"https:\/\/api.w.org\/{rel}","templated":true}]}}