{"id":6648,"date":"2020-07-20T22:48:31","date_gmt":"2020-07-21T01:48:31","guid":{"rendered":"https:\/\/pestgate.com\/product\/repelente-de-pajaros-electronico-e6\/"},"modified":"2020-07-20T22:48:31","modified_gmt":"2020-07-21T01:48:31","slug":"repelente-de-pajaros-electronico-e6","status":"publish","type":"product","link":"https:\/\/pestgate.com\/es\/producto\/repelente-de-pajaros-electronico-e6\/","title":{"rendered":"Repelente de p\u00e1jaros electr\u00f3nico E6"},"content":{"rendered":"<p>ANTI AVES ELECTR\u00d3NICO E6<\/p>\n<p>El equipo est\u00e1 dise\u00f1ado para repeler palomas, gorriones, cuervos asegurando una protecci\u00f3n completa en interiores y exteriores.<\/p>\n<p>Tiene un sensor de infrarrojos que detecta cualquier variaci\u00f3n de temperatura y dispara la emisi\u00f3n de ultrasonidos o sonido (2 versiones) y las luces estrobosc\u00f3picas. Tiene un sensor de rango de detecci\u00f3n de 70 grados y hasta una distancia de 10 metros.<\/p>\n<p>Las ondas sonoras ultras\u00f3nicas atacan los sistemas nervioso y auditivo de las plagas m\u00e1s comunes, causando dolor e incomodidad.<\/p>\n<p>Con 140 decibeles de presi\u00f3n sonora, las plagas abandonar\u00e1n su fuente de alimento, agua y refugio y seguir\u00e1n adelante, estas ondas sonoras de alta intensidad est\u00e1n m\u00e1s all\u00e1 del rango auditivo de los humanos y la mayor\u00eda de las mascotas dom\u00e9sticas como los perros. , gatos, peces, aves y animales de granja.<\/p>\n<p>Especificaciones: Repelente de p\u00e1jaros electr\u00f3nico<\/p>\n<p>Emite ultrasonidos \/ sonido (seg\u00fan versi\u00f3n) y destellos de luz<br \/>\nRepele a la mayor\u00eda de p\u00e1jaros y murci\u00e9lagos<br \/>\nIdeal para espacios reducidos como balcones y terrazas<br \/>\nMedidas 13x13x11 cm<br \/>\nSeguro y no agresivo para animales como gatos y perros.<br \/>\nPotencia: 4 pilas AA<br \/>\nCubre hasta 70m2<br \/>\nVersi\u00f3n de sonido (Aves) Ultrasonido (Murci\u00e9lagos y Aves)<\/p>\n<p>Incre\u00edble servicio al cliente Estamos preocupados por su \u00e9xito con el repelente y queremos usar nuestra experiencia de m\u00e1s de 10 a\u00f1os en el negocio del control electr\u00f3nico de plagas para resolver su problema. Cuando nos compra, no solo obtiene nuestro producto garantizado, sino que tambi\u00e9n obtiene acceso a nuestro sistema de soporte que se preocupa por sus resultados. Estamos comprometidos a brindarle nuestra ayuda y conocimiento sobre c\u00f3mo proceder cuando haya un problema de control de aves m\u00e1s dif\u00edcil de lo normal.<\/p>\n","protected":false},"excerpt":{"rendered":"<p>ANTI AVES ELECTR\u00d3NICO E6 El equipo est\u00e1 dise\u00f1ado para repeler palomas, gorriones, cuervos asegurando una protecci\u00f3n completa en interiores y exteriores. Tiene un sensor de infrarrojos que detecta cualquier variaci\u00f3n<\/p>\n","protected":false},"featured_media":6649,"template":"","meta":[],"product_brand":[],"product_cat":[312,309,311,310],"product_tag":[],"class_list":{"0":"post-6648","1":"product","2":"type-product","3":"status-publish","4":"has-post-thumbnail","6":"product_cat-control-electronico-de-plagas-y-repelentes","7":"product_cat-repelente-de-animales","8":"product_cat-repelente-de-aves","9":"product_cat-repelente-de-murcielagos","11":"first","12":"instock","13":"shipping-taxable","14":"purchasable","15":"product-type-simple"},"_links":{"self":[{"href":"https:\/\/pestgate.com\/es\/wp-json\/wp\/v2\/product\/6648","targetHints":{"allow":["GET"]}}],"collection":[{"href":"https:\/\/pestgate.com\/es\/wp-json\/wp\/v2\/product"}],"about":[{"href":"https:\/\/pestgate.com\/es\/wp-json\/wp\/v2\/types\/product"}],"wp:featuredmedia":[{"embeddable":true,"href":"https:\/\/pestgate.com\/es\/wp-json\/wp\/v2\/media\/6649"}],"wp:attachment":[{"href":"https:\/\/pestgate.com\/es\/wp-json\/wp\/v2\/media?parent=6648"}],"wp:term":[{"taxonomy":"product_brand","embeddable":true,"href":"https:\/\/pestgate.com\/es\/wp-json\/wp\/v2\/product_brand?post=6648"},{"taxonomy":"product_cat","embeddable":true,"href":"https:\/\/pestgate.com\/es\/wp-json\/wp\/v2\/product_cat?post=6648"},{"taxonomy":"product_tag","embeddable":true,"href":"https:\/\/pestgate.com\/es\/wp-json\/wp\/v2\/product_tag?post=6648"}],"curies":[{"name":"wp","href":"https:\/\/api.w.org\/{rel}","templated":true}]}}