{"id":6652,"date":"2020-07-20T22:48:31","date_gmt":"2020-07-21T01:48:31","guid":{"rendered":"https:\/\/pestgate.com\/product\/repelente-de-pajaros-e36\/"},"modified":"2020-07-20T22:48:31","modified_gmt":"2020-07-21T01:48:31","slug":"repelente-de-pajaros-e36","status":"publish","type":"product","link":"https:\/\/pestgate.com\/es\/producto\/repelente-de-pajaros-e36\/","title":{"rendered":"Repelente de p\u00e1jaros E36"},"content":{"rendered":"<p>Descripci\u00f3n Ahuyentador de p\u00e1jaros E36:<\/p>\n<p>El Ahuyentador de aves emite una serie de peligrosos sonidos de aves y de depredadores para asustar, confundir y desorientar a las aves dentro de un \u00e1rea determinada.<\/p>\n<p>Cuando las aves perciben una situaci\u00f3n peligrosa, emiten se\u00f1ales para notificar a otras aves que el \u00e1rea no es segura.<\/p>\n<p>El erradicador de aves reproduce sonidos naturales para crear un ambiente que no solo es molesto para las aves, sino que tambi\u00e9n perciben que su vida est\u00e1 en peligro y abandonan la zona donde est\u00e1 instalado el equipo.<\/p>\n<p>\u00bfQu\u00e9 aves repele?<\/p>\n<p>Palomas<br \/>\nCuervos<br \/>\nGorriones<br \/>\nGaviotas<br \/>\nBuitres<br \/>\nEtc.<\/p>\n<p>\u00bfDonde puede ser usado?<\/p>\n<p>Aeropuertos<br \/>\nGranjas agr\u00edcolas<br \/>\nMiner\u00eda<br \/>\n\u00c1rboles frutales<br \/>\nTodo tipo de \u00e1reas con problemas de aves.<\/p>\n<p>Caracter\u00edsticas t\u00e9cnicas:<\/p>\n<p>Sistema de altavoces: el sistema incluye 20 altavoces<br \/>\nPersonalizable: Totalmente programable, frecuencia de pitido, volumen y horas de funcionamiento<br \/>\n\u00c1rea de acci\u00f3n: hasta 10 hect\u00e1reas<br \/>\nF\u00e1cil instalaci\u00f3n: la unidad principal y los altavoces son port\u00e1tiles y se pueden montar<br \/>\nSonidos naturales: Bird Eradicator utiliza sonidos grabados de forma natural de se\u00f1ales de peligro de aves, se\u00f1ales de alarma y sonidos de depredadores naturales.<br \/>\nDimensiones: 70x43x38<br \/>\nPanel solar: 40 vatios 50x54x25<br \/>\nFuente de alimentaci\u00f3n: 110 o 220vAC o 12vDC<br \/>\nPresi\u00f3n sonora: 125 db a 1 metro (por altavoz)<br \/>\nFrecuencia: Sonico 2,000-10,000 Hz<br \/>\nPeso 18 kgs<\/p>\n<p>&nbsp;<\/p>\n","protected":false},"excerpt":{"rendered":"<p>Descripci\u00f3n Ahuyentador de p\u00e1jaros E36: El Ahuyentador de aves emite una serie de peligrosos sonidos de aves y de depredadores para asustar, confundir y desorientar a las aves dentro de<\/p>\n","protected":false},"featured_media":6653,"template":"","meta":[],"product_brand":[],"product_cat":[309,311,310,308],"product_tag":[],"class_list":{"0":"post-6652","1":"product","2":"type-product","3":"status-publish","4":"has-post-thumbnail","6":"product_cat-repelente-de-animales","7":"product_cat-repelente-de-aves","8":"product_cat-repelente-de-murcielagos","9":"product_cat-todo-para-el-agro","11":"first","12":"instock","13":"shipping-taxable","14":"purchasable","15":"product-type-simple"},"_links":{"self":[{"href":"https:\/\/pestgate.com\/es\/wp-json\/wp\/v2\/product\/6652","targetHints":{"allow":["GET"]}}],"collection":[{"href":"https:\/\/pestgate.com\/es\/wp-json\/wp\/v2\/product"}],"about":[{"href":"https:\/\/pestgate.com\/es\/wp-json\/wp\/v2\/types\/product"}],"wp:featuredmedia":[{"embeddable":true,"href":"https:\/\/pestgate.com\/es\/wp-json\/wp\/v2\/media\/6653"}],"wp:attachment":[{"href":"https:\/\/pestgate.com\/es\/wp-json\/wp\/v2\/media?parent=6652"}],"wp:term":[{"taxonomy":"product_brand","embeddable":true,"href":"https:\/\/pestgate.com\/es\/wp-json\/wp\/v2\/product_brand?post=6652"},{"taxonomy":"product_cat","embeddable":true,"href":"https:\/\/pestgate.com\/es\/wp-json\/wp\/v2\/product_cat?post=6652"},{"taxonomy":"product_tag","embeddable":true,"href":"https:\/\/pestgate.com\/es\/wp-json\/wp\/v2\/product_tag?post=6652"}],"curies":[{"name":"wp","href":"https:\/\/api.w.org\/{rel}","templated":true}]}}