{"id":6658,"date":"2020-07-20T22:48:31","date_gmt":"2020-07-21T01:48:31","guid":{"rendered":"https:\/\/pestgate.com\/product\/trampa-para-moscas-f4\/"},"modified":"2020-07-20T22:48:31","modified_gmt":"2020-07-21T01:48:31","slug":"trampa-para-moscas-f4","status":"publish","type":"product","link":"https:\/\/pestgate.com\/es\/producto\/trampa-para-moscas-f4\/","title":{"rendered":"Trampa para moscas F4"},"content":{"rendered":"<p>TRAMPA MOSCAS F4<\/p>\n<p>Captura moscas y otros insectos voladores emitiendo luz ultravioleta<\/p>\n<p>La trampa para moscas F4 est\u00e1 equipada con placas adhesivas como medio de captura, son m\u00e1s higi\u00e9nicas y est\u00e1n recomendadas para lugares donde se manipulan alimentos.<\/p>\n<p>Las placas adhesivas est\u00e1n impregnadas de feromonas para potenciar el poder de atracci\u00f3n especialmente de moscas.<\/p>\n<p>La trampa F-4 es una nueva tecnolog\u00eda que se puede utilizar en diferentes ubicaciones, especialmente en lugares donde la est\u00e9tica es muy importante. El producto es solo para uso en interiores. Idealmente, la trampa para moscas deber\u00eda estar en funcionamiento las 24 horas del d\u00eda.<\/p>\n<p>Los insectos se sienten m\u00e1s atra\u00eddos por tampa por la noche cuando no hay competencia de la luz del d\u00eda u otras fuentes de luz.<\/p>\n<p>Beneficios y caracter\u00edsticas generales<\/p>\n<p>Voltaje de funcionamiento 12v<br \/>\nDe acuerdo a Normativa ANMAT, SENASA y BROMATOLOGIA<br \/>\nApto para \u00e1reas de 180m2<br \/>\nLuz LED de alto rendimiento para resultados \u00f3ptimos<br \/>\nPlacas adhesivas impregnadas con feromonas para mayor atracci\u00f3n<br \/>\nMantenimiento sencillo y silencioso<br \/>\nApto para interior<br \/>\nDimensiones 50 * 23 * 13 Cm<\/p>\n<p>Contenido del paquete:<\/p>\n<p>1 trampa con manual<\/p>\n<p>2 piezas de placas adhesivas<\/p>\n<p>2 tornillos y tacos de pared<\/p>\n<p>&nbsp;<\/p>\n","protected":false},"excerpt":{"rendered":"<p>TRAMPA MOSCAS F4 Captura moscas y otros insectos voladores emitiendo luz ultravioleta La trampa para moscas F4 est\u00e1 equipada con placas adhesivas como medio de captura, son m\u00e1s higi\u00e9nicas y<\/p>\n","protected":false},"featured_media":6659,"template":"","meta":[],"product_brand":[],"product_cat":[312,314,313,315],"product_tag":[],"class_list":{"0":"post-6658","1":"product","2":"type-product","3":"status-publish","4":"has-post-thumbnail","6":"product_cat-control-electronico-de-plagas-y-repelentes","7":"product_cat-mata-insectos","8":"product_cat-mata-moscas","9":"product_cat-mata-mosquitos","11":"first","12":"instock","13":"shipping-taxable","14":"purchasable","15":"product-type-simple"},"_links":{"self":[{"href":"https:\/\/pestgate.com\/es\/wp-json\/wp\/v2\/product\/6658","targetHints":{"allow":["GET"]}}],"collection":[{"href":"https:\/\/pestgate.com\/es\/wp-json\/wp\/v2\/product"}],"about":[{"href":"https:\/\/pestgate.com\/es\/wp-json\/wp\/v2\/types\/product"}],"wp:featuredmedia":[{"embeddable":true,"href":"https:\/\/pestgate.com\/es\/wp-json\/wp\/v2\/media\/6659"}],"wp:attachment":[{"href":"https:\/\/pestgate.com\/es\/wp-json\/wp\/v2\/media?parent=6658"}],"wp:term":[{"taxonomy":"product_brand","embeddable":true,"href":"https:\/\/pestgate.com\/es\/wp-json\/wp\/v2\/product_brand?post=6658"},{"taxonomy":"product_cat","embeddable":true,"href":"https:\/\/pestgate.com\/es\/wp-json\/wp\/v2\/product_cat?post=6658"},{"taxonomy":"product_tag","embeddable":true,"href":"https:\/\/pestgate.com\/es\/wp-json\/wp\/v2\/product_tag?post=6658"}],"curies":[{"name":"wp","href":"https:\/\/api.w.org\/{rel}","templated":true}]}}