{"id":6669,"date":"2020-07-20T22:48:31","date_gmt":"2020-07-21T01:48:31","guid":{"rendered":"https:\/\/pestgate.com\/product\/repelente-de-pajaros-electronico-e2\/"},"modified":"2020-07-20T22:48:31","modified_gmt":"2020-07-21T01:48:31","slug":"repelente-de-pajaros-electronico-e2","status":"publish","type":"product","link":"https:\/\/pestgate.com\/es\/producto\/repelente-de-pajaros-electronico-e2\/","title":{"rendered":"Repelente de p\u00e1jaros electr\u00f3nico E2"},"content":{"rendered":"<p>REPELENTE DE AVES<\/p>\n<p>DESCRIPCI\u00d3N:<\/p>\n<p>El Bird Eradicator emite una serie de sonidos de aves en riesgo y sonidos de depredadores para asustar, confundir y desorientar a las aves dentro de un \u00e1rea determinada.<\/p>\n<p>Cuando las aves perciben una situaci\u00f3n peligrosa, emiten se\u00f1ales para notificar a otras aves que el \u00e1rea no es segura.<\/p>\n<p>El Repelente de P\u00e1jaros E2 reproduce sonidos naturales para crear un ambiente que no solo es molesto para las aves sino que tambi\u00e9n percibe que su vida est\u00e1 en peligro y abandona el \u00e1rea donde est\u00e1 instalado el equipo.<\/p>\n<p>\u00bfQu\u00e9 aves repele?<\/p>\n<p>Palomas<br \/>\nCuervos<br \/>\nGorriones<br \/>\nGaviotas<br \/>\nBuitres<br \/>\nEtc.<\/p>\n<p>\u00bfDonde puede ser usado?<\/p>\n<p>Interior y exterior<br \/>\nZonas semicerradas<br \/>\nGalpones y almacenes<br \/>\nSuerte<br \/>\nPuertos<br \/>\nAeropuertos<br \/>\nHogares<br \/>\nGranjas y establos<br \/>\nRestaurantes<br \/>\nEstacionamientos<\/p>\n<p>Todo tipo de \u00e1reas con problemas de aves.<\/p>\n<p>Caracter\u00edsticas t\u00e9cnicas:<\/p>\n<p>Sistema de 4 altavoces: el sistema incluye 4 altavoces independientes<br \/>\nPersonalizable: Totalmente programable, frecuencia de sonidos, volumen y horas de funcionamiento.<br \/>\n\u00c1rea de acci\u00f3n: hasta 24.000 m2 (2,4 ha) en sonido, 3600m2 en ultrasonido<br \/>\nF\u00e1cil instalaci\u00f3n: la unidad principal y los altavoces son port\u00e1tiles y se pueden montar<br \/>\nSonidos naturales: Bird Eradicator utiliza sonidos grabados de forma natural de se\u00f1ales de peligro de aves, se\u00f1ales de alarma y sonidos de depredadores naturales.<br \/>\nDimensiones: Unidad principal: 22 cm x 22 cm x 13 cm, Altavoces: 10 cm x 10 cm x 15 cm<br \/>\nFuente de alimentaci\u00f3n: 110 o 220vAC o 12vDC<br \/>\nPresi\u00f3n sonora: 105-110 db a 1 metro (por altavoz)<br \/>\nFrecuencia: Sonico 3-5 khz Ultras\u00f3nico 15-25 khz<\/p>\n<p>Incre\u00edble servicio al cliente Estamos preocupados por su \u00e9xito con el repelente y queremos usar nuestra experiencia de m\u00e1s de 10 a\u00f1os en el negocio del control electr\u00f3nico de plagas para resolver su problema. Cuando nos compra, no solo obtiene nuestro producto garantizado, sino que tambi\u00e9n obtiene acceso a nuestro sistema de soporte que se preocupa por sus resultados. Estamos comprometidos a brindarle nuestra ayuda y conocimiento sobre c\u00f3mo proceder cuando haya un problema de control de aves m\u00e1s dif\u00edcil de lo normal.<\/p>\n","protected":false},"excerpt":{"rendered":"<p>REPELENTE DE AVES DESCRIPCI\u00d3N: El Bird Eradicator emite una serie de sonidos de aves en riesgo y sonidos de depredadores para asustar, confundir y desorientar a las aves dentro de<\/p>\n","protected":false},"featured_media":6670,"template":"","meta":[],"product_brand":[],"product_cat":[312,313,311],"product_tag":[],"class_list":{"0":"post-6669","1":"product","2":"type-product","3":"status-publish","4":"has-post-thumbnail","6":"product_cat-control-electronico-de-plagas-y-repelentes","7":"product_cat-mata-moscas","8":"product_cat-repelente-de-aves","10":"first","11":"instock","12":"shipping-taxable","13":"purchasable","14":"product-type-simple"},"_links":{"self":[{"href":"https:\/\/pestgate.com\/es\/wp-json\/wp\/v2\/product\/6669","targetHints":{"allow":["GET"]}}],"collection":[{"href":"https:\/\/pestgate.com\/es\/wp-json\/wp\/v2\/product"}],"about":[{"href":"https:\/\/pestgate.com\/es\/wp-json\/wp\/v2\/types\/product"}],"wp:featuredmedia":[{"embeddable":true,"href":"https:\/\/pestgate.com\/es\/wp-json\/wp\/v2\/media\/6670"}],"wp:attachment":[{"href":"https:\/\/pestgate.com\/es\/wp-json\/wp\/v2\/media?parent=6669"}],"wp:term":[{"taxonomy":"product_brand","embeddable":true,"href":"https:\/\/pestgate.com\/es\/wp-json\/wp\/v2\/product_brand?post=6669"},{"taxonomy":"product_cat","embeddable":true,"href":"https:\/\/pestgate.com\/es\/wp-json\/wp\/v2\/product_cat?post=6669"},{"taxonomy":"product_tag","embeddable":true,"href":"https:\/\/pestgate.com\/es\/wp-json\/wp\/v2\/product_tag?post=6669"}],"curies":[{"name":"wp","href":"https:\/\/api.w.org\/{rel}","templated":true}]}}