{"id":6673,"date":"2020-07-20T22:48:31","date_gmt":"2020-07-21T01:48:31","guid":{"rendered":"https:\/\/pestgate.com\/product\/raqueta-mata-moscas\/"},"modified":"2020-07-20T22:48:31","modified_gmt":"2020-07-21T01:48:31","slug":"raqueta-mata-moscas","status":"publish","type":"product","link":"https:\/\/pestgate.com\/es\/producto\/raqueta-mata-moscas\/","title":{"rendered":"Raqueta mata moscas"},"content":{"rendered":"<p>La RAQUETA WIB38 FLY KILLER es la m\u00e1s segura del mercado y apta para el uso de menores ya que no electrocuta insectos sino que los mata con una h\u00e9lice de pl\u00e1stico inofensiva para el ser humano.<\/p>\n<p>Especificaciones:<\/p>\n<p>1. Mata moscas, mosquitos y la mayor\u00eda de insectos voladores.<\/p>\n<p>2. Sin humo, sin electrocuci\u00f3n<\/p>\n<p>3. Apto para uso de menores ya que no existe riesgo de descarga el\u00e9ctrica<\/p>\n<p>4. Utiliza 2 pilas AA<\/p>\n<p>Incre\u00edble servicio al cliente Estamos preocupados por el \u00e9xito de su producto y queremos utilizar nuestra experiencia de m\u00e1s de 10 a\u00f1os en el negocio del control electr\u00f3nico de plagas para resolver su problema. Cuando nos compra, no solo obtiene nuestro producto garantizado, sino que tambi\u00e9n obtiene acceso a nuestro sistema de soporte que se preocupa por sus resultados. Estamos comprometidos a brindarle nuestra ayuda y conocimiento sobre c\u00f3mo proceder cuando hay un problema de control de plagas m\u00e1s dif\u00edcil de lo normal.<\/p>\n","protected":false},"excerpt":{"rendered":"<p>La RAQUETA WIB38 FLY KILLER es la m\u00e1s segura del mercado y apta para el uso de menores ya que no electrocuta insectos sino que los mata con una h\u00e9lice<\/p>\n","protected":false},"featured_media":6674,"template":"","meta":[],"product_brand":[],"product_cat":[314,313,315],"product_tag":[],"class_list":{"0":"post-6673","1":"product","2":"type-product","3":"status-publish","4":"has-post-thumbnail","6":"product_cat-mata-insectos","7":"product_cat-mata-moscas","8":"product_cat-mata-mosquitos","10":"first","11":"instock","12":"shipping-taxable","13":"purchasable","14":"product-type-simple"},"_links":{"self":[{"href":"https:\/\/pestgate.com\/es\/wp-json\/wp\/v2\/product\/6673","targetHints":{"allow":["GET"]}}],"collection":[{"href":"https:\/\/pestgate.com\/es\/wp-json\/wp\/v2\/product"}],"about":[{"href":"https:\/\/pestgate.com\/es\/wp-json\/wp\/v2\/types\/product"}],"wp:featuredmedia":[{"embeddable":true,"href":"https:\/\/pestgate.com\/es\/wp-json\/wp\/v2\/media\/6674"}],"wp:attachment":[{"href":"https:\/\/pestgate.com\/es\/wp-json\/wp\/v2\/media?parent=6673"}],"wp:term":[{"taxonomy":"product_brand","embeddable":true,"href":"https:\/\/pestgate.com\/es\/wp-json\/wp\/v2\/product_brand?post=6673"},{"taxonomy":"product_cat","embeddable":true,"href":"https:\/\/pestgate.com\/es\/wp-json\/wp\/v2\/product_cat?post=6673"},{"taxonomy":"product_tag","embeddable":true,"href":"https:\/\/pestgate.com\/es\/wp-json\/wp\/v2\/product_tag?post=6673"}],"curies":[{"name":"wp","href":"https:\/\/api.w.org\/{rel}","templated":true}]}}