{"id":6677,"date":"2020-07-20T22:48:31","date_gmt":"2020-07-21T01:48:31","guid":{"rendered":"https:\/\/pestgate.com\/product\/trampa-para-moscas-w45\/"},"modified":"2020-09-11T15:13:30","modified_gmt":"2020-09-11T18:13:30","slug":"trampa-para-moscas-w45","status":"publish","type":"product","link":"https:\/\/pestgate.com\/es\/producto\/trampa-para-moscas-w45\/","title":{"rendered":"Trampa para moscas W45"},"content":{"rendered":"<p>Trampa de moscas W45<\/p>\n<p>La trampa para moscas atrae a los insectos con luz ultravioleta y, a su vez, est\u00e1n equipados con placas adhesivas como medio de captura, son m\u00e1s higi\u00e9nicas y est\u00e1n recomendadas para lugares donde se manipulen alimentos, medicinas, hospitales, etc.<\/p>\n<p>A diferencia de los insectocutores cl\u00e1sicos, la trampa de luz con placa adhesiva garantiza una higiene superior ya que los insectos quedan pegados en la placa, sin explosiones, sin humo, sin olor y sin productos qu\u00edmicos.<\/p>\n<p>La trampa W45 es una nueva tecnolog\u00eda que se puede utilizar en diferentes ubicaciones, especialmente en aquellos lugares donde la est\u00e9tica es muy importante, la unidad es segura, confiable y el costo operativo es muy bajo.<\/p>\n<p>Beneficios y caracter\u00edsticas generales<\/p>\n<p>&#8211; De acuerdo a Normativa ANMAT, SENASA y BROMATOLOGIA<br \/>\n&#8211; Apto para \u00e1reas de 180m2 (45 vatios)<br \/>\n&#8211; Luz ultravioleta de alto rendimiento para resultados \u00f3ptimos (3 unidades) \u00a1L\u00e1mparas anti-explosi\u00f3n opcionales!<br \/>\n&#8211; Placas adhesivas impregnadas con feromonas para mayor atracci\u00f3n<br \/>\n&#8211; Mantenimiento sencillo y silencioso<br \/>\n&#8211; Apto para interior y exterior (no exponer a la lluvia)<\/p>\n<p>Es muy importante determinar el lugar de instalaci\u00f3n de la unidad, consulte el manual o contacte con nuestro equipo t\u00e9cnico.<\/p>\n","protected":false},"excerpt":{"rendered":"<p>Trampa de moscas W45 La trampa para moscas atrae a los insectos con luz ultravioleta y, a su vez, est\u00e1n equipados con placas adhesivas como medio de captura, son m\u00e1s<\/p>\n","protected":false},"featured_media":6678,"template":"","meta":[],"product_brand":[],"product_cat":[312,313],"product_tag":[],"class_list":{"0":"post-6677","1":"product","2":"type-product","3":"status-publish","4":"has-post-thumbnail","6":"product_cat-control-electronico-de-plagas-y-repelentes","7":"product_cat-mata-moscas","9":"first","10":"instock","11":"shipping-taxable","12":"purchasable","13":"product-type-simple"},"_links":{"self":[{"href":"https:\/\/pestgate.com\/es\/wp-json\/wp\/v2\/product\/6677","targetHints":{"allow":["GET"]}}],"collection":[{"href":"https:\/\/pestgate.com\/es\/wp-json\/wp\/v2\/product"}],"about":[{"href":"https:\/\/pestgate.com\/es\/wp-json\/wp\/v2\/types\/product"}],"wp:featuredmedia":[{"embeddable":true,"href":"https:\/\/pestgate.com\/es\/wp-json\/wp\/v2\/media\/6678"}],"wp:attachment":[{"href":"https:\/\/pestgate.com\/es\/wp-json\/wp\/v2\/media?parent=6677"}],"wp:term":[{"taxonomy":"product_brand","embeddable":true,"href":"https:\/\/pestgate.com\/es\/wp-json\/wp\/v2\/product_brand?post=6677"},{"taxonomy":"product_cat","embeddable":true,"href":"https:\/\/pestgate.com\/es\/wp-json\/wp\/v2\/product_cat?post=6677"},{"taxonomy":"product_tag","embeddable":true,"href":"https:\/\/pestgate.com\/es\/wp-json\/wp\/v2\/product_tag?post=6677"}],"curies":[{"name":"wp","href":"https:\/\/api.w.org\/{rel}","templated":true}]}}