{"id":6688,"date":"2020-07-20T22:48:31","date_gmt":"2020-07-21T01:48:31","guid":{"rendered":"https:\/\/pestgate.com\/product\/mata-moscas-insectocutor100m2\/"},"modified":"2020-07-20T22:48:31","modified_gmt":"2020-07-21T01:48:31","slug":"mata-moscas-insectocutor100m2","status":"publish","type":"product","link":"https:\/\/pestgate.com\/es\/producto\/mata-moscas-insectocutor100m2\/","title":{"rendered":"Mata moscas insectocutor100m2"},"content":{"rendered":"<p>Insector Matamoscas Ultravioleta 100m2<\/p>\n<p>El insecticida de 100m2 atrae insectos con luz ultravioleta y los electrocuta, es adecuado para moscas, mosquitos y otros insectos voladores.<\/p>\n<p>En su interior hay dos tubos fluorescentes, que utilizan una longitud de onda \u00f3ptima para atraer insectos, tiene una rejilla met\u00e1lica de alto voltaje, que mata a estos insectos, y una bandeja extra\u00edble en la parte inferior para recoger insectos.<\/p>\n<p>El modelo de 100m2 es una nueva tecnolog\u00eda que se puede utilizar en diferentes ubicaciones, por ejemplo: \u00e1reas de barbacoa, patios, terrazas, cocinas.<\/p>\n<p>La unidad es segura, confiable y el costo de operaci\u00f3n es muy bajo, por lo que su uso puede ser tanto comercial como dom\u00e9stico, es ideal para cualquier lugar donde los insectos sean una molestia.<\/p>\n<p>Beneficios y caracter\u00edsticas generales<\/p>\n<p>Cubre \u00e1reas de 100 metros cuadrados<br \/>\nLucha contra moscas, mosquitos y la mayor\u00eda de insectos voladores.<br \/>\nEl costo de mantenimiento muy bajo solo consume 30 vatios<br \/>\nNo utiliza ninguna entrada adicional<br \/>\nConstruido de aluminio con componentes el\u00e9ctricos de calidad.<br \/>\nDise\u00f1o superdelgado<br \/>\nDimensiones 50x8x33cm<br \/>\nGarant\u00eda de 6 meses<\/p>\n<p>Equipo ideal para usar en cocinas, comedores, \u00e1reas de barbacoa, galer\u00edas y cualquier lugar donde los insectos sean una molestia.<\/p>\n<p>Incre\u00edble servicio al cliente \u00a1Nos preocupa el \u00e9xito de su producto y queremos utilizar nuestra experiencia de m\u00e1s de 10 a\u00f1os en el negocio del control electr\u00f3nico de plagas para resolver su problema! Cuando nos compra, no solo obtiene nuestro producto garantizado, sino que tambi\u00e9n obtiene acceso a nuestro sistema de soporte que se preocupa por sus resultados. Estamos comprometidos a brindarle nuestra ayuda y conocimiento sobre c\u00f3mo proceder cuando hay un problema de control de plagas m\u00e1s dif\u00edcil de lo normal.<\/p>\n","protected":false},"excerpt":{"rendered":"<p>Insector Matamoscas Ultravioleta 100m2 El insecticida de 100m2 atrae insectos con luz ultravioleta y los electrocuta, es adecuado para moscas, mosquitos y otros insectos voladores. En su interior hay dos<\/p>\n","protected":false},"featured_media":6687,"template":"","meta":[],"product_brand":[],"product_cat":[314,313,315],"product_tag":[],"class_list":{"0":"post-6688","1":"product","2":"type-product","3":"status-publish","4":"has-post-thumbnail","6":"product_cat-mata-insectos","7":"product_cat-mata-moscas","8":"product_cat-mata-mosquitos","10":"first","11":"instock","12":"shipping-taxable","13":"purchasable","14":"product-type-simple"},"_links":{"self":[{"href":"https:\/\/pestgate.com\/es\/wp-json\/wp\/v2\/product\/6688","targetHints":{"allow":["GET"]}}],"collection":[{"href":"https:\/\/pestgate.com\/es\/wp-json\/wp\/v2\/product"}],"about":[{"href":"https:\/\/pestgate.com\/es\/wp-json\/wp\/v2\/types\/product"}],"wp:featuredmedia":[{"embeddable":true,"href":"https:\/\/pestgate.com\/es\/wp-json\/wp\/v2\/media\/6687"}],"wp:attachment":[{"href":"https:\/\/pestgate.com\/es\/wp-json\/wp\/v2\/media?parent=6688"}],"wp:term":[{"taxonomy":"product_brand","embeddable":true,"href":"https:\/\/pestgate.com\/es\/wp-json\/wp\/v2\/product_brand?post=6688"},{"taxonomy":"product_cat","embeddable":true,"href":"https:\/\/pestgate.com\/es\/wp-json\/wp\/v2\/product_cat?post=6688"},{"taxonomy":"product_tag","embeddable":true,"href":"https:\/\/pestgate.com\/es\/wp-json\/wp\/v2\/product_tag?post=6688"}],"curies":[{"name":"wp","href":"https:\/\/api.w.org\/{rel}","templated":true}]}}