{"id":6692,"date":"2020-07-20T22:48:31","date_gmt":"2020-07-21T01:48:31","guid":{"rendered":"https:\/\/pestgate.com\/product\/mata-mosquitos-120m2\/"},"modified":"2020-07-20T22:48:31","modified_gmt":"2020-07-21T01:48:31","slug":"mata-mosquitos-120m2","status":"publish","type":"product","link":"https:\/\/pestgate.com\/es\/producto\/mata-mosquitos-120m2\/","title":{"rendered":"Mata mosquitos 120m2"},"content":{"rendered":"<p>Mata mosquitos foto trampa catal\u00edtica<br \/>\nMosquito Killer Trap es el \u00fanico sistema que interrumpe el ciclo de reproducci\u00f3n de los mosquitos.<br \/>\nEn los mosquitos, quienes pican son las hembras ya que necesitan sangre para poder aportar prote\u00ednas a los huevos y as\u00ed terminar el ciclo de reproducci\u00f3n. Se calcula que una hembra puede poner entre 100 y 300 huevos tras ingerir sangre, pudiendo realizar varias ingestas a lo largo de su vida.<br \/>\nV-Mart reproduce todas las caracter\u00edsticas humanas para atraer a las hembras como el calor, el di\u00f3xido de carbono y la humedad (ambos por fotocat\u00e1lisis) y eliminarlas. Este proceso de eliminaci\u00f3n permanente de hembras interrumpe la reproducci\u00f3n en la zona donde est\u00e1 instalado el equipo.<br \/>\nAdem\u00e1s, los mosquitos reaccionan de forma sensible a los rayos ultravioleta emitidos por las l\u00e1mparas instaladas en el interior del equipo y por la informaci\u00f3n sexual emitida por los insectos atrapados en el tanque inferior.<br \/>\nEn resumen, la trampa Mosquito Killer atrae y elimina a los mosquitos mediante el uso de un SISTEMA MULTI-ESTIMULADO:<br \/>\n&#8211; Caliente<br \/>\n&#8211; Di\u00f3xido de carbono y humedad (para simular el aliento humano)<br \/>\n&#8211; Atracci\u00f3n UV<br \/>\n&#8211; Informaci\u00f3n sexual para atraer al sexo opuesto<br \/>\nLa producci\u00f3n de di\u00f3xido de carbono y humedad se produce mediante un proceso qu\u00edmico llamado fotocat\u00e1lisis.<br \/>\nLa reacci\u00f3n fotocatal\u00edtica se produce cuando una superficie recubierta por Tio2 (di\u00f3xido de titanio) se irradia con una cierta frecuencia de luz ultravioleta.<br \/>\nLa energ\u00eda de la luz excita el Tio2 provocando la generaci\u00f3n de radicales libres que junto con la luz ultravioleta producen la oxidaci\u00f3n de los contaminantes y bacterias presentes hasta convertirse en Co2 (Di\u00f3xido de Carbono) y H2o (Agua).<br \/>\nMarcha<br \/>\nLos mosquitos son atra\u00eddos y una vez que entran en la trampa son succionados fuertemente por un ventilador ubicado dentro del dispositivo. Los mosquitos no pueden salir debido a la fuerte corriente de aire y mueren por deshidrataci\u00f3n a las pocas horas.<br \/>\nAunque el V-mart Mosquito Killer fue dise\u00f1ado para la eliminaci\u00f3n de mosquitos, tambi\u00e9n captura la mayor\u00eda de los otros insectos voladores como periquitos, hormigas voladoras, mariposas, ciertas especies de moscas, etc.<br \/>\nCaracter\u00edsticas del asesino de mosquitos:<br \/>\n&#8211; 120 metros cuadrados de cobertura<br \/>\n&#8211; No utiliza ning\u00fan tipo de insecticida<br \/>\n&#8211; Solo funciona con electricidad y consume 26W por hora<br \/>\n&#8211; Purifica el aire y esteriliza ciertas bacterias mediante fotocat\u00e1lisis<br \/>\n&#8211; Captura y elimina mosquitos, loros y moscas.<br \/>\n&#8211; Funciona en interiores y exteriores, a la luz del d\u00eda y en la oscuridad.<br \/>\n&#8211; Es totalmente inofensivo para humanos y animales.<br \/>\n&#8211; F\u00e1cil de instalar y manipular (1,7 kg y 16 cm x 30 cm)<br \/>\n&#8211; Vida \u00fatil ilimitada<\/p>\n","protected":false},"excerpt":{"rendered":"<p>Mata mosquitos foto trampa catal\u00edtica Mosquito Killer Trap es el \u00fanico sistema que interrumpe el ciclo de reproducci\u00f3n de los mosquitos. En los mosquitos, quienes pican son las hembras ya<\/p>\n","protected":false},"featured_media":6693,"template":"","meta":[],"product_brand":[],"product_cat":[314,313,315],"product_tag":[],"class_list":{"0":"post-6692","1":"product","2":"type-product","3":"status-publish","4":"has-post-thumbnail","6":"product_cat-mata-insectos","7":"product_cat-mata-moscas","8":"product_cat-mata-mosquitos","10":"first","11":"instock","12":"shipping-taxable","13":"purchasable","14":"product-type-simple"},"_links":{"self":[{"href":"https:\/\/pestgate.com\/es\/wp-json\/wp\/v2\/product\/6692","targetHints":{"allow":["GET"]}}],"collection":[{"href":"https:\/\/pestgate.com\/es\/wp-json\/wp\/v2\/product"}],"about":[{"href":"https:\/\/pestgate.com\/es\/wp-json\/wp\/v2\/types\/product"}],"wp:featuredmedia":[{"embeddable":true,"href":"https:\/\/pestgate.com\/es\/wp-json\/wp\/v2\/media\/6693"}],"wp:attachment":[{"href":"https:\/\/pestgate.com\/es\/wp-json\/wp\/v2\/media?parent=6692"}],"wp:term":[{"taxonomy":"product_brand","embeddable":true,"href":"https:\/\/pestgate.com\/es\/wp-json\/wp\/v2\/product_brand?post=6692"},{"taxonomy":"product_cat","embeddable":true,"href":"https:\/\/pestgate.com\/es\/wp-json\/wp\/v2\/product_cat?post=6692"},{"taxonomy":"product_tag","embeddable":true,"href":"https:\/\/pestgate.com\/es\/wp-json\/wp\/v2\/product_tag?post=6692"}],"curies":[{"name":"wp","href":"https:\/\/api.w.org\/{rel}","templated":true}]}}