{"id":6696,"date":"2020-07-20T22:48:31","date_gmt":"2020-07-21T01:48:31","guid":{"rendered":"https:\/\/pestgate.com\/product\/repelente-de-pajaros-electronico-e1\/"},"modified":"2020-09-11T15:36:15","modified_gmt":"2020-09-11T18:36:15","slug":"repelente-de-pajaros-electronico-e1","status":"publish","type":"product","link":"https:\/\/pestgate.com\/es\/producto\/repelente-de-pajaros-electronico-e1\/","title":{"rendered":"Repelente de p\u00e1jaros electr\u00f3nico E1"},"content":{"rendered":"<p>Descripci\u00f3n Repelente de Aves electronico E1:<br \/>\nEl erradicador de aves emite una serie de sonidos de aves en situaciones de riesgo y sonidos de predadores para asustar, confundir y desorientar las aves dentro de un \u00e1rea determinada.<br \/>\nCuando las aves perciben una situaci\u00f3n de peligro emiten se\u00f1ales para notificar a otras aves que el \u00e1rea no es segura.<br \/>\nEl erradicador de aves reproduce sonidos naturales para crear un ambiente que no solo es molesto para las aves sino que perciben que su vida corre peligro y abandonan el \u00e1rea donde el equipo se encuentra instalado.<br \/>\nQue Aves Repele?<br \/>\nPalomas<br \/>\nCuervos<br \/>\nGorriones<br \/>\nGaviotas<br \/>\nBuitres<br \/>\nEtc.<br \/>\n\u00bfD\u00f3nde puede ser usado?<br \/>\nInteriores y exteriores<br \/>\n\u00c1reas semi cerradas<br \/>\nGalpones y dep\u00f3sitos<br \/>\nFabricas<br \/>\nPuertos<br \/>\nAeropuertos<br \/>\nHogares<br \/>\nGranjas y establos<br \/>\nRestaurantes<br \/>\nEstacionamientos<br \/>\nTodo tipo de area con problemas con aves<br \/>\nCaracter\u00edsticas del repelente de aves electronico:<br \/>\nDimensiones: 15cm x 22cm x 10cm<br \/>\nTotalmente programable, sonidos, intervalos, volumen, etc.<br \/>\nSonidos Reales &#8211; Alta calidad de sonidos digitales<br \/>\n\u00c1rea de acci\u00f3n: 4000m2<br \/>\nAlimentaci\u00f3n: 110 o 220vAC o 12vDC<br \/>\nPresi\u00f3n de sonido: 105-110 db @ 1 Metro<br \/>\nFrecuencia: 3-5 kHz<br \/>\nNormas int .: UL y CE<br \/>\nA prueba de agua<\/p>\n<p>&nbsp;<\/p>\n","protected":false},"excerpt":{"rendered":"<p>Descripci\u00f3n Repelente de Aves electronico E1: El erradicador de aves emite una serie de sonidos de aves en situaciones de riesgo y sonidos de predadores para asustar, confundir y desorientar<\/p>\n","protected":false},"featured_media":6697,"template":"","meta":[],"product_brand":[],"product_cat":[309,311,310],"product_tag":[],"class_list":{"0":"post-6696","1":"product","2":"type-product","3":"status-publish","4":"has-post-thumbnail","6":"product_cat-repelente-de-animales","7":"product_cat-repelente-de-aves","8":"product_cat-repelente-de-murcielagos","10":"first","11":"instock","12":"shipping-taxable","13":"purchasable","14":"product-type-simple"},"_links":{"self":[{"href":"https:\/\/pestgate.com\/es\/wp-json\/wp\/v2\/product\/6696","targetHints":{"allow":["GET"]}}],"collection":[{"href":"https:\/\/pestgate.com\/es\/wp-json\/wp\/v2\/product"}],"about":[{"href":"https:\/\/pestgate.com\/es\/wp-json\/wp\/v2\/types\/product"}],"wp:featuredmedia":[{"embeddable":true,"href":"https:\/\/pestgate.com\/es\/wp-json\/wp\/v2\/media\/6697"}],"wp:attachment":[{"href":"https:\/\/pestgate.com\/es\/wp-json\/wp\/v2\/media?parent=6696"}],"wp:term":[{"taxonomy":"product_brand","embeddable":true,"href":"https:\/\/pestgate.com\/es\/wp-json\/wp\/v2\/product_brand?post=6696"},{"taxonomy":"product_cat","embeddable":true,"href":"https:\/\/pestgate.com\/es\/wp-json\/wp\/v2\/product_cat?post=6696"},{"taxonomy":"product_tag","embeddable":true,"href":"https:\/\/pestgate.com\/es\/wp-json\/wp\/v2\/product_tag?post=6696"}],"curies":[{"name":"wp","href":"https:\/\/api.w.org\/{rel}","templated":true}]}}