{"id":6700,"date":"2020-07-20T22:48:31","date_gmt":"2020-07-21T01:48:31","guid":{"rendered":"https:\/\/pestgate.com\/product\/mata-mosquitos-s3-led\/"},"modified":"2020-09-11T15:18:14","modified_gmt":"2020-09-11T18:18:14","slug":"mata-mosquitos-s3-led","status":"publish","type":"product","link":"https:\/\/pestgate.com\/es\/producto\/mata-mosquitos-s3-led\/","title":{"rendered":"Mata mosquitos S3 LED"},"content":{"rendered":"<h3><span style=\"color: #0000ff;\">Mata Mosquitos electr\u00f3nico S3<\/span><\/h3>\n<h4>MATA MOSQUITOS S3 LED elimina mosquitos mediante la utilizaci\u00f3n de luces ultra violeta para atraer a los insectos y luego una peque\u00f1a turbina dentro de la unidad los aspira y mueren por deshidratacion.<\/h4>\n<h3>Caracter\u00edsticas MATA MOSQUITOS S3 LED:<\/h3>\n<h4>&#8211; 50 metros cuadrados de cobertura<br \/>\n&#8211; Medidas 21x21x8 cm<br \/>\n&#8211; Opera con 12 volts para mayor seguridad<br \/>\n&#8211; Captura y elimina mosquitos, cotorritas, y la mayoria de los insectos voladores<br \/>\n&#8211; Apto para el uso en interiores<br \/>\n&#8211; Es totalmente inofensivo para seres humanos y animales<br \/>\n&#8211; Vida util de las lamparas LED(12) 50.000 horas<br \/>\n&#8211; Vida Util ilimitada<\/h4>\n<p>&nbsp;<\/p>\n","protected":false},"excerpt":{"rendered":"<p>Mata Mosquitos electr\u00f3nico S3 MATA MOSQUITOS S3 LED elimina mosquitos mediante la utilizaci\u00f3n de luces ultra violeta para atraer a los insectos y luego una peque\u00f1a turbina dentro de la<\/p>\n","protected":false},"featured_media":6701,"template":"","meta":[],"product_brand":[],"product_cat":[314],"product_tag":[],"class_list":{"0":"post-6700","1":"product","2":"type-product","3":"status-publish","4":"has-post-thumbnail","6":"product_cat-mata-insectos","8":"first","9":"instock","10":"shipping-taxable","11":"purchasable","12":"product-type-simple"},"_links":{"self":[{"href":"https:\/\/pestgate.com\/es\/wp-json\/wp\/v2\/product\/6700","targetHints":{"allow":["GET"]}}],"collection":[{"href":"https:\/\/pestgate.com\/es\/wp-json\/wp\/v2\/product"}],"about":[{"href":"https:\/\/pestgate.com\/es\/wp-json\/wp\/v2\/types\/product"}],"wp:featuredmedia":[{"embeddable":true,"href":"https:\/\/pestgate.com\/es\/wp-json\/wp\/v2\/media\/6701"}],"wp:attachment":[{"href":"https:\/\/pestgate.com\/es\/wp-json\/wp\/v2\/media?parent=6700"}],"wp:term":[{"taxonomy":"product_brand","embeddable":true,"href":"https:\/\/pestgate.com\/es\/wp-json\/wp\/v2\/product_brand?post=6700"},{"taxonomy":"product_cat","embeddable":true,"href":"https:\/\/pestgate.com\/es\/wp-json\/wp\/v2\/product_cat?post=6700"},{"taxonomy":"product_tag","embeddable":true,"href":"https:\/\/pestgate.com\/es\/wp-json\/wp\/v2\/product_tag?post=6700"}],"curies":[{"name":"wp","href":"https:\/\/api.w.org\/{rel}","templated":true}]}}