{"id":6707,"date":"2020-07-20T22:48:31","date_gmt":"2020-07-21T01:48:31","guid":{"rendered":"https:\/\/pestgate.com\/product\/mata-insectos-solar-3ha\/"},"modified":"2020-07-20T22:48:31","modified_gmt":"2020-07-21T01:48:31","slug":"mata-insectos-solar-3ha","status":"publish","type":"product","link":"https:\/\/pestgate.com\/es\/producto\/mata-insectos-solar-3ha\/","title":{"rendered":"Mata insectos solar 3Ha"},"content":{"rendered":"<p>MATA INSECTOS SOLAR 3Ha<\/p>\n<p>La trampa inteligente SOLAR INSECT KILLER ha sido dise\u00f1ada y desarrollada para uso agr\u00edcola como alternativa a los insecticidas da\u00f1inos, su nueva tecnolog\u00eda avanzada atrae y mata a los insectos da\u00f1inos que est\u00e1n activos durante la noche.<\/p>\n<p>Marcha:<\/p>\n<p>El panel solar carga una bater\u00eda durante el d\u00eda para luego permitir que funcionen las l\u00e1mparas UV del equipo, las l\u00e1mparas UV se encienden autom\u00e1ticamente a trav\u00e9s de un sensor de luz y el sistema de temporizador por la noche.<\/p>\n<p>Estas bombillas \u00fanicas emiten una longitud de onda de luz especial que atrae a los insectos y cuando los insectos entran a 10-20 cent\u00edmetros de la bombilla, desorientan a los insectos y caen en un recipiente con agua ubicado debajo de la luz y se ahogan. La tasa de mortalidad de las plagas que utilizan la trampa inteligente puede alcanzar m\u00e1s del 85%.<\/p>\n<p>El costo de la trampa solar inteligente es sustancialmente menor que el costo de los agroqu\u00edmicos da\u00f1inos. La trampa solar inteligente proporciona un control de plagas multiestacional ecol\u00f3gico durante todo el a\u00f1o y se puede utilizar para matar plagas de arroz, man\u00ed, vegetales, soja, trigo, ma\u00edz, t\u00e9, algod\u00f3n, tabaco, uva, mel\u00f3n, caf\u00e9, manzana, naranja. , pl\u00e1tano, madera, invernadero, ca\u00f1a de az\u00facar, estanque de peces, etc.<\/p>\n<p>Principales caracter\u00edsticas:<\/p>\n<p>\u00c1rea de cobertura 3 Hect\u00e1reas<br \/>\nCaptura y elimina todo tipo de insectos voladores.<br \/>\n2 l\u00e1mparas de 8 vatios de longitud variable 320-680nm<br \/>\nFunciones: control de lluvia, temporizador, protecci\u00f3n de voltaje<br \/>\nDuraci\u00f3n 7-10 a\u00f1os<br \/>\nConstrucci\u00f3n s\u00f3lida, soporta fuertes vientos.<br \/>\nLibre de mantenimiento, f\u00e1cil instalaci\u00f3n.<br \/>\nSin productos qu\u00edmicos<br \/>\nUso privado y comercial (frutales, agricultura, viticultura, etc.)<br \/>\nAdecuado como herramienta de monitoreo<\/p>\n<p>&nbsp;<\/p>\n","protected":false},"excerpt":{"rendered":"<p>MATA INSECTOS SOLAR 3Ha La trampa inteligente SOLAR INSECT KILLER ha sido dise\u00f1ada y desarrollada para uso agr\u00edcola como alternativa a los insecticidas da\u00f1inos, su nueva tecnolog\u00eda avanzada atrae y<\/p>\n","protected":false},"featured_media":6708,"template":"","meta":[],"product_brand":[],"product_cat":[314,313,315],"product_tag":[],"class_list":{"0":"post-6707","1":"product","2":"type-product","3":"status-publish","4":"has-post-thumbnail","6":"product_cat-mata-insectos","7":"product_cat-mata-moscas","8":"product_cat-mata-mosquitos","10":"first","11":"instock","12":"shipping-taxable","13":"purchasable","14":"product-type-simple"},"_links":{"self":[{"href":"https:\/\/pestgate.com\/es\/wp-json\/wp\/v2\/product\/6707","targetHints":{"allow":["GET"]}}],"collection":[{"href":"https:\/\/pestgate.com\/es\/wp-json\/wp\/v2\/product"}],"about":[{"href":"https:\/\/pestgate.com\/es\/wp-json\/wp\/v2\/types\/product"}],"wp:featuredmedia":[{"embeddable":true,"href":"https:\/\/pestgate.com\/es\/wp-json\/wp\/v2\/media\/6708"}],"wp:attachment":[{"href":"https:\/\/pestgate.com\/es\/wp-json\/wp\/v2\/media?parent=6707"}],"wp:term":[{"taxonomy":"product_brand","embeddable":true,"href":"https:\/\/pestgate.com\/es\/wp-json\/wp\/v2\/product_brand?post=6707"},{"taxonomy":"product_cat","embeddable":true,"href":"https:\/\/pestgate.com\/es\/wp-json\/wp\/v2\/product_cat?post=6707"},{"taxonomy":"product_tag","embeddable":true,"href":"https:\/\/pestgate.com\/es\/wp-json\/wp\/v2\/product_tag?post=6707"}],"curies":[{"name":"wp","href":"https:\/\/api.w.org\/{rel}","templated":true}]}}