{"id":6710,"date":"2020-07-20T22:48:31","date_gmt":"2020-07-21T01:48:31","guid":{"rendered":"https:\/\/pestgate.com\/product\/repelente-de-pajaros-inalambrico-e50\/"},"modified":"2020-09-11T15:36:28","modified_gmt":"2020-09-11T18:36:28","slug":"repelente-de-pajaros-inalambrico-e50","status":"publish","type":"product","link":"https:\/\/pestgate.com\/es\/producto\/repelente-de-pajaros-inalambrico-e50\/","title":{"rendered":"Repelente de p\u00e1jaros inal\u00e1mbrico E50"},"content":{"rendered":"<p>ESPANTA AVES E50 INALAMBRICO<br \/>\nDescripci\u00f3n:<\/p>\n<p>El nuevo ESPANTA AVES E50 WIRELESS es un sistema inalambrico que cuenta con una computadora principal que se comunica inalambricamente con las torres emisoras, el erradicador de aves emite una serie de sonidos de aves en situaciones de riesgo y sonidos de depredadores para asustar, confundir y desorientar las aves dentro de un \u00e1rea determinada.<\/p>\n<p>Cuando las aves perciben una situaci\u00f3n de peligro emiten se\u00f1ales para notificar a otras aves que el \u00e1rea no es segura.<\/p>\n<p>El erradicador de aves reproduce sonidos naturales para crear un ambiente que no solo es molesto para las aves sino que perciben que su vida corre peligro y abandonan el \u00e1rea donde el equipo se encuentra instalado.<\/p>\n<p>Que Aves Repele?<\/p>\n<p>Palomas<br \/>\nCuervos<br \/>\nGorriones<br \/>\nGaviotas<br \/>\nBuitres<br \/>\nEtc.<br \/>\n\u00bfD\u00f3nde puede ser usado?<\/p>\n<p>Aeropuertos<br \/>\nExplotaciones agropecuarias<br \/>\nMiner\u00eda<br \/>\nFrutales<br \/>\nTodo tipo de \u00e1rea con problemas con aves<br \/>\nCaracter\u00edsticas T\u00e9cnicas:<\/p>\n<p>Sistema Inalambrico: Se compone de 1 computadora principal y una torre emisora \u200b\u200b(consultar para agregar mas torres)<br \/>\nSistema de altavoces: Cada torre consta de 4 emisores que se alimentan con energ\u00eda solar<br \/>\nPersonalizable: Totalmente programable, frecuencia de los sonidos, volumen, y horas de operaci\u00f3n<br \/>\n\u00c1rea de acci\u00f3n: Hasta 1,6 Hect\u00e1reas por cada torre<br \/>\nDistancia entre la torre y la unidad central: hasta 500 metros<br \/>\nF\u00e1cil Instalaci\u00f3n: La unidad principal y los speakers son portables y montables<br \/>\nSonidos Naturales: El erradicador de aves utiliza sonidos naturalmente grabados de se\u00f1ales de auxilio de aves, se\u00f1ales de alarma y sonidos de predadores naturales<br \/>\nDimensiones Emisor: 19x9x23cm<br \/>\nPanel solar: 40Watts 50x60cm<br \/>\nAlimentacion: 110 o 220vAC o 12vDC<br \/>\nPresion de sonido: 125 db @ 1 metro (por altavoz)<br \/>\nFrecuencia: Sonico 2.000-10.000 Hz<br \/>\nPeso 10 kgs (entre torre y unidad central)<\/p>\n<p>&nbsp;<\/p>\n","protected":false},"excerpt":{"rendered":"<p>ESPANTA AVES E50 INALAMBRICO Descripci\u00f3n: El nuevo ESPANTA AVES E50 WIRELESS es un sistema inalambrico que cuenta con una computadora principal que se comunica inalambricamente con las torres emisoras, el<\/p>\n","protected":false},"featured_media":6711,"template":"","meta":[],"product_brand":[],"product_cat":[311],"product_tag":[],"class_list":{"0":"post-6710","1":"product","2":"type-product","3":"status-publish","4":"has-post-thumbnail","6":"product_cat-repelente-de-aves","8":"first","9":"instock","10":"shipping-taxable","11":"purchasable","12":"product-type-simple"},"_links":{"self":[{"href":"https:\/\/pestgate.com\/es\/wp-json\/wp\/v2\/product\/6710","targetHints":{"allow":["GET"]}}],"collection":[{"href":"https:\/\/pestgate.com\/es\/wp-json\/wp\/v2\/product"}],"about":[{"href":"https:\/\/pestgate.com\/es\/wp-json\/wp\/v2\/types\/product"}],"wp:featuredmedia":[{"embeddable":true,"href":"https:\/\/pestgate.com\/es\/wp-json\/wp\/v2\/media\/6711"}],"wp:attachment":[{"href":"https:\/\/pestgate.com\/es\/wp-json\/wp\/v2\/media?parent=6710"}],"wp:term":[{"taxonomy":"product_brand","embeddable":true,"href":"https:\/\/pestgate.com\/es\/wp-json\/wp\/v2\/product_brand?post=6710"},{"taxonomy":"product_cat","embeddable":true,"href":"https:\/\/pestgate.com\/es\/wp-json\/wp\/v2\/product_cat?post=6710"},{"taxonomy":"product_tag","embeddable":true,"href":"https:\/\/pestgate.com\/es\/wp-json\/wp\/v2\/product_tag?post=6710"}],"curies":[{"name":"wp","href":"https:\/\/api.w.org\/{rel}","templated":true}]}}